{"id":4193,"date":"2023-04-03T14:52:17","date_gmt":"2023-04-03T14:52:17","guid":{"rendered":"https:\/\/curriculum.nbed.ca\/?page_id=4193"},"modified":"2023-11-24T16:20:50","modified_gmt":"2023-11-24T16:20:50","slug":"education-physique-9","status":"publish","type":"page","link":"https:\/\/curriculum.nbed.ca\/fr\/domaines-dapprentissage\/secondaire\/mieux-etre-education-physique\/education-physique-9\/","title":{"rendered":"\u00c9ducation physique 9"},"content":{"rendered":"<div class=\"g-container\">\n<p>En \u00e9ducation physique, en 9<sup>e<\/sup>&nbsp;ann\u00e9e, les apprenants se fixent des objectifs SMART pour am\u00e9liorer leur mieux-\u00eatre physique, \u00e9motionnel et social. Dans leur qu\u00eate d\u2019un mode de vie sain et actif, ils cherchent des occasions d\u2019en apprendre davantage sur la nutrition, les objectifs de condition physique et les principes d\u2019entra\u00eenement. Ils adoptent des comportements respectueux, \u00e9thiques et s\u00e9curitaires pendant les activit\u00e9s et les jeux dans une vari\u00e9t\u00e9 d\u2019environnements. Ils affichent une efficience et une efficacit\u00e9 accrues dans la d\u00e9monstration des concepts et des principes du mouvement. Ils appliquent des strat\u00e9gies et des tactiques apprises aux sch\u00e9mas de jeux offensifs et d\u00e9fensifs. Il est recommand\u00e9 de faire 30&nbsp;minutes d\u2019\u00e9ducation physique structur\u00e9e par jour pour am\u00e9liorer l\u2019endurance, la force, l\u2019\u00e9quilibre et la souplesse. Cela vient soutenir la sant\u00e9 et le mieux-\u00eatre imm\u00e9diats et \u00e0 long terme.<\/p>\n<\/div>\n\n<div class=\"g-container\">\n<p>Lignes directrices relatives \u00e0 la s\u00e9curit\u00e9 en \u00e9ducation physique :<\/p>\n<\/div>\n\n<div class=\"g-container\">\n<ul class=\"wp-block-list\">\n<li><a href=\"https:\/\/www2.gnb.ca\/content\/dam\/gnb\/Departments\/ed\/pdf\/K12\/curric\/Health-PhysicalEducation\/SafetyGuidelinesSecondaryCurricular.pdf\" target=\"_blank\" rel=\"noreferrer noopener\">Curricular<\/a> (anglais seulement)<\/li>\n\n\n\n<li><a href=\"https:\/\/www2.gnb.ca\/content\/dam\/gnb\/Departments\/ed\/pdf\/K12\/curric\/Health-PhysicalEducation\/SafetyGuidelinesSecondaryIntramural.pdf\" target=\"_blank\" rel=\"noreferrer noopener\">Intramural<\/a> (anglais seulement)<\/li>\n\n\n\n<li><a href=\"https:\/\/www2.gnb.ca\/content\/dam\/gnb\/Departments\/ed\/pdf\/K12\/curric\/Health-PhysicalEducation\/SafetyGuidelinesSecondaryInterschoolAthletics.pdf\" target=\"_blank\" rel=\"noreferrer noopener\">Interschool<\/a> (anglais seulement)<\/li>\n<\/ul>\n<\/div>","protected":false},"excerpt":{"rendered":"<p>En \u00e9ducation physique, en 9e&nbsp;ann\u00e9e, les apprenants se fixent des objectifs SMART pour am\u00e9liorer leur mieux-\u00eatre physique, \u00e9motionnel et social. Dans leur qu\u00eate d\u2019un mode de vie sain et actif, ils cherchent des occasions d\u2019en apprendre davantage sur la nutrition, les objectifs de condition physique et les principes d\u2019entra\u00eenement. Ils adoptent des comportements respectueux, \u00e9thiques [&hellip;]<\/p>\n","protected":false},"author":8,"featured_media":0,"parent":2521,"menu_order":0,"comment_status":"closed","ping_status":"closed","template":"pages\/template-subject.php","meta":{"_acf_changed":false,"footnotes":""},"class_list":["post-4193","page","type-page","status-publish","hentry"],"acf":[],"_links":{"self":[{"href":"https:\/\/curriculum.nbed.ca\/fr\/wp-json\/wp\/v2\/pages\/4193","targetHints":{"allow":["GET"]}}],"collection":[{"href":"https:\/\/curriculum.nbed.ca\/fr\/wp-json\/wp\/v2\/pages"}],"about":[{"href":"https:\/\/curriculum.nbed.ca\/fr\/wp-json\/wp\/v2\/types\/page"}],"author":[{"embeddable":true,"href":"https:\/\/curriculum.nbed.ca\/fr\/wp-json\/wp\/v2\/users\/8"}],"replies":[{"embeddable":true,"href":"https:\/\/curriculum.nbed.ca\/fr\/wp-json\/wp\/v2\/comments?post=4193"}],"version-history":[{"count":6,"href":"https:\/\/curriculum.nbed.ca\/fr\/wp-json\/wp\/v2\/pages\/4193\/revisions"}],"predecessor-version":[{"id":7562,"href":"https:\/\/curriculum.nbed.ca\/fr\/wp-json\/wp\/v2\/pages\/4193\/revisions\/7562"}],"up":[{"embeddable":true,"href":"https:\/\/curriculum.nbed.ca\/fr\/wp-json\/wp\/v2\/pages\/2521"}],"wp:attachment":[{"href":"https:\/\/curriculum.nbed.ca\/fr\/wp-json\/wp\/v2\/media?parent=4193"}],"curies":[{"name":"wp","href":"https:\/\/api.w.org\/{rel}","templated":true}]}}