{"id":4085,"date":"2023-04-03T14:55:24","date_gmt":"2023-04-03T14:55:24","guid":{"rendered":"https:\/\/curriculum.nbed.ca\/?page_id=4085"},"modified":"2025-12-19T19:28:43","modified_gmt":"2025-12-19T19:28:43","slug":"sciences-humaines-9","status":"publish","type":"page","link":"https:\/\/curriculum.nbed.ca\/fr\/domaines-dapprentissage\/secondaire\/sciences-humaines\/sciences-humaines-9\/","title":{"rendered":"Sciences humaines 9"},"content":{"rendered":"<div class=\"g-container\">\n<p>Les apprenants ont la possibilit\u00e9 de personnaliser leurs connaissances en explorant les identit\u00e9s canadiennes et l\u2019\u00e9ducation civique dans les cours obligatoires de 9<sup>e<\/sup> et de 10<sup>e<\/sup>&nbsp;ann\u00e9e, ainsi qu\u2019une vaste gamme de cours facultatifs pour appuyer leurs int\u00e9r\u00eats, leurs passions et leur sentiment d\u2019identit\u00e9. Les apprenants aborderont des enjeux persistants partout au Canada et dans le monde et appliqueront les comp\u00e9tences acquises en histoire, en g\u00e9ographie, en \u00e9ducation civique et en \u00e9conomie \u00e0 des probl\u00e8mes r\u00e9els \u00e0 l\u2019\u00e9chelle locale et mondiale. \u00c0 la fin de la 12<sup>e<\/sup>&nbsp;ann\u00e9e, le but est d\u2019avoir un sens aigu de l\u2019agentivit\u00e9 pour apporter des changements, une id\u00e9e claire des syst\u00e8mes qui influencent la vie des citoyens, une solide compr\u00e9hension de sa place et une identit\u00e9 affirm\u00e9e en tant que citoyen du monde.<\/p>\n<\/div>","protected":false},"excerpt":{"rendered":"<p>Les apprenants ont la possibilit\u00e9 de personnaliser leurs connaissances en explorant les identit\u00e9s canadiennes et l\u2019\u00e9ducation civique dans les cours obligatoires de 9e et de 10e&nbsp;ann\u00e9e, ainsi qu\u2019une vaste gamme de cours facultatifs pour appuyer leurs int\u00e9r\u00eats, leurs passions et leur sentiment d\u2019identit\u00e9. Les apprenants aborderont des enjeux persistants partout au Canada et dans le [&hellip;]<\/p>\n","protected":false},"author":8,"featured_media":0,"parent":2474,"menu_order":0,"comment_status":"closed","ping_status":"closed","template":"pages\/template-subject.php","meta":{"_acf_changed":false,"footnotes":""},"class_list":["post-4085","page","type-page","status-publish","hentry"],"acf":[],"_links":{"self":[{"href":"https:\/\/curriculum.nbed.ca\/fr\/wp-json\/wp\/v2\/pages\/4085","targetHints":{"allow":["GET"]}}],"collection":[{"href":"https:\/\/curriculum.nbed.ca\/fr\/wp-json\/wp\/v2\/pages"}],"about":[{"href":"https:\/\/curriculum.nbed.ca\/fr\/wp-json\/wp\/v2\/types\/page"}],"author":[{"embeddable":true,"href":"https:\/\/curriculum.nbed.ca\/fr\/wp-json\/wp\/v2\/users\/8"}],"replies":[{"embeddable":true,"href":"https:\/\/curriculum.nbed.ca\/fr\/wp-json\/wp\/v2\/comments?post=4085"}],"version-history":[{"count":16,"href":"https:\/\/curriculum.nbed.ca\/fr\/wp-json\/wp\/v2\/pages\/4085\/revisions"}],"predecessor-version":[{"id":11241,"href":"https:\/\/curriculum.nbed.ca\/fr\/wp-json\/wp\/v2\/pages\/4085\/revisions\/11241"}],"up":[{"embeddable":true,"href":"https:\/\/curriculum.nbed.ca\/fr\/wp-json\/wp\/v2\/pages\/2474"}],"wp:attachment":[{"href":"https:\/\/curriculum.nbed.ca\/fr\/wp-json\/wp\/v2\/media?parent=4085"}],"curies":[{"name":"wp","href":"https:\/\/api.w.org\/{rel}","templated":true}]}}