{"id":3980,"date":"2023-04-03T14:53:52","date_gmt":"2023-04-03T14:53:52","guid":{"rendered":"https:\/\/curriculum.nbed.ca\/?page_id=3980"},"modified":"2026-02-12T15:14:11","modified_gmt":"2026-02-12T15:14:11","slug":"langues-des-wabanakis-wolastoqey-latuwewakon","status":"publish","type":"page","link":"https:\/\/curriculum.nbed.ca\/fr\/domaines-dapprentissage\/intermediaire\/langues-des-wabanakis\/langues-des-wabanakis-wolastoqey-latuwewakon\/","title":{"rendered":"Langues des wabanakis &#8211; Wolastoqey latuwewakon"},"content":{"rendered":"<div class=\"g-container\">\n<p>Les apprenants des cours de langues wabanakis acqui\u00e8rent les comp\u00e9tences n\u00e9cessaires pour communiquer avec les autres \u00e0 diverses fins tout en apprenant que les langues sont plus que des conversations au quotidien. Ce cours ravive, maintient et pr\u00e9serve les langues wabanakis. La langue est vivante. Elle enseigne le pass\u00e9 et informe le pr\u00e9sent. L\u2019apprentissage de la langue wabanaki vise \u00e0 s\u2019assurer que les apprenants wabanakis sont fiers de leur culture. Gr\u00e2ce \u00e0 la langue, les visions du monde, les c\u00e9r\u00e9monies, les enseignements et la philosophie des peuples wabanakis sont pr\u00e9serv\u00e9s, raviv\u00e9s et restaur\u00e9s \u00e0 leur place l\u00e9gitime.<\/p>\n<\/div>\n\n<div class=\"g-container\">\n<p class=\"has-white-color has-text-color has-background has-link-color wp-elements-da4d80c1614482e7aab2a5a41ba6d7c4\" style=\"background:linear-gradient(135deg,rgb(1,105,96) 0%,rgb(255,255,255) 100%)\"><strong>Pour le personnel \u00e9ducatif :<\/strong><\/p>\n<\/div>\n\n<div class=\"g-container\">\n<div class=\"wp-block-columns is-layout-flex wp-container-core-columns-is-layout-9d6595d7 wp-block-columns-is-layout-flex\">\n<div class=\"wp-block-column is-layout-flow wp-block-column-is-layout-flow\"><div class=\"g-container\">\n<ul class=\"wp-block-list\">\n<li><a href=\"https:\/\/nbed.sharepoint.com\/sites\/OFNE\/SitePages\/Wabanaki-Lan.aspx\">Office of First Nation Education Language Resources <\/a>[NBED)<\/li>\n\n\n\n<li><a href=\"https:\/\/nbed.sharepoint.com\/sites\/OFNE\/SitePages\/World%20of%20Wisdom.aspx\">World of Wisdom<\/a>&nbsp;[NBED]: possibilit\u00e9 de r\u00e9server gratuitement des s\u00e9ances virtuelles, align\u00e9es au curriculum, avec des personnes gardiennes du savoir wabanaki pour le perfectionnement professionnel, les classes et les rassemblements scolaire.<\/li>\n<\/ul>\n<\/div><\/div>\n\n\n\n<div class=\"wp-block-column is-layout-flow wp-block-column-is-layout-flow\"><div class=\"g-container\">\n<p>\u2794 <strong>PL Hub:<\/strong> <a href=\"https:\/\/plhub.nbed.ca\/curriculum-learning-areas\/?dfg_page=1&amp;dfg_filter=333\" data-type=\"link\" data-id=\"https:\/\/plhub.nbed.ca\/curriculum-learning-areas\/?dfg_page=1&amp;dfg_filter=333\" target=\"_blank\" rel=\"noreferrer noopener\">Wabanaki Education<\/a><\/p>\n<\/div><\/div>\n<\/div>\n<\/div>","protected":false},"excerpt":{"rendered":"<p>Les apprenants des cours de langues wabanakis acqui\u00e8rent les comp\u00e9tences n\u00e9cessaires pour communiquer avec les autres \u00e0 diverses fins tout en apprenant que les langues sont plus que des conversations au quotidien. Ce cours ravive, maintient et pr\u00e9serve les langues wabanakis. La langue est vivante. Elle enseigne le pass\u00e9 et informe le pr\u00e9sent. L\u2019apprentissage de [&hellip;]<\/p>\n","protected":false},"author":8,"featured_media":0,"parent":2103,"menu_order":0,"comment_status":"closed","ping_status":"closed","template":"pages\/template-subject.php","meta":{"_acf_changed":false,"footnotes":""},"class_list":["post-3980","page","type-page","status-publish","hentry"],"acf":[],"_links":{"self":[{"href":"https:\/\/curriculum.nbed.ca\/fr\/wp-json\/wp\/v2\/pages\/3980","targetHints":{"allow":["GET"]}}],"collection":[{"href":"https:\/\/curriculum.nbed.ca\/fr\/wp-json\/wp\/v2\/pages"}],"about":[{"href":"https:\/\/curriculum.nbed.ca\/fr\/wp-json\/wp\/v2\/types\/page"}],"author":[{"embeddable":true,"href":"https:\/\/curriculum.nbed.ca\/fr\/wp-json\/wp\/v2\/users\/8"}],"replies":[{"embeddable":true,"href":"https:\/\/curriculum.nbed.ca\/fr\/wp-json\/wp\/v2\/comments?post=3980"}],"version-history":[{"count":8,"href":"https:\/\/curriculum.nbed.ca\/fr\/wp-json\/wp\/v2\/pages\/3980\/revisions"}],"predecessor-version":[{"id":11539,"href":"https:\/\/curriculum.nbed.ca\/fr\/wp-json\/wp\/v2\/pages\/3980\/revisions\/11539"}],"up":[{"embeddable":true,"href":"https:\/\/curriculum.nbed.ca\/fr\/wp-json\/wp\/v2\/pages\/2103"}],"wp:attachment":[{"href":"https:\/\/curriculum.nbed.ca\/fr\/wp-json\/wp\/v2\/media?parent=3980"}],"curies":[{"name":"wp","href":"https:\/\/api.w.org\/{rel}","templated":true}]}}