{"id":3966,"date":"2023-04-03T14:55:24","date_gmt":"2023-04-03T14:55:24","guid":{"rendered":"https:\/\/curriculum.nbed.ca\/?page_id=3966"},"modified":"2024-11-13T13:24:58","modified_gmt":"2024-11-13T13:24:58","slug":"education-civique","status":"publish","type":"page","link":"https:\/\/curriculum.nbed.ca\/fr\/domaines-dapprentissage\/secondaire\/sciences-humaines\/education-civique\/","title":{"rendered":"\u00c9ducation civique"},"content":{"rendered":"<div class=\"g-container\">\n<p>Ce cours porte essentiellement sur les \u00e9l\u00e9ments n\u00e9cessaires pour promouvoir la participation au processus d\u00e9cisionnel d\u00e9mocratique et au discours civil: la citoyennet\u00e9, les processus d\u00e9mocratiques, les droits de la personne et les libert\u00e9s fondamentales. Pour pr\u00e9server une saine d\u00e9mocratie, les \u00e9l\u00e8ves doivent \u00eatre pr\u00e9par\u00e9s \u00e0 examiner la fa\u00e7on dont le pouvoir est acquis, utilis\u00e9 et justifi\u00e9. Ils doivent \u00e9galement \u00eatre pr\u00eats \u00e0 soutenir la protection des droits et libert\u00e9s individuels et collectifs assur\u00e9s dans le cadre de la d\u00e9mocratie constitutionnelle. Cela comprend notamment la citoyennet\u00e9 num\u00e9rique (dans laquelle s\u2019inscrit l\u2019initiation aux m\u00e9dias) et la litt\u00e9ratie des donn\u00e9es (comp\u00e9tences math\u00e9matiques pour la prise de d\u00e9cisions civiques, telles que le raisonnement proportionnel, les statistiques et la th\u00e9orie des graphes). \u00c0 la fin de ce cours, les \u00e9l\u00e8ves seront en mesure d\u2019articuler les droits et responsabilit\u00e9s personnelles et les interactions entre les syst\u00e8mes d\u2019autorit\u00e9, les citoyens et les politiques publiques. Ce cours vise \u00e0 associer l\u2019apprentissage en classe \u00e0 l\u2019apprentissage par l\u2019exp\u00e9rience afin que les apprenants puissent utiliser leurs comp\u00e9tences civiques pour s\u2019engager par rapport \u00e0 des questions qui ont un impact sur eux et sur leurs communaut\u00e9s. Les \u00e9l\u00e8ves seront en mesure d\u2019exercer leur action citoyenne dans les quatre&nbsp;domaines de l\u2019engagement civique (Peck et Sears, 2019) et d\u2019explorer les avantages et les limites du pouvoir et de la gouvernance.<\/p>\n<\/div>","protected":false},"excerpt":{"rendered":"<p>Ce cours porte essentiellement sur les \u00e9l\u00e9ments n\u00e9cessaires pour promouvoir la participation au processus d\u00e9cisionnel d\u00e9mocratique et au discours civil: la citoyennet\u00e9, les processus d\u00e9mocratiques, les droits de la personne et les libert\u00e9s fondamentales. Pour pr\u00e9server une saine d\u00e9mocratie, les \u00e9l\u00e8ves doivent \u00eatre pr\u00e9par\u00e9s \u00e0 examiner la fa\u00e7on dont le pouvoir est acquis, utilis\u00e9 et [&hellip;]<\/p>\n","protected":false},"author":6,"featured_media":0,"parent":2474,"menu_order":0,"comment_status":"closed","ping_status":"closed","template":"pages\/template-subject.php","meta":{"_acf_changed":false,"footnotes":""},"class_list":["post-3966","page","type-page","status-publish","hentry"],"acf":[],"_links":{"self":[{"href":"https:\/\/curriculum.nbed.ca\/fr\/wp-json\/wp\/v2\/pages\/3966","targetHints":{"allow":["GET"]}}],"collection":[{"href":"https:\/\/curriculum.nbed.ca\/fr\/wp-json\/wp\/v2\/pages"}],"about":[{"href":"https:\/\/curriculum.nbed.ca\/fr\/wp-json\/wp\/v2\/types\/page"}],"author":[{"embeddable":true,"href":"https:\/\/curriculum.nbed.ca\/fr\/wp-json\/wp\/v2\/users\/6"}],"replies":[{"embeddable":true,"href":"https:\/\/curriculum.nbed.ca\/fr\/wp-json\/wp\/v2\/comments?post=3966"}],"version-history":[{"count":9,"href":"https:\/\/curriculum.nbed.ca\/fr\/wp-json\/wp\/v2\/pages\/3966\/revisions"}],"predecessor-version":[{"id":9015,"href":"https:\/\/curriculum.nbed.ca\/fr\/wp-json\/wp\/v2\/pages\/3966\/revisions\/9015"}],"up":[{"embeddable":true,"href":"https:\/\/curriculum.nbed.ca\/fr\/wp-json\/wp\/v2\/pages\/2474"}],"wp:attachment":[{"href":"https:\/\/curriculum.nbed.ca\/fr\/wp-json\/wp\/v2\/media?parent=3966"}],"curies":[{"name":"wp","href":"https:\/\/api.w.org\/{rel}","templated":true}]}}