{"id":3964,"date":"2023-04-03T14:55:10","date_gmt":"2023-04-03T14:55:10","guid":{"rendered":"https:\/\/curriculum.nbed.ca\/?page_id=3964"},"modified":"2026-02-12T15:13:45","modified_gmt":"2026-02-12T15:13:45","slug":"langues-des-wabanakis-mikmaq","status":"publish","type":"page","link":"https:\/\/curriculum.nbed.ca\/fr\/domaines-dapprentissage\/intermediaire\/langues-des-wabanakis\/langues-des-wabanakis-mikmaq\/","title":{"rendered":"Langues des Wabanakis &#8211; Mi\u2019kmaq"},"content":{"rendered":"<div class=\"g-container\">\n<p>Les apprenants de la langue mi\u2019kmaw sont expos\u00e9s aux mots de tous les jours, aux concepts et aux pratiques traditionnelles de leur culture autochtone. \u00c0 travers les r\u00e9cits, les observations, l&rsquo;apprentissage pratique, l&rsquo;apprentissage sur place et l&rsquo;exploration, les apprenants se familiarisent avec la langue dans son contexte. Les occasions d&rsquo;apprentissage aupr\u00e8s des gardiens de la langue et des a\u00een\u00e9s sont des \u00e9l\u00e9ments cl\u00e9s de ce programme d&rsquo;apprentissage de la langue. La majorit\u00e9 du temps d\u2019instruction est consacr\u00e9e au d\u00e9veloppement des comp\u00e9tences orales et d&rsquo;\u00e9coute.<\/p>\n<\/div>\n\n<div class=\"g-container\">\n<p class=\"has-white-color has-text-color has-background has-link-color wp-elements-da4d80c1614482e7aab2a5a41ba6d7c4\" style=\"background:linear-gradient(135deg,rgb(1,105,96) 0%,rgb(255,255,255) 100%)\"><strong>Pour le personnel \u00e9ducatif :<\/strong><\/p>\n<\/div>\n\n<div class=\"g-container\">\n<div class=\"wp-block-columns is-layout-flex wp-container-core-columns-is-layout-9d6595d7 wp-block-columns-is-layout-flex\">\n<div class=\"wp-block-column is-layout-flow wp-block-column-is-layout-flow\"><div class=\"g-container\">\n<ul class=\"wp-block-list\">\n<li><a href=\"https:\/\/nbed.sharepoint.com\/sites\/OFNE\/SitePages\/Wabanaki-Lan.aspx\">Office of First Nation Education Language Resources <\/a>[NBED)<\/li>\n\n\n\n<li><a href=\"https:\/\/nbed.sharepoint.com\/sites\/OFNE\/SitePages\/World%20of%20Wisdom.aspx\">World of Wisdom<\/a>\u00a0[NBED]: possibilit\u00e9 de r\u00e9server gratuitement des s\u00e9ances virtuelles, align\u00e9es au curriculum, avec des personnes gardiennes du savoir wabanaki pour le perfectionnement professionnel, les classes et les rassemblements scolaire.<\/li>\n<\/ul>\n<\/div><\/div>\n\n\n\n<div class=\"wp-block-column is-layout-flow wp-block-column-is-layout-flow\"><div class=\"g-container\">\n<p>\u2794 <strong>PL Hub:<\/strong> <a href=\"https:\/\/plhub.nbed.ca\/curriculum-learning-areas\/?dfg_page=1&amp;dfg_filter=333\" data-type=\"link\" data-id=\"https:\/\/plhub.nbed.ca\/curriculum-learning-areas\/?dfg_page=1&amp;dfg_filter=333\" target=\"_blank\" rel=\"noreferrer noopener\">Wabanaki Education<\/a><\/p>\n<\/div><\/div>\n<\/div>\n<\/div>","protected":false},"excerpt":{"rendered":"<p>Les apprenants de la langue mi\u2019kmaw sont expos\u00e9s aux mots de tous les jours, aux concepts et aux pratiques traditionnelles de leur culture autochtone. \u00c0 travers les r\u00e9cits, les observations, l&rsquo;apprentissage pratique, l&rsquo;apprentissage sur place et l&rsquo;exploration, les apprenants se familiarisent avec la langue dans son contexte. Les occasions d&rsquo;apprentissage aupr\u00e8s des gardiens de la [&hellip;]<\/p>\n","protected":false},"author":8,"featured_media":0,"parent":2103,"menu_order":0,"comment_status":"closed","ping_status":"closed","template":"pages\/template-subject.php","meta":{"_acf_changed":false,"footnotes":""},"class_list":["post-3964","page","type-page","status-publish","hentry"],"acf":[],"_links":{"self":[{"href":"https:\/\/curriculum.nbed.ca\/fr\/wp-json\/wp\/v2\/pages\/3964","targetHints":{"allow":["GET"]}}],"collection":[{"href":"https:\/\/curriculum.nbed.ca\/fr\/wp-json\/wp\/v2\/pages"}],"about":[{"href":"https:\/\/curriculum.nbed.ca\/fr\/wp-json\/wp\/v2\/types\/page"}],"author":[{"embeddable":true,"href":"https:\/\/curriculum.nbed.ca\/fr\/wp-json\/wp\/v2\/users\/8"}],"replies":[{"embeddable":true,"href":"https:\/\/curriculum.nbed.ca\/fr\/wp-json\/wp\/v2\/comments?post=3964"}],"version-history":[{"count":17,"href":"https:\/\/curriculum.nbed.ca\/fr\/wp-json\/wp\/v2\/pages\/3964\/revisions"}],"predecessor-version":[{"id":11538,"href":"https:\/\/curriculum.nbed.ca\/fr\/wp-json\/wp\/v2\/pages\/3964\/revisions\/11538"}],"up":[{"embeddable":true,"href":"https:\/\/curriculum.nbed.ca\/fr\/wp-json\/wp\/v2\/pages\/2103"}],"wp:attachment":[{"href":"https:\/\/curriculum.nbed.ca\/fr\/wp-json\/wp\/v2\/media?parent=3964"}],"curies":[{"name":"wp","href":"https:\/\/api.w.org\/{rel}","templated":true}]}}