{"id":2965,"date":"2023-04-25T13:57:44","date_gmt":"2023-04-25T13:57:44","guid":{"rendered":"https:\/\/curriculum.nbed.ca\/cadre-du-programme-detudes\/approches-pedagogiques\/play-and-inquiry-based-learning\/"},"modified":"2024-12-11T18:32:10","modified_gmt":"2024-12-11T18:32:10","slug":"apprentissage-par-le-jeu-et-la-recherche","status":"publish","type":"page","link":"https:\/\/curriculum.nbed.ca\/fr\/cadre-du-programme-detudes\/apprentissage-par-le-jeu-et-la-recherche\/","title":{"rendered":"Apprentissage par le jeu et la recherche"},"content":{"rendered":"<div class=\"g-container\">\n<div class=\"wp-block-columns block-framework cf-style-2 is-layout-flex wp-container-core-columns-is-layout-9d6595d7 wp-block-columns-is-layout-flex\">\n<div class=\"wp-block-column is-layout-flow wp-block-column-is-layout-flow\"><div class=\"g-container\">\n<div class=\"wp-block-columns block-header is-layout-flex wp-container-core-columns-is-layout-9d6595d7 wp-block-columns-is-layout-flex\">\n<div class=\"wp-block-column is-layout-flow wp-block-column-is-layout-flow\"><div class=\"g-container\">\n<h3 class=\"wp-block-heading has-text-align-left\">Apprentissage par le jeu et la recherche<\/h3>\n<\/div><\/div>\n<\/div>\n<\/div>\n\n<div class=\"g-container\">\n<div class=\"wp-block-columns block-main is-layout-flex wp-container-core-columns-is-layout-9d6595d7 wp-block-columns-is-layout-flex\">\n<div class=\"wp-block-column is-layout-flow wp-block-column-is-layout-flow\"><div class=\"g-container\">\n<div class=\"wp-block-columns is-layout-flex wp-container-core-columns-is-layout-9d6595d7 wp-block-columns-is-layout-flex\">\n<div class=\"wp-block-column is-layout-flow wp-block-column-is-layout-flow\"><div class=\"g-container\">\n<h4 class=\"wp-block-heading\">Aper\u00e7u<\/h4>\n<\/div>\n\n<div class=\"g-container\">\n<p>L\u2019apprenant \u00e9tant au centre de cette p\u00e9dagogie, le jeu se veut volontaire, spontan\u00e9 et intrins\u00e8quement motiv\u00e9. Ce type d\u2019apprentissage favorise l\u2019acquisition de connaissances et la pens\u00e9e critique par la participation, l\u2019exp\u00e9rimentation et la d\u00e9couverte amusante. Le jeu ouvre un monde de curiosit\u00e9 pour les apprenants et les enseignants. Il pr\u00e9pare le terrain pour la recherche, qui n\u00e9cessite un questionnement et une enqu\u00eate dirig\u00e9s par l\u2019apprenant sur des int\u00e9r\u00eats et des renseignements. Le jeu et la recherche aident les apprenants \u00e0 faire les liens avec le monde qui les entoure, en suscitant l\u2019\u00e9merveillement et la r\u00e9flexion, ce qui m\u00e8ne \u00e0 une pens\u00e9e plus profonde et plus critique et \u00e0 la r\u00e9solution de probl\u00e8mes.<\/p>\n<\/div>\n\n<div class=\"g-container\">\n<h4 class=\"wp-block-heading\">\u00c9l\u00e9ments<\/h4>\n<\/div>\n\n<div class=\"g-container\">\n<p>L\u2019apprentissage par le jeu et l\u2019apprentissage par la recherche ne sont pas des approches distinctes ni identiques. Autrement dit, le jeu peut \u00eatre pr\u00e9sent sans recherche et la recherche peut \u00eatre pr\u00e9sente sans jeu, mais souvent le jeu et la recherche sont une seule et m\u00eame chose. Le jeu comporte des \u00e9l\u00e9ments comme le choix, l\u2019\u00e9merveillement et le plaisir. La recherche exige un processus it\u00e9ratif d\u2019enqu\u00eate, de r\u00e9flexion et de communication.<\/p>\n<\/div>\n\n<div class=\"g-container\">\n<p>Le jeu et la recherche sont adapt\u00e9s \u00e0 des apprenants de tous les \u00e2ges et peuvent avoir une incidence sur eux. Dans les deux cas, les apprenants acqui\u00e8rent, seuls et en collaboration, une compr\u00e9hension, r\u00e9solvent des probl\u00e8mes, cr\u00e9ent et innovent. Le jeu et la recherche ont l\u2019avantage d\u2019attiser la curiosit\u00e9 et de donner un but \u00e0 l\u2019apprenant. Ils stimulent l\u2019explorateur interne et entra\u00eenent les muscles cognitifs de la d\u00e9couverte. Ces deux types d\u2019activit\u00e9s permettent d\u2019acqu\u00e9rir des connaissances et d\u2019approfondir la compr\u00e9hension du monde.<\/p>\n<\/div>\n\n<div class=\"g-container\">\n<p>Le jeu et la recherche placent l\u2019apprenant au centre. Cependant, lorsqu\u2019il s\u2019agit de concevoir un enseignement visant des objectifs d\u2019apprentissage particuliers, l\u2019enseignant lancera des invitations pr\u00e9cises, proposera du mat\u00e9riel tactile et apportera son soutien et son appui dans le cadre de processus planifi\u00e9s, structur\u00e9s ou guid\u00e9s qui faciliteront l\u2019apprentissage.<\/p>\n<\/div>\n\n<div class=\"g-container\">\n<h4 class=\"wp-block-heading\">Strat\u00e9gies<\/h4>\n<\/div>\n\n<div class=\"g-container\">\n<p><strong>Conception du jeu utile<\/strong><strong><\/strong><\/p>\n<\/div>\n\n<div class=\"g-container\">\n<p>Le jeu est le moment o\u00f9 les apprenants d\u00e9gagent un sens gr\u00e2ce \u00e0 des \u00e9l\u00e9ments provocateurs et \u00e0 des exp\u00e9riences ouvertes tout en explorant de fa\u00e7on cr\u00e9ative le monde qui les entoure. Un environnement stimulant est d\u00e9lib\u00e9r\u00e9ment con\u00e7u pour faciliter l\u2019acquisition d\u2019une vari\u00e9t\u00e9 d\u2019aptitudes, de concepts et de comp\u00e9tences.<\/p>\n<\/div>\n\n<div class=\"g-container\">\n<ul class=\"wp-block-list\">\n<li>R\u00e9fl\u00e9chir \u00e0 l\u2019intention. \u00c9quilibrer le mieux-\u00eatre social, \u00e9motionnel, scolaire et physique, de m\u00eame que l\u2019exploration et l\u2019am\u00e9lioration de l\u2019expression orale.<\/li>\n\n\n\n<li>Cr\u00e9er un environnement. Les \u00e9l\u00e9ments provocateurs (incitations \u00e9crites, verbales ou visuelles qui provoquent l\u2019action de l\u2019apprenant) activent les connaissances ant\u00e9rieures et peuvent servir de tremplin \u00e0 un nouvel apprentissage.<\/li>\n\n\n\n<li>Utiliser un \u00e9ventail de mat\u00e9riel. Il peut s\u2019agir de jouets, de blocs, d\u2019outils, d\u2019objets naturels, d\u2019autre mat\u00e9riel tactile et de ressources disponibles.<\/li>\n\n\n\n<li>Participer au jeu et l\u2019observer. Poser des questions pour \u00e9tayer et approfondir l\u2019apprentissage.<\/li>\n<\/ul>\n<\/div>\n\n<div class=\"g-container\">\n<p>Recueillir des preuves de l\u2019apprentissage pour l\u2019\u00e9valuation et les portfolios.<\/p>\n<\/div>\n\n<div class=\"g-container\">\n<p><strong>Conception de l\u2019apprentissage par la recherche<\/strong><strong><\/strong><\/p>\n<\/div>\n\n<div class=\"g-container\">\n<p>La recherche est ax\u00e9e sur la curiosit\u00e9 et l\u2019\u00e9merveillement des apprenants et sur les questions qui \u00e9mergent de leur exploration et de leurs enqu\u00eates.<\/p>\n<\/div>\n\n<div class=\"g-container\">\n<p>La conception de l\u2019apprentissage commence par la d\u00e9l\u00e9gation progressive des responsabilit\u00e9s au cours du processus de recherche. Cette approche permet de passer avec succ\u00e8s d\u2019un apprentissage dirig\u00e9 par l\u2019enseignant \u00e0 un apprentissage dirig\u00e9 par l\u2019apprenant, ce qui l\u2019autonomise.<\/p>\n<\/div>\n\n<div class=\"g-container\">\n<p>La recherche commence par une question essentielle, une question qui&nbsp;:<\/p>\n<\/div>\n\n<div class=\"g-container\">\n<ul class=\"wp-block-list\">\n<li>exige de faire preuve d\u2019esprit critique pour y r\u00e9pondre;<\/li>\n\n\n\n<li>soul\u00e8ve un d\u00e9bat;<\/li>\n\n\n\n<li>commence par <em>Est-ce que\u2026? Pourquoi\u2026? Et si\u2026? Comment pourrions-nous\u2026?<\/em><\/li>\n<\/ul>\n<\/div>\n\n<div class=\"g-container\">\n<h4 class=\"wp-block-heading\">Ressources <\/h4>\n<\/div>\n\n<div class=\"g-container\">\n<ul class=\"wp-block-list\">\n<li><em>Choice Time<\/em>, Renee&nbsp;Dinnerstein, Heinemann, 2016 | Ce livre s\u2019adresse aux enseignants de la maternelle \u00e0 la deuxi\u00e8me ann\u00e9e. Il fournit des conseils sur la fa\u00e7on de mettre en place des centres de choix qui favorisent le jeu dirig\u00e9 par la recherche en classe.<\/li>\n\n\n\n<li><em>Inquiry Mindset<\/em>, Trevor&nbsp;MacKenzie, Elevate Books Edu, 2019 | Ce livre s\u2019adresse aux enseignants de l\u2019\u00e9cole primaire. Il fournit des conseils sur la fa\u00e7on de tirer parti des interrogations des \u00e9l\u00e8ves et de les transformer en de puissantes occasions d\u2019apprentissage, sur la fa\u00e7on de cultiver l\u2019esprit de recherche de l\u2019enseignant et des \u00e9l\u00e8ves et sur la fa\u00e7on d\u2019adopter une approche de recherche qui aboutit \u00e0 un apprentissage authentique et inspirant.<\/li>\n\n\n\n<li><em>Dive into inquiry<\/em>, Trevor&nbsp;MacKenzie, Elevate Books Edu, 2019 | Ce livre s\u2019adresse \u00e0 tous les enseignants. Il fournit des conseils sur les approches efficaces pour apprendre le processus de recherche.<\/li>\n\n\n\n<li><em>Inquiry Based Early Learning Environments<\/em>, Susan&nbsp;Stacey, Redleaf Press, 2018 | Ce livre s\u2019adresse aux \u00e9ducateurs de la petite enfance. Il explore ce que signifie rechercher et examine en profondeur la recherche men\u00e9e par les enfants.<\/li>\n\n\n\n<li><a href=\"https:\/\/www2.gnb.ca\/content\/dam\/gnb\/Departments\/ed\/pdf\/ELCC\/ECHDPE\/play-and-playfulness.pdf\">Play and Playfulness<\/a> | Guide p\u00e9dagogique, Curriculum \u00e9ducatif pour la petite enfance francophone du Nouveau-Brunswick (secteur anglophone). (en anglais)<\/li>\n\n\n\n<li><a href=\"http:\/\/www.pz.harvard.edu\/sites\/default\/files\/PoP%20USA%20More%20than%20one%20way%20working%20paper_FINAL_25%20Jan%202021.pdf\">More than one way: An approach to teaching that supports playful learning<\/a> | Document de travail sur la p\u00e9dagogie par le jeu. (en anglais)<\/li>\n\n\n\n<li><a href=\"https:\/\/www.naeyc.org\/resources\/pubs\/yc\/nov2018\/inquiry-is-play-playful-participatory-research\">Inquiry is Play: Playful Participatory Research (Voices)<\/a> | NAEYC (en anglais)<\/li>\n\n\n\n<li><a href=\"https:\/\/www.edutopia.org\/article\/how-use-play-learning\">How to Use Play for Learning<\/a> | Edutopia (en anglais)<\/li>\n\n\n\n<li><a href=\"https:\/\/wordpress.oise.utoronto.ca\/robertson\/inquiry\/\">Inquiry-based Learning<\/a> | The Robertson Program, Inquiry-Based Teaching in Mathematics and Science (en anglais)<\/li>\n\n\n\n<li><a href=\"https:\/\/www.queensu.ca\/ctl\/resources\/instructional-strategies\/inquiry-based-learning\">Inquiry-based Learning<\/a> | Queen\u2019s University, Centre for Teaching and Learning (en anglais)<\/li>\n\n\n\n<li><a href=\"https:\/\/nbed.sharepoint.com\/sites\/EnglishasanAdditionalLanguageK-12\/SitePages\/Cultural%20Inclusion%20and%20Social-Emotional%20Adjustmen.aspx\">Culturally Responsive Purposeful Play<\/a> | Pr\u00e9sentations PowerPoint (en anglais)<\/li>\n<\/ul>\n<\/div><\/div>\n<\/div>\n<\/div><\/div>\n<\/div>\n<\/div><\/div>\n<\/div>\n<\/div>","protected":false},"excerpt":{"rendered":"<p>Apprentissage par le jeu et la recherche Aper\u00e7u L\u2019apprenant \u00e9tant au centre de cette p\u00e9dagogie, le jeu se veut volontaire, spontan\u00e9 et intrins\u00e8quement motiv\u00e9. Ce type d\u2019apprentissage favorise l\u2019acquisition de connaissances et la pens\u00e9e critique par la participation, l\u2019exp\u00e9rimentation et la d\u00e9couverte amusante. Le jeu ouvre un monde de curiosit\u00e9 pour les apprenants et les [&hellip;]<\/p>\n","protected":false},"author":6,"featured_media":0,"parent":229,"menu_order":0,"comment_status":"closed","ping_status":"closed","template":"","meta":{"_acf_changed":false,"footnotes":""},"class_list":["post-2965","page","type-page","status-publish","hentry"],"acf":[],"_links":{"self":[{"href":"https:\/\/curriculum.nbed.ca\/fr\/wp-json\/wp\/v2\/pages\/2965","targetHints":{"allow":["GET"]}}],"collection":[{"href":"https:\/\/curriculum.nbed.ca\/fr\/wp-json\/wp\/v2\/pages"}],"about":[{"href":"https:\/\/curriculum.nbed.ca\/fr\/wp-json\/wp\/v2\/types\/page"}],"author":[{"embeddable":true,"href":"https:\/\/curriculum.nbed.ca\/fr\/wp-json\/wp\/v2\/users\/6"}],"replies":[{"embeddable":true,"href":"https:\/\/curriculum.nbed.ca\/fr\/wp-json\/wp\/v2\/comments?post=2965"}],"version-history":[{"count":5,"href":"https:\/\/curriculum.nbed.ca\/fr\/wp-json\/wp\/v2\/pages\/2965\/revisions"}],"predecessor-version":[{"id":9291,"href":"https:\/\/curriculum.nbed.ca\/fr\/wp-json\/wp\/v2\/pages\/2965\/revisions\/9291"}],"up":[{"embeddable":true,"href":"https:\/\/curriculum.nbed.ca\/fr\/wp-json\/wp\/v2\/pages\/229"}],"wp:attachment":[{"href":"https:\/\/curriculum.nbed.ca\/fr\/wp-json\/wp\/v2\/media?parent=2965"}],"curies":[{"name":"wp","href":"https:\/\/api.w.org\/{rel}","templated":true}]}}