{"id":2959,"date":"2023-04-25T13:57:44","date_gmt":"2023-04-25T13:57:44","guid":{"rendered":"https:\/\/curriculum.nbed.ca\/cadre-du-programme-detudes\/approches-pedagogiques\/experiential-learning\/"},"modified":"2024-12-11T18:33:01","modified_gmt":"2024-12-11T18:33:01","slug":"apprentissage-experientiel","status":"publish","type":"page","link":"https:\/\/curriculum.nbed.ca\/fr\/cadre-du-programme-detudes\/apprentissage-experientiel\/","title":{"rendered":"Apprentissage exp\u00e9rientiel"},"content":{"rendered":"<div class=\"g-container\">\n<div class=\"wp-block-columns block-framework cf-style-2 is-layout-flex wp-container-core-columns-is-layout-9d6595d7 wp-block-columns-is-layout-flex\">\n<div class=\"wp-block-column is-layout-flow wp-block-column-is-layout-flow\"><div class=\"g-container\">\n<div class=\"wp-block-columns block-header is-layout-flex wp-container-core-columns-is-layout-9d6595d7 wp-block-columns-is-layout-flex\">\n<div class=\"wp-block-column is-layout-flow wp-block-column-is-layout-flow\"><div class=\"g-container\">\n<h3 class=\"wp-block-heading has-text-align-left\">Apprentissage exp\u00e9rientiel<\/h3>\n<\/div><\/div>\n<\/div>\n<\/div>\n\n<div class=\"g-container\">\n<div class=\"wp-block-columns block-main is-layout-flex wp-container-core-columns-is-layout-9d6595d7 wp-block-columns-is-layout-flex\">\n<div class=\"wp-block-column is-layout-flow wp-block-column-is-layout-flow\"><div class=\"g-container\">\n<div class=\"wp-block-columns is-layout-flex wp-container-core-columns-is-layout-9d6595d7 wp-block-columns-is-layout-flex\">\n<div class=\"wp-block-column is-layout-flow wp-block-column-is-layout-flow\"><div class=\"g-container\">\n<h4 class=\"wp-block-heading\">Aper\u00e7u<\/h4>\n<\/div>\n\n<div class=\"g-container\">\n<p>L\u2019apprentissage exp\u00e9rientiel repose sur l\u2019exp\u00e9rience, l\u2019essai et l\u2019erreur, et la r\u00e9flexion. Les apprenants font preuve de pers\u00e9v\u00e9rance dans le cycle d\u2019apprentissage en prenant des risques, en faisant des erreurs et en appliquant une r\u00e9troaction corrective. L\u2019apprentissage exp\u00e9rientiel peut aussi reposer sur la collectivit\u00e9, \u00eatre fond\u00e9 sur l\u2019acquisition d\u2019aptitudes et faire partie de la pr\u00e9paration \u00e0 la carri\u00e8re et du perfectionnement professionnel (c.-\u00e0-d. le cheminement de vie, d\u2019apprentissage et de travail).<\/p>\n<\/div>\n\n<div class=\"g-container\">\n<h4 class=\"wp-block-heading\">\u00c9l\u00e9ments<\/h4>\n<\/div>\n\n<div class=\"g-container\">\n<p>Les activit\u00e9s d\u2019apprentissage exp\u00e9rientiel permettent aux apprenants de participer \u00e0 un apprentissage concret par l\u2019exp\u00e9rience directe de l\u2019observation, de l\u2019apprentissage ou de l\u2019ex\u00e9cution de travaux et de t\u00e2ches sur le lieu de travail, que ce soit pendant ou en dehors des heures de cours, en ligne ou dans la collectivit\u00e9. Ce type d\u2019apprentissage permet aux apprenants de r\u00e9fl\u00e9chir personnellement \u00e0 leurs centres d\u2019int\u00e9r\u00eat et de les \u00e9largir. Il donne aux apprenants des occasions d\u2019explorer divers choix de carri\u00e8re, d\u2019accro\u00eetre leurs connaissances et d\u2019acqu\u00e9rir des comp\u00e9tences et des attitudes qui leur permettront de contribuer de fa\u00e7on positive \u00e0 la collectivit\u00e9.<\/p>\n<\/div>\n\n<div class=\"g-container\">\n<p>L\u2019apprentissage a lieu par l\u2019exp\u00e9rience, l\u2019essai et l\u2019erreur, et la r\u00e9flexion. Les apprenants font preuve de pers\u00e9v\u00e9rance dans le cycle d\u2019apprentissage en prenant des risques, en faisant des erreurs et en appliquant une r\u00e9troaction corrective. L\u2019apprentissage exp\u00e9rientiel du programme d\u2019\u00e9tudes peut aussi reposer sur la collectivit\u00e9, \u00eatre fond\u00e9 sur l\u2019acquisition d\u2019aptitudes et faire partie de la pr\u00e9paration \u00e0 la carri\u00e8re et du perfectionnement personnel.<\/p>\n<\/div>\n\n<div class=\"g-container\">\n<p>Dans le cadre de l\u2019apprentissage exp\u00e9rientiel, les apprenants vivent une exp\u00e9rience concr\u00e8te li\u00e9e au monde qui les entoure (entre autres, organiser un vote sur un sujet important, faire une observation scientifique ou suivre une recette pour faire des p\u00e2tisseries). Ils ont l\u2019occasion de faire preuve d\u2019agentivit\u00e9 dans leur environnement et l\u2019exp\u00e9rience est transformative.<\/p>\n<\/div>\n\n<div class=\"g-container\">\n<p>Lorsqu\u2019ils participent avec succ\u00e8s \u00e0 l\u2019apprentissage exp\u00e9rientiel, les apprenants&nbsp;:<\/p>\n<\/div>\n\n<div class=\"g-container\">\n<ul class=\"wp-block-list\">\n<li>peuvent expliquer pourquoi ils participent \u00e0 l\u2019activit\u00e9 d\u2019apprentissage exp\u00e9rientiel authentique et d\u00e9crire les liens entre leur apprentissage et le monde qui les entoure (la classe, l\u2019\u00e9cole ou la collectivit\u00e9);<\/li>\n\n\n\n<li>passent par les diff\u00e9rentes \u00e9tapes (conceptualisation, application, activit\u00e9 et r\u00e9flexion) du cycle d\u2019apprentissage exp\u00e9rientiel (savoir, faire et \u00eatre);<\/li>\n\n\n\n<li>expriment leur opinion et font des choix dans la planification et la d\u00e9monstration de leurs apprentissages\/projets, tout en ayant acc\u00e8s \u00e0 leur enseignant et \u00e0 d\u2019autres ressources aux fins de soutien de leurs objectifs d\u2019apprentissage;<\/li>\n\n\n\n<li>participent \u00e0 une r\u00e9flexion finale et \u00e0 la mise en commun de l\u2019exp\u00e9rience et des enseignements tir\u00e9s.<\/li>\n<\/ul>\n<\/div>\n\n<div class=\"g-container\">\n<h4 class=\"wp-block-heading\">Outils<\/h4>\n<\/div>\n\n<div class=\"g-container\">\n<ul class=\"wp-block-list\">\n<li><a href=\"https:\/\/myblueprint.ca\/\">myBlueprint.ca<\/a> | Plateforme virtuelle o\u00f9 les apprenants s\u2019\u00e9valuent, se fixent des objectifs et rassemblent des donn\u00e9es sur leur apprentissage<\/li>\n\n\n\n<li><a href=\"https:\/\/myblueprint.ca\/support\/resources\/education-planner\/1R3ZxvVqBBc4IClUlEnES9\/\">Who am I Portfolio Checklist | myBlueprint<\/a><\/li>\n\n\n\n<li><a href=\"https:\/\/padlet.com\/\">Padlet<\/a> | Outil amusant et facile \u00e0 utiliser pour consigner les r\u00e9flexions et les connaissances des apprenants (en anglais)<\/li>\n\n\n\n<li><a href=\"https:\/\/info.flip.com\/\">Flip<\/a> | Application gratuite de discussion vid\u00e9o (en anglais)<\/li>\n\n\n\n<li><a href=\"https:\/\/ciel.viu.ca\/sites\/default\/files\/experiential_learning_and_the_reflection_process.pdf\">Experiential Learning and the Reflection Process<\/a> | Ressource pour soutenir le processus de r\u00e9flexion du cycle d\u2019apprentissage exp\u00e9rientiel (en anglais)<\/li>\n\n\n\n<li><a href=\"https:\/\/www2.gnb.ca\/content\/gnb\/en\/departments\/education\/k12\/content\/career-connected-learning.html\">Career Connected Learning<\/a> | Modules d\u2019apprentissage comprenant un module de soutien \u00e0 l\u2019apprentissage exp\u00e9rientiel (en anglais)<\/li>\n<\/ul>\n<\/div>\n\n<div class=\"g-container\">\n<h4 class=\"wp-block-heading\">Ressources \u00e0 consulter en ligne<\/h4>\n<\/div>\n\n<div class=\"g-container\">\n<ul class=\"wp-block-list\">\n<li><a href=\"https:\/\/avenirnouveaubrunswick.ca\/histoires-de-reussite\/\">Avenir&nbsp;NB&nbsp;\u2013 Histoires de r\u00e9ussite<\/a><\/li>\n\n\n\n<li><a href=\"https:\/\/centresofexcellencenb.ca\/\">Centres of Excellence<\/a> | Centres permettant aux apprenants d\u2019acqu\u00e9rir des connaissances sp\u00e9cialis\u00e9es par le biais d\u2019un apprentissage virtuel et exp\u00e9rientiel (en anglais)<\/li>\n\n\n\n<li><a href=\"https:\/\/www.unb.ca\/academics\/experientialeducation\/\">University of New Brunswick&nbsp;\u2013 Office of Experiential Education<\/a> (en anglais)<\/li>\n\n\n\n<li><a href=\"https:\/\/www.slideshare.net\/vvvw48\/theory-of-experiential-learning-fields1\">Theory of Experiential Learning<\/a> | Jeu de diapositives tr\u00e8s concis mettant en \u00e9vidence les th\u00e9ories et les applications (en anglais)<\/li>\n\n\n\n<li><a href=\"https:\/\/www.simplypsychology.org\/learning-kolb.html\">Kolb\u2019s Learning Styles and Experiential Learning Cycle<\/a> (en anglais)<\/li>\n\n\n\n<li><a href=\"https:\/\/www.responsiveclassroom.org\/stop-and-think-teaching-students-to-reflect\/\">Stop and Think: Teaching Students to Reflect<\/a> (en anglais)<\/li>\n\n\n\n<li><a href=\"https:\/\/nbed.sharepoint.com\/:b:\/r\/sites\/ProvincialTeam-LSsandCOs\/Shared%20Documents\/General\/ARCHIVES\/Experiential%20Learning\/Experiential%20Learning%20Pedagogies%20Template\/Resources\/ASD-E%20-%20Experiential%20Learning%20Flyer.pdf?csf=1&amp;web=1&amp;e=zRHvii\">ASD-E Experiential Learning Flyer<\/a> (en anglais)<\/li>\n\n\n\n<li><a href=\"https:\/\/www.emploisnb.ca\/explore\/outils\/experientiel?_ga=2.24136441.296498644.1682948663-938557557.1660671195\">EmploisNB&nbsp;\u2013 Apprentissage exp\u00e9rientiel<\/a><\/li>\n\n\n\n<li><a href=\"https:\/\/issuu.com\/oecd.publishing\/docs\/meet-the-future\">Meet the Future: How employers gain from helping young people get career ready<\/a> (en anglais)<\/li>\n\n\n\n<li><a href=\"https:\/\/www2.gnb.ca\/content\/dam\/gnb\/Departments\/ed\/pdf\/Publications\/MiserSurLeMeilleur-AngloSummary.pdf\">Miser sur le meilleur de chacun et chacune<\/a><\/li>\n<\/ul>\n<\/div>\n\n<div class=\"g-container\">\n<h4 class=\"wp-block-heading\">Ressources \u00e0 lire<\/h4>\n<\/div>\n\n<div class=\"g-container\">\n<ul class=\"wp-block-list\">\n<li><a href=\"https:\/\/brocku.ca\/pedagogical-innovation\/resources\/experiential-education\/pedagogy-of-experiential-education\/\">Pedagogy of Experiential Education<\/a> (en anglais)<\/li>\n\n\n\n<li><a href=\"https:\/\/www2.gnb.ca\/content\/dam\/gnb\/Departments\/ed\/pdf\/K12\/policies-politiques\/f\/307F.pdf\">Politique&nbsp;307&nbsp;: Apprentissage exp\u00e9rientiel<\/a><\/li>\n\n\n\n<li><a href=\"https:\/\/www.mcgill.ca\/eln\/files\/eln\/doc_ryerson_bestpracticesryerson.pdf\">Best Practices in Experiential Learning<\/a> | Guide pour la mise en \u0153uvre de l\u2019apprentissage exp\u00e9rientiel en classe (en anglais)<\/li>\n\n\n\n<li><a href=\"https:\/\/www.experientiallearningdepot.com\/experiential-learning-blog\/books-about-experiential-education\">Experiential Learning Blog<\/a> | Id\u00e9es \u00e9ducatives novatrices pour les enseignants de la maternelle \u00e0 la 12<sup>e<\/sup>&nbsp;ann\u00e9e (en anglais)<\/li>\n<\/ul>\n<\/div>\n\n<div class=\"g-container\">\n<h4 class=\"wp-block-heading\">Ressources \u00e0 consulter<\/h4>\n<\/div>\n\n<div class=\"g-container\">\n<ul class=\"wp-block-list\">\n<li><a href=\"https:\/\/myblueprint.ca\/support\/videos\/education-planner\">Tutoriels vid\u00e9o pour les \u00e9l\u00e8ves, les enseignants et les conseillers<\/a> | myBlueprint<\/li>\n<\/ul>\n<\/div><\/div>\n<\/div>\n<\/div><\/div>\n<\/div>\n<\/div><\/div>\n<\/div>\n<\/div>","protected":false},"excerpt":{"rendered":"<p>Apprentissage exp\u00e9rientiel Aper\u00e7u L\u2019apprentissage exp\u00e9rientiel repose sur l\u2019exp\u00e9rience, l\u2019essai et l\u2019erreur, et la r\u00e9flexion. Les apprenants font preuve de pers\u00e9v\u00e9rance dans le cycle d\u2019apprentissage en prenant des risques, en faisant des erreurs et en appliquant une r\u00e9troaction corrective. L\u2019apprentissage exp\u00e9rientiel peut aussi reposer sur la collectivit\u00e9, \u00eatre fond\u00e9 sur l\u2019acquisition d\u2019aptitudes et faire partie de [&hellip;]<\/p>\n","protected":false},"author":6,"featured_media":0,"parent":229,"menu_order":0,"comment_status":"closed","ping_status":"closed","template":"","meta":{"_acf_changed":false,"footnotes":""},"class_list":["post-2959","page","type-page","status-publish","hentry"],"acf":[],"_links":{"self":[{"href":"https:\/\/curriculum.nbed.ca\/fr\/wp-json\/wp\/v2\/pages\/2959","targetHints":{"allow":["GET"]}}],"collection":[{"href":"https:\/\/curriculum.nbed.ca\/fr\/wp-json\/wp\/v2\/pages"}],"about":[{"href":"https:\/\/curriculum.nbed.ca\/fr\/wp-json\/wp\/v2\/types\/page"}],"author":[{"embeddable":true,"href":"https:\/\/curriculum.nbed.ca\/fr\/wp-json\/wp\/v2\/users\/6"}],"replies":[{"embeddable":true,"href":"https:\/\/curriculum.nbed.ca\/fr\/wp-json\/wp\/v2\/comments?post=2959"}],"version-history":[{"count":6,"href":"https:\/\/curriculum.nbed.ca\/fr\/wp-json\/wp\/v2\/pages\/2959\/revisions"}],"predecessor-version":[{"id":9292,"href":"https:\/\/curriculum.nbed.ca\/fr\/wp-json\/wp\/v2\/pages\/2959\/revisions\/9292"}],"up":[{"embeddable":true,"href":"https:\/\/curriculum.nbed.ca\/fr\/wp-json\/wp\/v2\/pages\/229"}],"wp:attachment":[{"href":"https:\/\/curriculum.nbed.ca\/fr\/wp-json\/wp\/v2\/media?parent=2959"}],"curies":[{"name":"wp","href":"https:\/\/api.w.org\/{rel}","templated":true}]}}