{"id":2850,"date":"2023-04-25T14:07:57","date_gmt":"2023-04-25T14:07:57","guid":{"rendered":"https:\/\/curriculum.nbed.ca\/cadre-du-programme-detudes\/nos-enseignements-etre-et-devenir-globalement-competent\/sustainability-and-global-citizenship\/"},"modified":"2023-09-06T14:54:46","modified_gmt":"2023-09-06T14:54:46","slug":"durabilite-et-citoyennete-mondiale","status":"publish","type":"page","link":"https:\/\/curriculum.nbed.ca\/fr\/cadre-du-programme-detudes\/nos-enseignements-etre-et-devenir-globalement-competent\/durabilite-et-citoyennete-mondiale\/","title":{"rendered":"Durabilit\u00e9 et citoyennet\u00e9 mondiale\u00a0"},"content":{"rendered":"<div class=\"g-container\">\n<div class=\"wp-block-columns block-framework cf-style-3 is-layout-flex wp-container-core-columns-is-layout-9d6595d7 wp-block-columns-is-layout-flex\">\n<div class=\"wp-block-column is-layout-flow wp-block-column-is-layout-flow\"><div class=\"g-container\">\n<div class=\"wp-block-columns block-header is-layout-flex wp-container-core-columns-is-layout-9d6595d7 wp-block-columns-is-layout-flex\">\n<div class=\"wp-block-column is-layout-flow wp-block-column-is-layout-flow\"><div class=\"g-container\">\n<h3 class=\"wp-block-heading has-text-align-left\">Durabilit\u00e9 et citoyennet\u00e9 mondiale<strong>&nbsp;<\/strong><\/h3>\n<\/div><\/div>\n<\/div>\n<\/div>\n\n<div class=\"g-container\">\n<div class=\"wp-block-columns block-main is-layout-flex wp-container-core-columns-is-layout-9d6595d7 wp-block-columns-is-layout-flex\">\n<div class=\"wp-block-column is-layout-flow wp-block-column-is-layout-flow\"><div class=\"g-container\">\n<h4 class=\"wp-block-heading\">\u00caTRE ET DEVENIR GLOBALEMENT COMP\u00c9TENT<\/h4>\n<\/div>\n\n<div class=\"g-container\">\n<div class=\"wp-block-columns padding-btm25 is-layout-flex wp-container-core-columns-is-layout-9d6595d7 wp-block-columns-is-layout-flex\">\n<div class=\"wp-block-column is-layout-flow wp-block-column-is-layout-flow\" style=\"flex-basis:100%\"><div class=\"g-container\">\n<p><em>\u00catre et devenir comp\u00e9tent en <\/em>durabilit\u00e9 et en citoyennet\u00e9 mondiale signifie analyser et reconna\u00eetre des conceptions du monde diversifi\u00e9es, ainsi que traiter des enjeux sociaux, \u00e9cologiques et \u00e9conomiques essentiels \u00e0 la vie dans un monde contemporain, interd\u00e9pendant et durable. Ce principe englobe aussi l\u2019acquisition des connaissances, des attitudes et des aptitudes n\u00e9cessaires pour \u00eatre des citoyens engag\u00e9s et saisir la diversit\u00e9 des points de vue.&nbsp;<\/p>\n<\/div>\n\n<div class=\"g-container\">\n<p><strong>Les apprenants comprennent l\u2019interd\u00e9pendance des forces sociales, \u00e9cologiques et \u00e9conomiques, de m\u00eame que leur influence sur les personnes, soci\u00e9t\u00e9s et pays. Par exemple:&nbsp;<\/strong><\/p>\n<\/div>\n\n<div class=\"g-container\">\n<ul class=\"wp-block-list\">\n<li>J\u2019examine les syst\u00e8mes (locaux, r\u00e9gionaux, nationaux, mondiaux) afin de comprendre leur influence.&nbsp;<\/li>\n\n\n\n<li>J\u2019analyse la fa\u00e7on dont les collectivit\u00e9s s\u2019attaquent aux probl\u00e8mes pour veiller \u00e0 inclure les diff\u00e9rents int\u00e9r\u00eats et identit\u00e9s d\u2019ordre social et culture.&nbsp;<\/li>\n<\/ul>\n<\/div>\n\n<div class=\"g-container\">\n<p><strong>Les apprenants reconnaissent la discrimination et d\u00e9fendent les principes de l\u2019\u00e9quit\u00e9, des droits de la personne et de la participation d\u00e9mocratique. Par exemple:&nbsp;<\/strong><\/p>\n<\/div>\n\n<div class=\"g-container\">\n<ul class=\"wp-block-list\">\n<li>Je rep\u00e8re l\u2019absence de traitement juste (genre, statut socio-\u00e9conomique, culture, religion, \u00e2ge, etc.).&nbsp;<\/li>\n\n\n\n<li>Je d\u00e9fends les int\u00e9r\u00eats des autres.&nbsp;<\/li>\n\n\n\n<li>Je prends des mesures pour appuyer la diversit\u00e9 et les droits de la personne.&nbsp;<\/li>\n\n\n\n<li>Je participe \u00e0 des interactions interculturelles ouvertes, appropri\u00e9es et efficaces.&nbsp;<\/li>\n\n\n\n<li>J&rsquo;utilise la comp\u00e9tence culturelle dans mes interactions.&nbsp;<\/li>\n<\/ul>\n<\/div>\n\n<div class=\"g-container\">\n<p><strong>Les apprenants comprennent les visions du monde, les traditions, les valeurs, les coutumes et les connaissances autochtones. Par exemple:&nbsp;<\/strong><\/p>\n<\/div>\n\n<div class=\"g-container\">\n<ul class=\"wp-block-list\">\n<li>Je respecte la culture, les droits et l\u2019exp\u00e9rience autochtones.&nbsp;<\/li>\n\n\n\n<li>Je reconnais et comprends les implications des Trait\u00e9s de paix et d\u2019amiti\u00e9.&nbsp;<\/li>\n\n\n\n<li>Je reconnais la contribution des Peuples autochtones.&nbsp;<\/li>\n\n\n\n<li>Je m\u2019efforce d\u2019\u00eatre un chef de file en mati\u00e8re de r\u00e9conciliation en reconnaissant le territoire, la langue et l\u2019histoire des peuples Mi\u2019kmaq, Wolastoqey et Peskotomuhkati.&nbsp;<\/li>\n\n\n\n<li>J\u2019accepte et respecte les points de vue des peuples mi\u2019kmaq, wolastoqey et peskotomuhkati.&nbsp;<\/li>\n<\/ul>\n<\/div>\n\n<div class=\"g-container\">\n<p><strong>Les apprenants acqui\u00e8rent des connaissances de gens diversifi\u00e9s et en leur compagnie, se forgent une compr\u00e9hension interculturelle et comprennent les forces qui influencent les personnes et soci\u00e9t\u00e9s. Par exemple:&nbsp;<\/strong><\/p>\n<\/div>\n\n<div class=\"g-container\">\n<ul class=\"wp-block-list\">\n<li>Je valorise diff\u00e9rentes cultures et exp\u00e9riences.&nbsp;<\/li>\n\n\n\n<li>J\u2019\u00e9coute et comprends divers points de vue et exp\u00e9riences.&nbsp;<\/li>\n\n\n\n<li>Je participe \u00e0 des interactions interculturelles ouvertes, appropri\u00e9es et efficaces.&nbsp;<\/li>\n\n\n\n<li>J\u2019ai recours au savoir-faire culturel dans mes interactions.&nbsp;<\/li>\n<\/ul>\n<\/div>\n\n<div class=\"g-container\">\n<p><strong>Les apprenants posent des gestes et prennent des d\u00e9cisions responsables en fonction du contexte social, des environnements naturels et de la qualit\u00e9 de vie pour tous, dans l\u2019imm\u00e9diat et pour l\u2019avenir. Par exemple:&nbsp;<\/strong><\/p>\n<\/div>\n\n<div class=\"g-container\">\n<ul class=\"wp-block-list\">\n<li>Je recueille des renseignements et des points de vue pertinents pour \u00e9clairer des r\u00e9flexions, des actions et des convictions.&nbsp;<\/li>\n\n\n\n<li>J\u2019\u00e9value dans quelle mesure les solutions retenues impactent les relations ou la qualit\u00e9 de vie.&nbsp;<\/li>\n<\/ul>\n<\/div>\n\n<div class=\"g-container\">\n<p><strong>Les apprenants contribuent \u00e0 la soci\u00e9t\u00e9 et \u00e0 la culture des collectivit\u00e9s locales, nationales, mondiales et virtuelles de fa\u00e7on responsable, inclusive, imputable, durable et \u00e9thique. Par exemple:&nbsp;<\/strong><\/p>\n<\/div>\n\n<div class=\"g-container\">\n<ul class=\"wp-block-list\">\n<li>Je fais preuve de leadership et d\u2019intendance pour favoriser des collectivit\u00e9s durables et saines.&nbsp;<\/li>\n\n\n\n<li>Je d\u00e9fends l\u2019\u00e9quit\u00e9 et la durabilit\u00e9.&nbsp;<\/li>\n\n\n\n<li>Je participe \u00e0 des initiatives locales, nationales et mondiales pour faire une diff\u00e9rence positive.&nbsp;<\/li>\n\n\n\n<li>Je cr\u00e9e du contenu num\u00e9rique responsable.&nbsp;<\/li>\n<\/ul>\n<\/div>\n\n<div class=\"g-container\">\n<p><strong>Les apprenants s\u2019int\u00e8grent \u00e0 des r\u00e9seaux d\u2019une mani\u00e8re s\u00fbre et socialement responsable. Par exemple:<\/strong><\/p>\n<\/div>\n\n<div class=\"g-container\">\n<ul class=\"wp-block-list\">\n<li>Je me soucie de la s\u00e9curit\u00e9 et de la responsabilit\u00e9 sociale dans le monde r\u00e9el et les domaines virtuels.<\/li>\n\n\n\n<li>Je cr\u00e9e un profil num\u00e9rique positif.<\/li>\n<\/ul>\n<\/div>\n\n<div class=\"g-container\">\n<h3 class=\"wp-block-heading\">Cultiver et enseigner la durabilit\u00e9 et de la citoyennet\u00e9 mondiale&nbsp;<\/h3>\n<\/div>\n\n<div class=\"g-container\">\n<p>Le fait d\u2019\u00eatre et devenir des citoyens responsables socialement est une obligation universelle qui est int\u00e9gr\u00e9e dans chacun des objectifs d\u2019apprentissage, de la petite enfance jusqu\u2019apr\u00e8s l\u2019obtention du dipl\u00f4me. La priorisation d\u2019une approche d\u2019apprentissage ax\u00e9e sur les forces permet aux apprenants de pr\u00e9senter et de c\u00e9l\u00e9brer d\u2019autres cultures et fa\u00e7ons de savoir, d\u2019\u00eatre et de faire. Cette fa\u00e7on d\u2019apprendre renforce la capacit\u00e9 des apprenants \u00e0 reconna\u00eetre leur sp\u00e9cificit\u00e9 et celle des autres. La compr\u00e9hension commune des \u00eatres humains et non humains avec qui nous partageons ce monde augmente l\u2019empathie et renforce les liens avec les autres et l\u2019environnement. Alors que les apprenants explorent l\u2019interconnectivit\u00e9 des personnes, des animaux et de la plan\u00e8te, ils remettent en question les pratiques in\u00e9quitables qui m\u00e8nent \u00e0 l\u2019exclusion ou \u00e0 la discrimination et favorisent la pratique de l\u2019\u00e9quit\u00e9. Dans la vie quotidienne des centres d\u2019apprentissage, cette comp\u00e9tence valorise et d\u00e9veloppe les pratiques et les strat\u00e9gies responsables sur le plan social et environnemental.&nbsp;<\/p>\n<\/div>\n\n<div class=\"g-container\">\n<p>La p\u00e9dagogie, les concepts, les comp\u00e9tences, le milieu et les contextes d\u2019apprentissage favorisent l\u2019acquisition de la durabilit\u00e9 et de la citoyennet\u00e9 mondiale. Voici comment les objectifs (EPE) et les mati\u00e8res (maternelle \u00e0 12e ann\u00e9e) travaillent cette comp\u00e9tence au fil du temps:&nbsp;<\/p>\n<\/div>\n\n<div class=\"g-container\">\n<h4 class=\"wp-block-heading\">Cadres d\u2019apprentissage \u2013 \u00e9ducation de la petite enfance<strong>&nbsp;<\/strong><\/h4>\n<\/div>\n\n<div class=\"g-container\">\n<p>Pendant la petite enfance, les objectifs d\u2019apprentissage se compl\u00e8tent tous pour \u00e9tablir les bases n\u00e9cessaires \u00e0 l\u2019acquisition de cette comp\u00e9tence; l&rsquo;objectif en gras est le plus align\u00e9.&nbsp;<\/p>\n<\/div>\n\n<div class=\"g-container\">\n<ul class=\"wp-block-list\">\n<li>Communication et litt\u00e9raties&nbsp;<\/li>\n\n\n\n<li>Mieux-\u00eatre&nbsp;<\/li>\n\n\n\n<li>Jeu et esprit ludique&nbsp;<\/li>\n\n\n\n<li>Diversit\u00e9 et responsabilit\u00e9 sociale&nbsp;<\/li>\n<\/ul>\n<\/div>\n\n<div class=\"g-container\">\n<h4 class=\"wp-block-heading\">Arts de la langue anglaise&nbsp;<\/h4>\n<\/div>\n\n<div class=\"g-container\">\n<p>Pour d\u00e9montrer une compr\u00e9hension de la durabilit\u00e9 et de la citoyennet\u00e9 mondiale dans les cours d\u2019arts de la langue anglaise, les apprenants:&nbsp;<\/p>\n<\/div>\n\n<div class=\"g-container\">\n<ul class=\"wp-block-list\">\n<li>acqui\u00e8rent un sens de l\u2019identit\u00e9 culturelle et une compr\u00e9hension de la contribution des diverses cultures \u00e0 la soci\u00e9t\u00e9;&nbsp;<\/li>\n\n\n\n<li>envisagent les probl\u00e8mes et les exp\u00e9riences d\u2019un \u00e9ventail de points de vue, explorent leur identit\u00e9 et leurs valeurs et r\u00e9fl\u00e9chissent aux liens qu\u2019ils partagent avec l\u2019humanit\u00e9;&nbsp;<\/li>\n\n\n\n<li>participent \u00e0 des communaut\u00e9s linguistiques de plus en plus grandes, depuis l\u2019interaction sociale au sein de la salle de classe jusqu\u2019\u00e0 la communication avec des correspondants et des publics provinciaux, nationaux et mondiaux.&nbsp;<\/li>\n<\/ul>\n<\/div>\n\n<div class=\"g-container\">\n<h4 class=\"wp-block-heading\">Arts plastiques&nbsp;<\/h4>\n<\/div>\n\n<div class=\"g-container\">\n<p>La durabilit\u00e9 et la citoyennet\u00e9 mondiale en enseignement des arts exigent de r\u00e9fl\u00e9chir aux diverses conceptions et perspectives du monde et de les appr\u00e9cier. Les apprenants:&nbsp;<\/p>\n<\/div>\n\n<div class=\"g-container\">\n<ul class=\"wp-block-list\">\n<li>examinent la relation entre les arts, les soci\u00e9t\u00e9s et les milieux et viennent \u00e0 comprendre la richesse de l\u2019expression culturelle;&nbsp;<\/li>\n\n\n\n<li>montrent une prise de conscience critique et une valorisation des arts des personnes et des groupes culturels dans des contextes locaux et mondiaux et en tant que t\u00e9moin de l\u2019exp\u00e9rience et des expressions humaines.&nbsp;<\/li>\n<\/ul>\n<\/div>\n\n<div class=\"g-container\">\n<h4 class=\"wp-block-heading\">Fran\u00e7ais&nbsp;<\/h4>\n<\/div>\n\n<div class=\"g-container\">\n<p>Pour d\u00e9montrer une compr\u00e9hension de la durabilit\u00e9 et de la citoyennet\u00e9 mondiale dans les cours de fran\u00e7ais langue seconde, les apprenants:&nbsp;<\/p>\n<\/div>\n\n<div class=\"g-container\">\n<ul class=\"wp-block-list\">\n<li>apprennent une langue seconde ou additionnelle;&nbsp;<\/li>\n\n\n\n<li>apprennent aupr\u00e8s et avec des personnes diversifi\u00e9es;&nbsp;<\/li>\n\n\n\n<li>acqui\u00e8rent des connaissances transculturelles;&nbsp;<\/li>\n\n\n\n<li>apprennent \u00e0 appr\u00e9cier les forces ayant une influence sur les personnes et les soci\u00e9t\u00e9s;&nbsp;<\/li>\n\n\n\n<li>explorent les questions entourant des sujets comme l\u2019\u00e9quit\u00e9, les droits de la personne et la durabilit\u00e9 dans le contexte de l\u2019apprentissage d\u2019une langue.&nbsp;<\/li>\n<\/ul>\n<\/div>\n\n<div class=\"g-container\">\n<h4 class=\"wp-block-heading\">Immersion fran\u00e7aise&nbsp;<\/h4>\n<\/div>\n\n<div class=\"g-container\">\n<p>Les apprenants doivent adopter un comportement responsable et contribuer positivement \u00e0 la qualit\u00e9 et \u00e0 la durabilit\u00e9 de leur environnement, des collectivit\u00e9s et de la soci\u00e9t\u00e9. Les apprenants:&nbsp;<\/p>\n<\/div>\n\n<div class=\"g-container\">\n<ul class=\"wp-block-list\">\n<li>\u00e9valuent l\u2019interd\u00e9pendance sociale, culturelle, \u00e9conomique et environnementale.&nbsp;<\/li>\n\n\n\n<li>Agissent \u00e0 titre d&rsquo;intendants \u00e0 l&rsquo;\u00e9chelle locale, nationale et mondiale<\/li>\n\n\n\n<li>d\u00e9couvrent, comprennent, et appr\u00e9cient diverses cultures, et en particulier les communaut\u00e9s francophones, qui sont une composante int\u00e9grale du programme de l\u2019immersion fran\u00e7aise.&nbsp;<\/li>\n<\/ul>\n<\/div>\n\n<div class=\"g-container\">\n<h4 class=\"wp-block-heading\">Math\u00e9matiques&nbsp;<\/h4>\n<\/div>\n\n<div class=\"g-container\">\n<p>La durabilit\u00e9 et la citoyennet\u00e9 mondiale en math\u00e9matiques n\u00e9cessitent des perspectives locales et mondiales lors de la recherche et de la r\u00e9solution de probl\u00e8mes math\u00e9matiques syst\u00e9miques. Les apprenants:&nbsp;<\/p>\n<\/div>\n\n<div class=\"g-container\">\n<ul class=\"wp-block-list\">\n<li>comprennent les liens entre les math\u00e9matiques et le gouvernement, la soci\u00e9t\u00e9 et l\u2019environnement;&nbsp;<\/li>\n\n\n\n<li>comprennent les applications math\u00e9matiques en g\u00e9ographie, en dynamique des populations, en \u00e9conomie et en statistiques;&nbsp;<\/li>\n\n\n\n<li>deviennent des adultes dot\u00e9s d\u2019une litt\u00e9ratie math\u00e9matique, en utilisant les math\u00e9matiques pour contribuer positivement \u00e0 la soci\u00e9t\u00e9.&nbsp;<\/li>\n<\/ul>\n<\/div>\n\n<div class=\"g-container\">\n<h4 class=\"wp-block-heading\">Mieux-\u00eatre personnel&nbsp;<\/h4>\n<\/div>\n\n<div class=\"g-container\">\n<p>La durabilit\u00e9 et la citoyennet\u00e9 mondiale en enseignement du mieux-\u00eatre personnel n\u00e9cessitent de contribuer aux collectivit\u00e9s locales et mondiales qui reconnaissent la diversit\u00e9 et la collaboration pour soutenir le mieux-\u00eatre et la sant\u00e9. Les apprenants:&nbsp;<\/p>\n<\/div>\n\n<div class=\"g-container\">\n<ul class=\"wp-block-list\">\n<li>font preuve de leadership pour promouvoir des collectivit\u00e9s saines et r\u00e9silientes;&nbsp;<\/li>\n\n\n\n<li>d\u00e9terminent l\u2019incidence des actions personnelles et de celles des autres sur les collectivit\u00e9s et l\u2019environnement naturel;&nbsp;<\/li>\n\n\n\n<li>d\u00e9terminent comment la participation \u00e0 des activit\u00e9s li\u00e9es \u00e0 la sant\u00e9 et au mieux-\u00eatre peut favoriser une compr\u00e9hension multiculturelle;&nbsp;<\/li>\n\n\n\n<li>participent \u00e0 des initiatives locales, nationales ou mondiales pour faire une diff\u00e9rence positive dans le mieux-\u00eatre g\u00e9n\u00e9ral.&nbsp;<\/li>\n<\/ul>\n<\/div>\n\n<div class=\"g-container\">\n<h4 class=\"wp-block-heading\">\u00c9ducation physique&nbsp;<\/h4>\n<\/div>\n\n<div class=\"g-container\">\n<p>Les apprenants d\u00e9montrent une compr\u00e9hension de la durabilit\u00e9 et de la citoyennet\u00e9 mondiale dans les cours d\u2019\u00e9ducation physique en r\u00e9fl\u00e9chissant aux diff\u00e9rentes conceptions du monde et perspectives et en les appr\u00e9ciant, comme la s\u00e9curit\u00e9 et la responsabilit\u00e9 sociale pour soutenir l\u2019environnement physique et social. Les apprenants:&nbsp;<\/p>\n<\/div>\n\n<div class=\"g-container\">\n<ul class=\"wp-block-list\">\n<li>adoptent une attitude positive face \u00e0 la vie active dans la poursuite continue de la sant\u00e9 et du bien-\u00eatre;&nbsp;<\/li>\n\n\n\n<li>font preuve d\u2019un comportement s\u00e9curitaire et de responsabilit\u00e9 sociale \u00e0 l\u2019\u00e9gard de toutes les cultures afin d\u2019avoir une incidence positive sur les personnes et les soci\u00e9t\u00e9s;&nbsp;<\/li>\n\n\n\n<li>comprennent les r\u00e9percussions sociales, \u00e9conomiques et environnementales de l\u2019activit\u00e9 physique sur les tendances du mieux-\u00eatre;&nbsp;<\/li>\n\n\n\n<li>comprennent que les r\u00e8gles de conduite \u00e9thique favorisent le respect, la paix et le bien de la soci\u00e9t\u00e9;&nbsp;<\/li>\n\n\n\n<li>distinguent une grande vari\u00e9t\u00e9 de possibilit\u00e9s de carri\u00e8re li\u00e9es \u00e0 la vie active.&nbsp;<\/li>\n<\/ul>\n<\/div>\n\n<div class=\"g-container\">\n<h4 class=\"wp-block-heading\">Sciences&nbsp;<\/h4>\n<\/div>\n\n<div class=\"g-container\">\n<p>Les occasions d\u2019apprentissage des sciences visent la participation des \u00e9l\u00e8ves \u00e0 des initiatives et \u00e0 des concepts locaux et mondiaux, tout en faisant preuve de responsabilit\u00e9 et de citoyennet\u00e9 \u00e9thique. Les apprenants :&nbsp;<\/p>\n<\/div>\n\n<div class=\"g-container\">\n<ul class=\"wp-block-list\">\n<li>favorisent le respect de la nature dans les d\u00e9cisions sur l\u2019utilisation des connaissances scientifiques et technologiques;&nbsp;<\/li>\n\n\n\n<li>acqui\u00e8rent un comportement responsable dans l\u2019utilisation de la science et de la technologie par rapport \u00e0 la soci\u00e9t\u00e9 et \u00e0 l\u2019environnement naturel;&nbsp;<\/li>\n\n\n\n<li>examinent des questions li\u00e9es \u00e0 l\u2019\u00e9thique et \u00e0 la durabilit\u00e9 \u00e0 l\u2019\u00e9chelle locale, r\u00e9gionale et mondiale;&nbsp;<\/li>\n\n\n\n<li>examinent la relation entre l\u2019environnement et les comportements n\u00e9cessaires pour \u00e9laborer des solutions efficaces aux probl\u00e8mes mondiaux.&nbsp;<\/li>\n<\/ul>\n<\/div>\n\n<div class=\"g-container\">\n<h4 class=\"wp-block-heading\">Sciences humaines&nbsp;<\/h4>\n<\/div>\n\n<div class=\"g-container\">\n<p>Les sciences humaines pr\u00e9sentent aux \u00e9l\u00e8ves des initiatives et des concepts locaux et mondiaux et encouragent la participation active et responsable. Les apprenants:&nbsp;<\/p>\n<\/div>\n\n<div class=\"g-container\">\n<ul class=\"wp-block-list\">\n<li>explorent les liens entre les forces \u00e9cologiques, \u00e9conomiques et sociales;&nbsp;<\/li>\n\n\n\n<li>d\u00e9terminent l\u2019influence de ces forces sur la vie humaine \u00e0 l\u2019\u00e9chelle individuelle, communautaire, nationale et internationale.&nbsp;<\/li>\n\n\n\n<li>prennent connaissance de l\u2019\u00e9volution des droits de la personne et de la d\u00e9mocratie;&nbsp;<\/li>\n\n\n\n<li>agissent de fa\u00e7on appropri\u00e9e \u00e0 leur \u00e2ge;&nbsp;<\/li>\n\n\n\n<li>acqui\u00e8rent des comportements durables et \u00e9thiques;&nbsp;<\/li>\n\n\n\n<li>comprennent et respectent les connaissances et les traditions autochtones;&nbsp;<\/li>\n\n\n\n<li>appr\u00e9cient la diversit\u00e9 et les liens interculturels.&nbsp;<\/li>\n<\/ul>\n<\/div>\n\n<div class=\"g-container\">\n<h4 class=\"wp-block-heading\">\u00c9ducation technologique&nbsp;<\/h4>\n<\/div>\n\n<div class=\"g-container\">\n<p>La durabilit\u00e9 et la citoyennet\u00e9 mondiale en technologie n\u00e9cessitent des perspectives locales et mondiales lors de l\u2019identification des syst\u00e8mes et de l\u2019interaction avec eux. Les apprenants :&nbsp;<\/p>\n<\/div>\n\n<div class=\"g-container\">\n<ul class=\"wp-block-list\">\n<li>\u00e9tudient et d\u00e9montrent la relation entre l\u2019utilisation des mati\u00e8res et les r\u00e9percussions sur l\u2019environnement;&nbsp;<\/li>\n\n\n\n<li>explorent les cheminements p\u00e9dagogiques et professionnels dans le domaine des technologies;&nbsp;<\/li>\n\n\n\n<li>comprennent le concept d\u2019\u00ab empreinte \u00bb et d\u00e9montrent la prise de d\u00e9cisions ad\u00e9quate en ce qui la concerne;&nbsp;<\/li>\n\n\n\n<li>comprennent les enjeux humains, culturels et sociaux li\u00e9s \u00e0 la technologie.&nbsp;<\/li>\n<\/ul>\n<\/div>\n\n<div class=\"g-container\">\n<h4 class=\"wp-block-heading\">Langues des wabanakis&nbsp;<\/h4>\n<\/div>\n\n<div class=\"g-container\">\n<p>Gr\u00e2ce \u00e0 l\u2019\u00e9tude des langues mi\u2019kmaq et wolastoqey, les apprenants:&nbsp;<\/p>\n<\/div>\n\n<div class=\"g-container\">\n<ul class=\"wp-block-list\">\n<li>comprennent l\u2019interd\u00e9pendance des forces sociales, politiques, \u00e9conomiques et \u00e9cologiques, de m\u00eame que leur influence sur les personnes, les soci\u00e9t\u00e9s et les pays;&nbsp;<\/li>\n\n\n\n<li>reconnaissent leurs droits en tant que citoyens du Canada ou de la nation wabanaki et en tant que peuples vis\u00e9s par les trait\u00e9s, tant autochtones que non-autochtones;&nbsp;<\/li>\n\n\n\n<li>apprennent des peuples wabanakis la responsabilit\u00e9 de faire des choix \u00e9thiques qui soutiennent les soci\u00e9t\u00e9s, l\u2019environnement naturel et la qualit\u00e9 de vie de tous les \u00eatres&nbsp;<\/li>\n<\/ul>\n<\/div><\/div>\n<\/div>\n<\/div><\/div>\n<\/div>\n<\/div><\/div>\n<\/div>\n<\/div>","protected":false},"excerpt":{"rendered":"<p>Durabilit\u00e9 et citoyennet\u00e9 mondiale&nbsp; \u00caTRE ET DEVENIR GLOBALEMENT COMP\u00c9TENT \u00catre et devenir comp\u00e9tent en durabilit\u00e9 et en citoyennet\u00e9 mondiale signifie analyser et reconna\u00eetre des conceptions du monde diversifi\u00e9es, ainsi que traiter des enjeux sociaux, \u00e9cologiques et \u00e9conomiques essentiels \u00e0 la vie dans un monde contemporain, interd\u00e9pendant et durable. Ce principe englobe aussi l\u2019acquisition des connaissances, [&hellip;]<\/p>\n","protected":false},"author":6,"featured_media":0,"parent":2031,"menu_order":0,"comment_status":"closed","ping_status":"closed","template":"","meta":{"_acf_changed":false,"footnotes":""},"class_list":["post-2850","page","type-page","status-publish","hentry"],"acf":[],"_links":{"self":[{"href":"https:\/\/curriculum.nbed.ca\/fr\/wp-json\/wp\/v2\/pages\/2850","targetHints":{"allow":["GET"]}}],"collection":[{"href":"https:\/\/curriculum.nbed.ca\/fr\/wp-json\/wp\/v2\/pages"}],"about":[{"href":"https:\/\/curriculum.nbed.ca\/fr\/wp-json\/wp\/v2\/types\/page"}],"author":[{"embeddable":true,"href":"https:\/\/curriculum.nbed.ca\/fr\/wp-json\/wp\/v2\/users\/6"}],"replies":[{"embeddable":true,"href":"https:\/\/curriculum.nbed.ca\/fr\/wp-json\/wp\/v2\/comments?post=2850"}],"version-history":[{"count":8,"href":"https:\/\/curriculum.nbed.ca\/fr\/wp-json\/wp\/v2\/pages\/2850\/revisions"}],"predecessor-version":[{"id":6714,"href":"https:\/\/curriculum.nbed.ca\/fr\/wp-json\/wp\/v2\/pages\/2850\/revisions\/6714"}],"up":[{"embeddable":true,"href":"https:\/\/curriculum.nbed.ca\/fr\/wp-json\/wp\/v2\/pages\/2031"}],"wp:attachment":[{"href":"https:\/\/curriculum.nbed.ca\/fr\/wp-json\/wp\/v2\/media?parent=2850"}],"curies":[{"name":"wp","href":"https:\/\/api.w.org\/{rel}","templated":true}]}}