{"id":2833,"date":"2023-04-25T14:07:57","date_gmt":"2023-04-25T14:07:57","guid":{"rendered":"https:\/\/curriculum.nbed.ca\/cadre-du-programme-detudes\/nos-enseignements-etre-et-devenir-globalement-competent\/innovation-creativity-entrepreneurship\/"},"modified":"2023-09-06T14:53:19","modified_gmt":"2023-09-06T14:53:19","slug":"innovation-creativite-et-entrepreneuriat","status":"publish","type":"page","link":"https:\/\/curriculum.nbed.ca\/fr\/cadre-du-programme-detudes\/nos-enseignements-etre-et-devenir-globalement-competent\/innovation-creativite-et-entrepreneuriat\/","title":{"rendered":"Innovation, cr\u00e9ativit\u00e9 et entrepreneuriat\u00a0"},"content":{"rendered":"<div class=\"g-container\">\n<div class=\"wp-block-columns block-framework cf-style-3 is-layout-flex wp-container-core-columns-is-layout-9d6595d7 wp-block-columns-is-layout-flex\">\n<div class=\"wp-block-column is-layout-flow wp-block-column-is-layout-flow\"><div class=\"g-container\">\n<div class=\"wp-block-columns block-header is-layout-flex wp-container-core-columns-is-layout-9d6595d7 wp-block-columns-is-layout-flex\">\n<div class=\"wp-block-column is-layout-flow wp-block-column-is-layout-flow\"><div class=\"g-container\">\n<h3 class=\"wp-block-heading has-text-align-left\">Innovation, cr\u00e9ativit\u00e9 et entrepreneuriat<\/h3>\n<\/div><\/div>\n<\/div>\n<\/div>\n\n<div class=\"g-container\">\n<div class=\"wp-block-columns block-main is-layout-flex wp-container-core-columns-is-layout-9d6595d7 wp-block-columns-is-layout-flex\">\n<div class=\"wp-block-column is-layout-flow wp-block-column-is-layout-flow\"><div class=\"g-container\">\n<h4 class=\"wp-block-heading\">\u00caTRE ET DEVENIR GLOBALEMENT COMP\u00c9TENT<\/h4>\n<\/div>\n\n<div class=\"g-container\">\n<div class=\"wp-block-columns padding-btm25 is-layout-flex wp-container-core-columns-is-layout-9d6595d7 wp-block-columns-is-layout-flex\">\n<div class=\"wp-block-column is-layout-flow wp-block-column-is-layout-flow\" style=\"flex-basis:100%\"><div class=\"g-container\">\n<p><em>L\u2019acquisition de la comp\u00e9tence d<\/em>\u2019innovation, de cr\u00e9ativit\u00e9 et d\u2019entrepreneuriat suppose la capacit\u00e9 \u00e0 transformer des id\u00e9es en actions pour r\u00e9pondre aux besoins de la collectivit\u00e9. La capacit\u00e9 d\u2019am\u00e9liorer des concepts, des id\u00e9es ou des produits pour contribuer \u00e0 l\u2019obtention de solutions novatrices \u00e0 des probl\u00e8mes complexes d\u2019ordre social, \u00e9cologique et \u00e9conomique requiert du leadership, la prise de risques, une pens\u00e9e autonome, l\u2019obtention de r\u00e9troaction et sa mise en oeuvre, ainsi que l\u2019exploration de nouvelles strat\u00e9gies, techniques et perspectives au moyen d\u2019efforts de recherche. L\u2019esprit d\u2019entreprise et les comp\u00e9tences entrepreneuriales sont ax\u00e9s sur l\u2019\u00e9laboration et la mise en oeuvre d\u2019une id\u00e9e, et ce, de fa\u00e7on viable.<\/p>\n<\/div>\n\n<div class=\"g-container\">\n<p><strong>Les apprenants font preuve de curiosit\u00e9, ciblent les possibilit\u00e9s d\u2019am\u00e9lioration et d\u2019apprentissage, estiment pouvoir s\u2019am\u00e9liorer et incluent les erreurs \u00e0 leur processus d\u2019am\u00e9lioration. Par exemple:&nbsp;<\/strong><\/p>\n<\/div>\n\n<div class=\"g-container\">\n<ul class=\"wp-block-list\">\n<li>Je valorise les erreurs comme faisant partie int\u00e9grante du processus d\u2019apprentissage.&nbsp;<\/li>\n\n\n\n<li>Je crois en ma capacit\u00e9 \u00e0 m\u2019am\u00e9liorer.&nbsp;<\/li>\n\n\n\n<li>Je d\u00e9termine les domaines o\u00f9 je veux m\u2019\u00e9panouir.&nbsp;<\/li>\n\n\n\n<li>Je suis capable de planifier les prochaines \u00e9tapes de ma croissance et de mon apprentissage.&nbsp;<\/li>\n<\/ul>\n<\/div>\n\n<div class=\"g-container\">\n<p><strong>Les apprenants formulent et expriment des questions et des opinions perspicaces pour g\u00e9n\u00e9rer des id\u00e9es originales. Par exemple:&nbsp;<\/strong><\/p>\n<\/div>\n\n<div class=\"g-container\">\n<ul class=\"wp-block-list\">\n<li>Je pose des questions pertinentes et exprime mes opinions pour contribuer \u00e0 de nouveaux raisonnements.&nbsp;<\/li>\n\n\n\n<li>Je fais part de mes id\u00e9es, de mes strat\u00e9gies et de mes techniques.&nbsp;<\/li>\n\n\n\n<li>Je g\u00e9n\u00e8re de nouvelles id\u00e9es en travaillant sur mes sujets de pr\u00e9dilection.&nbsp;<\/li>\n<\/ul>\n<\/div>\n\n<div class=\"g-container\">\n<p><strong>Les apprenants transforment les id\u00e9es en valeur pour les autres en am\u00e9liorant les id\u00e9es ou les produits pour fournir des solutions nouvelles ou am\u00e9lior\u00e9es \u00e0 des probl\u00e8mes sociaux, \u00e9cologiques et \u00e9conomiques complexes, ou pour r\u00e9pondre aux besoins d&rsquo;une communaut\u00e9. Par exemple:&nbsp;<\/strong><\/p>\n<\/div>\n\n<div class=\"g-container\">\n<ul class=\"wp-block-list\">\n<li>Je saisis les occasions d\u2019am\u00e9liorer les id\u00e9es, les objets ou les situations.&nbsp;<\/li>\n\n\n\n<li>Je fais preuve de cr\u00e9ativit\u00e9 dans mon questionnement et mon exp\u00e9rimentation pour r\u00e9soudre des probl\u00e8mes importants et complexes.&nbsp;<\/li>\n\n\n\n<li>Je fais preuve d\u2019initiative, de d\u00e9brouillardise et de pers\u00e9v\u00e9rance quand je transpose des id\u00e9es en actions, en produits et en services.&nbsp;<\/li>\n\n\n\n<li>J\u2019encourage l\u2019esprit d\u2019entreprise \u00e9thique et je pr\u00eache par l\u2019exemple.&nbsp;<\/li>\n<\/ul>\n<\/div>\n\n<div class=\"g-container\">\n<p><strong>Les apprenants prennent des risques dans leur raisonnement et leur cr\u00e9ativit\u00e9. Ils d\u00e9couvrent par la recherche, l\u2019hypoth\u00e8se et l\u2019exp\u00e9rimentation de nouvelles strat\u00e9gies ou techniques. Par exemple:&nbsp;<\/strong><\/p>\n<\/div>\n\n<div class=\"g-container\">\n<ul class=\"wp-block-list\">\n<li>Je prends des risques et approfondis les nouvelles id\u00e9es.&nbsp;<\/li>\n\n\n\n<li>Je m\u2019interroge et me renseigne sur la mani\u00e8re dont les choses se produisent ou la raison pour laquelle il en est ainsi.&nbsp;<\/li>\n\n\n\n<li>Je suis un processus pour me livrer \u00e0 un questionnement.&nbsp;<\/li>\n<\/ul>\n<\/div>\n\n<div class=\"g-container\">\n<p><strong>Les apprenants cherchent la r\u00e9troaction et l\u2019emploient pour pr\u00e9ciser leur compr\u00e9hension et leurs id\u00e9es, ainsi que mieux cerner les produits. Par exemple:&nbsp;<\/strong><\/p>\n<\/div>\n\n<div class=\"g-container\">\n<ul class=\"wp-block-list\">\n<li>Je demande l\u2019avis des autres pour d\u00e9terminer et pr\u00e9ciser la valeur de certains produits et id\u00e9es.&nbsp;<\/li>\n<\/ul>\n<\/div>\n\n<div class=\"g-container\">\n<p><strong>Les apprenants am\u00e9liorent des concepts, id\u00e9es ou produits dans le cadre d\u2019un processus cr\u00e9atif. Par exemple:&nbsp;<\/strong><\/p>\n<\/div>\n\n<div class=\"g-container\">\n<ul class=\"wp-block-list\">\n<li>Je r\u00e9fl\u00e9chis et je cr\u00e9e de mani\u00e8re novatrice.&nbsp;<\/li>\n\n\n\n<li>J\u2019utilise les outils de l\u2019imagination pour enrichir et am\u00e9liorer mes processus cr\u00e9atifs (p. ex. : m\u00e9taphore, contraires, humour, remise en question de certaines th\u00e9ories).&nbsp;<\/li>\n<\/ul>\n<\/div>\n\n<div class=\"g-container\">\n<h3 class=\"wp-block-heading\">Culture et enseignement de l\u2019innovation, de la cr\u00e9ativit\u00e9 et de l\u2019entrepreneuriat&nbsp;<\/h3>\n<\/div>\n\n<div class=\"g-container\">\n<p>Au fur et \u00e0 mesure que les apprenants prennent confiance et deviennent s\u00fbrs de leur identit\u00e9, ils d\u00e9veloppent une pens\u00e9e souple et fluide. Dans les milieux d\u2019apprentissage qui valorisent l\u2019exploration, l\u2019exp\u00e9rimentation et l\u2019apprentissage par l\u2019erreur, les apprenants commencent \u00e0 avoir confiance en leur capacit\u00e9 \u00e0 explorer des approches cr\u00e9atives pour cerner les probl\u00e8mes et mettre au point des solutions pratiques. La prise de risques devient un \u00e9l\u00e9ment pr\u00e9cieux du processus d\u2019apprentissage. Ces exp\u00e9riences cr\u00e9ent des occasions pour que la cr\u00e9ativit\u00e9 et l\u2019innovation prennent racine.&nbsp;<\/p>\n<\/div>\n\n<div class=\"g-container\">\n<p>Les milieux d\u2019apprentissage qui favorisent la multiplicit\u00e9 des modes de pens\u00e9e et d\u2019action permettent aux apprenants de \u00ab mettre \u00e0 l\u2019essai \u00bb leurs id\u00e9es et d\u2019exp\u00e9rimenter pour cr\u00e9er de nouveaux produits et de nouvelles possibilit\u00e9s. Pendant la petite enfance, ce processus se d\u00e9veloppe dans de grandes p\u00e9riodes de jeu ininterrompues et au fur et \u00e0 mesure que les apprenants grandissent, il devient plus formel gr\u00e2ce au temps consacr\u00e9 \u00e0 la r\u00e9flexion sur la conception, \u00e0 la recherche, \u00e0 l\u2019apprentissage par fabrication et aux projets.&nbsp;<\/p>\n<\/div>\n\n<div class=\"g-container\">\n<p>La p\u00e9dagogie, les concepts, les comp\u00e9tences, le milieu et les contextes d\u2019apprentissage favorisent l\u2019acquisition de l\u2019innovation, de la cr\u00e9ativit\u00e9 et de l\u2019entrepreneuriat. Voici comment les objectifs (EPE) et les mati\u00e8res (maternelle \u00e0 12e ann\u00e9e) travaillent cette comp\u00e9tence au fil du temps:&nbsp;<\/p>\n<\/div>\n\n<div class=\"g-container\">\n<h4 class=\"wp-block-heading\">Cadres d\u2019apprentissage \u2013 \u00e9ducation de la petite enfance&nbsp;<\/h4>\n<\/div>\n\n<div class=\"g-container\">\n<p>Dans les garderies \u00e9ducatives, les objectifs d\u2019apprentissage se compl\u00e8tent afin d\u2019\u00e9tablir les bases n\u00e9cessaires au d\u00e9veloppement de cette comp\u00e9tence; l&rsquo;objectif en gras est le plus align\u00e9.&nbsp;<\/p>\n<\/div>\n\n<div class=\"g-container\">\n<ul class=\"wp-block-list\">\n<li>Communication et litt\u00e9raties&nbsp;<\/li>\n\n\n\n<li>Mieux-\u00eatre&nbsp;<\/li>\n\n\n\n<li><strong>Jeu et esprit ludique&nbsp;<\/strong><\/li>\n\n\n\n<li>Diversit\u00e9 et responsabilit\u00e9 sociale&nbsp;<\/li>\n<\/ul>\n<\/div>\n\n<div class=\"g-container\">\n<h4 class=\"wp-block-heading\">Arts de la langue anglaise&nbsp;<\/h4>\n<\/div>\n\n<div class=\"g-container\">\n<p>Pour faire preuve d\u2019innovation, stimuler la cr\u00e9ativit\u00e9 et favoriser l\u2019esprit d\u2019entreprise dans les cours d\u2019arts de la langue anglaise, les apprenants :&nbsp;<\/p>\n<\/div>\n\n<div class=\"g-container\">\n<ul class=\"wp-block-list\">\n<li>font preuve de curiosit\u00e9 intellectuelle, d\u2019esprit d\u2019entreprise et d\u2019initiative;&nbsp;<\/li>\n\n\n\n<li>utilisent l\u2019\u00e9criture et d\u2019autres modes de repr\u00e9sentation pour explorer et clarifier leurs pens\u00e9es, sentiments, exp\u00e9riences et apprentissages et y r\u00e9fl\u00e9chir;&nbsp;<\/li>\n\n\n\n<li>font preuve d\u2019imagination.&nbsp;<\/li>\n<\/ul>\n<\/div>\n\n<div class=\"g-container\">\n<h4 class=\"wp-block-heading\">Arts plastiques&nbsp;<\/h4>\n<\/div>\n\n<div class=\"g-container\">\n<p>En arts, l\u2019innovation, la cr\u00e9ativit\u00e9 et l\u2019entrepreneuriat consistent \u00e0 transformer les id\u00e9es, l\u2019expression et les exp\u00e9riences en oeuvres artistiques. Les apprenants :&nbsp;<\/p>\n<\/div>\n\n<div class=\"g-container\">\n<ul class=\"wp-block-list\">\n<li>trouvent et expriment des id\u00e9es en utilisant les aptitudes, les langages, les techniques et les processus artistiques.&nbsp;<\/li>\n\n\n\n<li>appliquent des strat\u00e9gies pour r\u00e9fl\u00e9chir et r\u00e9agir \u00e0 leur propre travail expressif et \u00e0 celui des autres;&nbsp;<\/li>\n\n\n\n<li>montrent une prise de conscience et une valorisation du r\u00f4le des arts dans la cr\u00e9ation et le reflet de la culture dans des contextes locaux et mondiaux et en tant que t\u00e9moin de l\u2019exp\u00e9rience et des expressions humaines.&nbsp;<\/li>\n<\/ul>\n<\/div>\n\n<div class=\"g-container\">\n<h4 class=\"wp-block-heading\">Fran\u00e7ais&nbsp;<\/h4>\n<\/div>\n\n<div class=\"g-container\">\n<p>Les apprenants font preuve de leadership, d\u2019initiative, d\u2019imagination, de cr\u00e9ativit\u00e9, de spontan\u00e9it\u00e9 et d\u2019ing\u00e9niosit\u00e9 ns une gamme de processus cr\u00e9atifs favoris\u00e9s par les th\u00e8mes et les projets.&nbsp;<\/p>\n<\/div>\n\n<div class=\"g-container\">\n<h4 class=\"wp-block-heading\">Immersion fran\u00e7aise&nbsp;<\/h4>\n<\/div>\n\n<div class=\"g-container\">\n<p>Afin de d\u00e9montrer leur innovation, leur cr\u00e9ativit\u00e9, et favoriser leur esprit en immersion fran\u00e7aise, les apprenants :&nbsp;<\/p>\n<\/div>\n\n<div class=\"g-container\">\n<ul class=\"wp-block-list\">\n<li>d\u00e9montrent leur curiosit\u00e9 intellectuelle.&nbsp;<\/li>\n\n\n\n<li>utilisent l\u2019\u00e9criture et d\u2019autres fa\u00e7ons d\u2019explorer, d\u2019\u00e9claircir et de r\u00e9fl\u00e9chir sur leurs pens\u00e9es, sentiments, apprentissages et exp\u00e9riences.&nbsp;<\/li>\n\n\n\n<li>utilisent leur imagination.&nbsp;<\/li>\n<\/ul>\n<\/div>\n\n<div class=\"g-container\">\n<h4 class=\"wp-block-heading\">Math\u00e9matiques&nbsp;<\/h4>\n<\/div>\n\n<div class=\"g-container\">\n<p>L&rsquo;innovation, la cr\u00e9ativit\u00e9 et l&rsquo;entrepreneuriat r\u00e9v\u00e8lent des liens entre les disciplines tout en recherchant des solutions nouvelles, alternatives ou cr\u00e9atives aux probl\u00e8mes math\u00e9matiques en contexte. Les apprenants :&nbsp;<\/p>\n<\/div>\n\n<div class=\"g-container\">\n<ul class=\"wp-block-list\">\n<li>d\u00e9terminent le r\u00f4le de la forme et de la perspective dans les arts visuels, l\u2019architecture et les autres supports;&nbsp;<\/li>\n\n\n\n<li>gagnent en confiance, se responsabilisent, pers\u00e9v\u00e8rent dans leurs t\u00e2ches et prennent des risques lorsqu\u2019ils font face \u00e0 des situations nouvelles;&nbsp;<\/li>\n\n\n\n<li>explorent d\u2019autres approches et appr\u00e9cient les solutions multiples;&nbsp;<\/li>\n\n\n\n<li>appr\u00e9cient l\u2019utilit\u00e9 et la valeur des math\u00e9matiques gr\u00e2ce \u00e0 des liens et \u00e0 des applications.&nbsp;<\/li>\n<\/ul>\n<\/div>\n\n<div class=\"g-container\">\n<h4 class=\"wp-block-heading\">Mieux-\u00eatre personnel&nbsp;<\/h4>\n<\/div>\n\n<div class=\"g-container\">\n<p>L\u2019innovation, la cr\u00e9ativit\u00e9 et l\u2019entrepreneuriat dans l\u2019\u00e9ducation au mieux-\u00eatre personnel supposent la cr\u00e9ation d\u2019occasions d\u2019am\u00e9liorer la sant\u00e9 et le mieux-\u00eatre de l\u2019apprenant et de la collectivit\u00e9. Les apprenants :&nbsp;<\/p>\n<\/div>\n\n<div class=\"g-container\">\n<ul class=\"wp-block-list\">\n<li>recherchent des possibilit\u00e9s cr\u00e9atives pour participer \u00e0 des activit\u00e9s physiques et de mieux-\u00eatre pour soi et pour les autres;&nbsp;<\/li>\n\n\n\n<li>explorent les concepts de sant\u00e9 dans divers environnements afin de montrer un engagement en faveur du mieux-\u00eatre personnel;&nbsp;<\/li>\n\n\n\n<li>font preuve de d\u00e9brouillardise et de pers\u00e9v\u00e9rance lorsqu\u2019ils explorent des moyens de favoriser la sant\u00e9 et le mieux-\u00eatre.&nbsp;<\/li>\n<\/ul>\n<\/div>\n\n<div class=\"g-container\">\n<h4 class=\"wp-block-heading\">\u00c9ducation physique&nbsp;<\/h4>\n<\/div>\n\n<div class=\"g-container\">\n<p>En \u00e9ducation physique, les apprenants font preuve d\u2019initiative, de d\u00e9brouillardise et de pers\u00e9v\u00e9rance lorsqu\u2019ils transforment des id\u00e9es de mouvement en actions tout en s\u2019effor\u00e7ant d\u2019adopter un mode de vie sain et actif. Les apprenants :&nbsp;<\/p>\n<\/div>\n\n<div class=\"g-container\">\n<ul class=\"wp-block-list\">\n<li>ex\u00e9cutent des mouvements cr\u00e9atifs et expressifs compatibles avec un mode de vie actif;&nbsp;<\/li>\n\n\n\n<li>font preuve de pers\u00e9v\u00e9rance tout en appliquant des concepts de conditionnement physique pour approfondir les connaissances, les aptitudes et les valeurs n\u00e9cessaires au maintien du mieux-\u00eatre;&nbsp;<\/li>\n\n\n\n<li>adoptent divers points de vue en mati\u00e8re de leadership, avec souplesse et cr\u00e9ativit\u00e9, pour r\u00e9soudre des probl\u00e8mes de sant\u00e9 complexes;&nbsp;<\/li>\n\n\n\n<li>recherchent des occasions de participer \u00e0 une vari\u00e9t\u00e9 d&rsquo;exp\u00e9riences de conditionnement physique d\u00e9velopp\u00e9es selon ses propres besoins et pr\u00e9f\u00e9rences;&nbsp;<\/li>\n\n\n\n<li>d\u00e9terminent et acqui\u00e8rent les qualit\u00e9s n\u00e9cessaires pour entreprendre une carri\u00e8re dans le domaine de l\u2019\u00e9ducation physique et des loisirs.&nbsp;<\/li>\n<\/ul>\n<\/div>\n\n<div class=\"g-container\">\n<h4 class=\"wp-block-heading\">Sciences&nbsp;<\/h4>\n<\/div>\n\n<div class=\"g-container\">\n<p>L\u2019apprentissage des sciences se fait dans des environnements cr\u00e9atifs afin de faire le lien entre la recherche et la d\u00e9couverte de nouvelles id\u00e9es ou de nouveaux concepts, de g\u00e9n\u00e9rer de nouvelles approches, des produits ou des processus novateurs et de r\u00e9soudre des probl\u00e8mes complexes. Les apprenants :&nbsp;<\/p>\n<\/div>\n\n<div class=\"g-container\">\n<ul class=\"wp-block-list\">\n<li>s\u2019int\u00e9ressent particuli\u00e8rement au monde naturel et \u00e9largissent leur curiosit\u00e9 sur le sujet;&nbsp;<\/li>\n\n\n\n<li>appr\u00e9cient le r\u00f4le et la contribution de la science dans leur vie et sont conscients de ses limites et de ses effets;&nbsp;<\/li>\n\n\n\n<li>consid\u00e8rent la science et la technologie en tant qu\u2019efforts cr\u00e9atifs humains comparables et compl\u00e9mentaires \u00e0 d\u2019autres activit\u00e9s cr\u00e9atives, telles que les arts et la litt\u00e9rature.&nbsp;<\/li>\n<\/ul>\n<\/div>\n\n<div class=\"g-container\">\n<h4 class=\"wp-block-heading\">Sciences humaines&nbsp;<\/h4>\n<\/div>\n\n<div class=\"g-container\">\n<p>Les sciences humaines sont continuellement remises en question et r\u00e9actualis\u00e9es par les nouvelles d\u00e9couvertes et approches dans les disciplines, ainsi que par les enjeux et \u00e9v\u00e9nements actuels. Les apprenants :&nbsp;<\/p>\n<\/div>\n\n<div class=\"g-container\">\n<ul class=\"wp-block-list\">\n<li>explorent les probl\u00e8mes sociaux, \u00e9conomiques et environnementaux;&nbsp;<\/li>\n\n\n\n<li>adoptent de nouvelles optiques et perspectives face \u00e0 ces probl\u00e8mes en fonction de nouvelles donn\u00e9es et technologies;&nbsp;<\/li>\n\n\n\n<li>utilisent des donn\u00e9es pour informer l&rsquo;action civique;&nbsp;<\/li>\n\n\n\n<li>identifient les besoins de la collectivit\u00e9 et les solutions novatrices;&nbsp;<\/li>\n\n\n\n<li>explorent le r\u00f4le de la technologie dans le soutien \u00e0 l\u2019apprentissage et \u00e0 l\u2019innovation au coeur de toutes les activit\u00e9s humaines.&nbsp;<\/li>\n<\/ul>\n<\/div>\n\n<div class=\"g-container\">\n<h4 class=\"wp-block-heading\">\u00c9ducation technologique&nbsp;<\/h4>\n<\/div>\n\n<div class=\"g-container\">\n<p>L\u2019innovation, la cr\u00e9ativit\u00e9 et l\u2019entrepreneuriat r\u00e9v\u00e8lent des liens entre les disciplines tout en permettant la recherche de solutions nouvelles, de rechange ou cr\u00e9atives \u00e0 des probl\u00e8mes math\u00e9matiques en contexte. Les apprenants :&nbsp;<\/p>\n<\/div>\n\n<div class=\"g-container\">\n<ul class=\"wp-block-list\">\n<li>conceptualisent, con\u00e7oivent et cr\u00e9ent des produits conformes aux normes et aux sp\u00e9cifications.&nbsp;<\/li>\n<\/ul>\n<\/div>\n\n<div class=\"g-container\">\n<h4 class=\"wp-block-heading\">Langues des wabanakis&nbsp;<\/h4>\n<\/div>\n\n<div class=\"g-container\">\n<p>Gr\u00e2ce \u00e0 l\u2019\u00e9tude des langues mi\u2019kmaq et wolastoqey, les apprenants :&nbsp;<\/p>\n<\/div>\n\n<div class=\"g-container\">\n<ul class=\"wp-block-list\">\n<li>stimulent et montrent une curiosit\u00e9 et une cr\u00e9ativit\u00e9;&nbsp;<\/li>\n\n\n\n<li>formulent et expriment des id\u00e9es, des questions et des points de vue;&nbsp;<\/li>\n\n\n\n<li>appr\u00e9cient la cr\u00e9ativit\u00e9, l\u2019histoire et l\u2019ing\u00e9niosit\u00e9 des Wabanakis;&nbsp;<\/li>\n\n\n\n<li>Identifient les besoins de la collectivit\u00e9 et les solutions novatrices;&nbsp;<\/li>\n\n\n\n<li>c\u00e9l\u00e8brent l\u2019ing\u00e9niosit\u00e9, la cr\u00e9ativit\u00e9 et l\u2019innovation des Wabanakis au fil du temps&nbsp;<\/li>\n<\/ul>\n<\/div>\n\n<div class=\"g-container\">\n<p>&nbsp;<\/p>\n<\/div><\/div>\n<\/div>\n<\/div><\/div>\n<\/div>\n<\/div><\/div>\n<\/div>\n<\/div>","protected":false},"excerpt":{"rendered":"<p>Innovation, cr\u00e9ativit\u00e9 et entrepreneuriat \u00caTRE ET DEVENIR GLOBALEMENT COMP\u00c9TENT L\u2019acquisition de la comp\u00e9tence d\u2019innovation, de cr\u00e9ativit\u00e9 et d\u2019entrepreneuriat suppose la capacit\u00e9 \u00e0 transformer des id\u00e9es en actions pour r\u00e9pondre aux besoins de la collectivit\u00e9. La capacit\u00e9 d\u2019am\u00e9liorer des concepts, des id\u00e9es ou des produits pour contribuer \u00e0 l\u2019obtention de solutions novatrices \u00e0 des probl\u00e8mes complexes [&hellip;]<\/p>\n","protected":false},"author":6,"featured_media":0,"parent":2031,"menu_order":0,"comment_status":"closed","ping_status":"closed","template":"","meta":{"_acf_changed":false,"footnotes":""},"class_list":["post-2833","page","type-page","status-publish","hentry"],"acf":[],"_links":{"self":[{"href":"https:\/\/curriculum.nbed.ca\/fr\/wp-json\/wp\/v2\/pages\/2833","targetHints":{"allow":["GET"]}}],"collection":[{"href":"https:\/\/curriculum.nbed.ca\/fr\/wp-json\/wp\/v2\/pages"}],"about":[{"href":"https:\/\/curriculum.nbed.ca\/fr\/wp-json\/wp\/v2\/types\/page"}],"author":[{"embeddable":true,"href":"https:\/\/curriculum.nbed.ca\/fr\/wp-json\/wp\/v2\/users\/6"}],"replies":[{"embeddable":true,"href":"https:\/\/curriculum.nbed.ca\/fr\/wp-json\/wp\/v2\/comments?post=2833"}],"version-history":[{"count":8,"href":"https:\/\/curriculum.nbed.ca\/fr\/wp-json\/wp\/v2\/pages\/2833\/revisions"}],"predecessor-version":[{"id":6712,"href":"https:\/\/curriculum.nbed.ca\/fr\/wp-json\/wp\/v2\/pages\/2833\/revisions\/6712"}],"up":[{"embeddable":true,"href":"https:\/\/curriculum.nbed.ca\/fr\/wp-json\/wp\/v2\/pages\/2031"}],"wp:attachment":[{"href":"https:\/\/curriculum.nbed.ca\/fr\/wp-json\/wp\/v2\/media?parent=2833"}],"curies":[{"name":"wp","href":"https:\/\/api.w.org\/{rel}","templated":true}]}}