{"id":2705,"date":"2023-04-25T13:52:45","date_gmt":"2023-04-25T13:52:45","guid":{"rendered":"https:\/\/curriculum.nbed.ca\/cadre-du-programme-detudes\/les-fondements-de-notre-facon-denseigner-et-de-nos-enseignements-principes-communs\/lifelong-learning\/"},"modified":"2023-11-03T14:09:03","modified_gmt":"2023-11-03T14:09:03","slug":"apprentissage-continu","status":"publish","type":"page","link":"https:\/\/curriculum.nbed.ca\/fr\/cadre-du-programme-detudes\/les-fondements-de-notre-facon-denseigner-et-de-nos-enseignements-principes-communs\/apprentissage-continu\/","title":{"rendered":"Apprentissage tout au long de la vie"},"content":{"rendered":"<div class=\"g-container\">\n<div class=\"wp-block-columns block-framework cf-style-1 is-layout-flex wp-container-core-columns-is-layout-9d6595d7 wp-block-columns-is-layout-flex\">\n<div class=\"wp-block-column is-layout-flow wp-block-column-is-layout-flow\"><div class=\"g-container\">\n<div class=\"wp-block-columns block-header is-layout-flex wp-container-core-columns-is-layout-9d6595d7 wp-block-columns-is-layout-flex\">\n<div class=\"wp-block-column is-layout-flow wp-block-column-is-layout-flow\"><div class=\"g-container\">\n<h3 class=\"wp-block-heading has-text-align-left\">Apprentissage tout au long de la vie<\/h3>\n<\/div><\/div>\n<\/div>\n<\/div>\n\n<div class=\"g-container\">\n<p><\/p>\n<\/div>\n\n<div class=\"g-container\">\n<div class=\"wp-block-columns is-layout-flex wp-container-core-columns-is-layout-9d6595d7 wp-block-columns-is-layout-flex\">\n<div class=\"wp-block-column block-main is-layout-flow wp-block-column-is-layout-flow\"><div class=\"g-container\">\n<div class=\"wp-block-columns is-layout-flex wp-container-core-columns-is-layout-9d6595d7 wp-block-columns-is-layout-flex\">\n<div class=\"wp-block-column is-layout-flow wp-block-column-is-layout-flow\"><div class=\"g-container\">\n<h4 class=\"wp-block-heading\">Aper\u00e7u<\/h4>\n<\/div>\n\n<div class=\"g-container\">\n<p>Le curriculum offre \u00e0 tous les apprenants une vaste \u00e9ducation exp\u00e9rientielle culturellement adapt\u00e9e dans tous les domaines et environnements d\u2019apprentissage. Il reconna\u00eet l\u2019apprentissage qui a lieu avant et en dehors de l\u2019\u00e9cole et soutient les transitions. L\u2019\u00e9ducation ouvre des voies vers l\u2019apprentissage durable \u2013 \u00e9tablir des liens et apporter une contribution au-del\u00e0 de l\u2019\u00e9cole \u2013 pour soutenir l\u2019\u00e9panouissement personnel, la croissance et l\u2019autonomie de tous les apprenants afin d\u2019am\u00e9liorer leur vie et celle des autres.&nbsp;<\/p>\n<\/div>\n\n\n<h4>Application<\/h4>\n\n\n<div class=\"g-container\">\n<p>L\u2019acquisition d\u2019une mentalit\u00e9 ax\u00e9e sur l\u2019apprentissage continu ne se fait pas du jour au lendemain : les apprenants doivent s\u2019exercer. Ils ont besoin d\u2019occasions de comprendre leurs propres processus d\u2019apprentissage, leurs passions et la fa\u00e7on de prendre le temps d\u2019explorer leurs int\u00e9r\u00eats.&nbsp;<\/p>\n<\/div>\n\n<div class=\"g-container\">\n<p>Une mentalit\u00e9 ax\u00e9e sur l\u2019apprentissage continu est pr\u00e9conis\u00e9e tout au long du programme en valorisant diff\u00e9rentes comp\u00e9tences, perspectives et exp\u00e9riences, y compris les exp\u00e9riences d\u2019apprentissage \u00e0 l\u2019ext\u00e9rieur de l\u2019\u00e9cole traditionnelle. Les obstacles et les limites \u00e0 l\u2019apprentissage sont \u00e9limin\u00e9s et la curiosit\u00e9 est encourag\u00e9e. Une mentalit\u00e9 ax\u00e9e sur l\u2019apprentissage continu favorise l\u2019agentivit\u00e9 des \u00e9l\u00e8ves en leur donnant confiance en leurs comp\u00e9tences d\u2019apprentissage, en les amenant \u00e0 prendre des risques et en leur permettant de se tromper au cours du processus, car ils consid\u00e8rent que les erreurs font partie de l\u2019exp\u00e9rience.&nbsp;<\/p>\n<\/div>\n\n<div class=\"g-container\">\n<p>La planification de la transition et les possibilit\u00e9s d\u2019apprentissage professionnel aident les apprenants \u00e0 apprendre tout au long de leur vie en \u00e9tablissant des liens significatifs avec les mati\u00e8res \u00e9tudi\u00e9es et en les encourageant \u00e0 transf\u00e9rer leurs comp\u00e9tences dans des contextes r\u00e9els.&nbsp;<\/p>\n<\/div>\n\n<div class=\"g-container\">\n<p>En pratique :&nbsp;<\/p>\n<\/div>\n\n<div class=\"g-container\">\n<ul class=\"wp-block-list\">\n<li><strong>on voit <\/strong>des apprenants r\u00e9silients, capables de s\u2019adapter et motiv\u00e9s, qui dirigent leur propre apprentissage;&nbsp;<\/li>\n\n\n\n<li><strong>on entend <\/strong>la voix du milieu d\u2019apprentissage, qui est motivante, r\u00e9ceptive et enthousiaste;&nbsp;<\/li>\n\n\n\n<li>\u00e7a <strong>ressemble <\/strong>\u00e0 un mentorat cr\u00e9atif, beaucoup de questions et de r\u00e9troaction, et un r\u00f4le de mod\u00e8le de la part des enseignants, qui apprennent aussi de fa\u00e7on continue.&nbsp;<\/li>\n<\/ul>\n<\/div>\n\n\n<h4>Une m\u00e9prise courante<\/h4>\n\n\n<div class=\"g-container\">\n<p>On croit souvent \u00e0 tort que l\u2019apprentissage significatif ne se produit que dans les classes de la maternelle \u00e0 la 12e ann\u00e9e; cependant, les possibilit\u00e9s d\u2019apprentissage existent partout. L\u2019apprenant qui cuisine avec un parent apprend les fractions et les met en pratique; celui qui s\u2019int\u00e9resse \u00e0 l\u2019architecture d\u2019ordinateur et qui fait des recherches en ligne explore un concept qui d\u00e9passe la port\u00e9e du programme de la maternelle \u00e0 la 12e ann\u00e9e; et l\u2019apprenant qui regarde des dessins anim\u00e9s dans une autre langue \u00e0 la t\u00e9l\u00e9vision fait une immersion dans cette langue.&nbsp;<\/p>\n<\/div>\n\n\n<h4>Harmonisation avec les comp\u00e9tences globales du Nouveau-Brunswick<\/h4>\n\n\n<div class=\"g-container\">\n<p>Le principe <em>Apprentissage continu <\/em>est \u00e9troitement li\u00e9 \u00e0 deux comp\u00e9tences globales du Nouveau-Brunswick :&nbsp;<\/p>\n<\/div>\n\n<div class=\"g-container\">\n<ul class=\"wp-block-list\">\n<li>La <strong>conscience de soi et l\u2019autogestion <\/strong>consistent \u00e0 prendre conscience de son identit\u00e9, de son efficacit\u00e9 et de sa confiance en soi en tant qu\u2019apprenant, et \u00e0 les g\u00e9rer. Il s\u2019agit de l\u2019aptitude \u00e0 cerner les possibilit\u00e9s, \u00e0 fixer des objectifs, \u00e0 \u00e9tablir des plans et \u00e0 en assurer le suivi tout en s\u2019adaptant au changement et aux conditions d\u00e9favorables et de la capacit\u00e9 \u00e0 se r\u00e9guler, \u00e0 g\u00e9rer son bien-\u00eatre holistique, \u00e0 s\u2019\u00e9valuer et \u00e0 plaider en faveur du soutien dans un monde en constante \u00e9volution. Les apprenants qui se connaissent et se g\u00e8rent bien sont plus habilit\u00e9s \u00e0 apprendre toute leur vie durant, \u00e0 s\u2019\u00e9panouir personnellement et \u00e0 contribuer comme citoyens.&nbsp;<\/li>\n\n\n\n<li>La <strong>pens\u00e9e critique et la r\u00e9solution de probl\u00e8me <\/strong>consistent \u00e0 traiter des questions et probl\u00e8mes complexes par l\u2019acquisition, le traitement, l\u2019analyse et l\u2019interpr\u00e9tation de donn\u00e9es pour exercer un bon jugement et prendre des d\u00e9cisions \u00e9clair\u00e9es. La capacit\u00e9 \u00e0 participer \u00e0 des processus cognitifs pour&nbsp;comprendre et r\u00e9soudre des probl\u00e8mes suppose un d\u00e9sir de r\u00e9aliser son potentiel en tant que citoyen constructif et r\u00e9fl\u00e9chi. L\u2019apprentissage s\u2019approfondit lorsqu\u2019il survient dans le cadre d\u2019exp\u00e9riences significatives, concr\u00e8tes et authentiques.&nbsp;<\/li>\n<\/ul>\n<\/div>\n\n\n<h4>Outils<\/h4>\n\n\n<div class=\"g-container\">\n<ul class=\"wp-block-list\">\n<li><a href=\"https:\/\/www.myblueprint.ca\/support\">myBlueprint.ca | Soutien&nbsp;<\/a><\/li>\n\n\n\n<li><a href=\"https:\/\/centresofexcellencenb.ca\/\">Centres of Excellence (en anglais)&nbsp;<\/a><\/li>\n\n\n\n<li><a href=\"https:\/\/www2.gnb.ca\/content\/dam\/gnb\/Departments\/ed\/pdf\/K12\/curric\/General\/cadre-d-education-a-la-carriere.pdf\">Cadre d&rsquo;\u00e9ducation \u00e0 la carri\u00e8re <\/a>(en fran\u00e7ais)<\/li>\n\n\n\n<li><a href=\"https:\/\/www2.gnb.ca\/content\/dam\/gnb\/Departments\/ed\/pdf\/K12\/curric\/General\/learning-habits-holistic.pdf\">Habitudes d&rsquo;apprentissage K-8 (en anglais)<\/a><\/li>\n<\/ul>\n<\/div>\n\n\n<h4>Ressources multim\u00e9dias<\/h4>\n\n\n<div class=\"g-container\">\n<ul class=\"wp-block-list\">\n<li><a href=\"http:\/\/Career Connected Learning K-12 Overview - YouTube\">Career Connected Learning Video<\/a> (en anglais)&nbsp;<\/li>\n\n\n\n<li><a href=\"https:\/\/www.youtube.com\/watch?v=JggKtp7msd0\">Vid\u00e9o d&rsquo;information de d\u00e9veloppement de carri\u00e8re sur le march\u00e9 de travail<\/a> (en fran\u00e7ais)<\/li>\n\n\n\n<li><a href=\"https:\/\/can01.safelinks.protection.outlook.com\/?url=https%3A%2F%2Fyoutu.be%2FZnzen5i4bM8&amp;data=05%7C01%7CCheryl.Bowie%40gnb.ca%7Cec87156f5c6a49da6f4308dbc5963c95%7Ce08b7eefb5014a679ed007e38bfccee7%7C0%7C0%7C638321021289203772%7CUnknown%7CTWFpbGZsb3d8eyJWIjoiMC4wLjAwMDAiLCJQIjoiV2luMzIiLCJBTiI6Ik1haWwiLCJXVCI6Mn0%3D%7C3000%7C%7C%7C&amp;sdata=mBW3MZi5dO%2B6%2Bn5Bt%2BHofA6%2FRtPBKrgnIKMkeRLJa9E%3D&amp;reserved=0\">Building Frustration Tolerance<\/a> (en anglais)<\/li>\n<\/ul>\n<\/div>\n\n\n<h4>Ressources \u00e0 lire<\/h4>\n\n\n<div class=\"g-container\">\n<ul class=\"wp-block-list\">\n<li><a href=\"https:\/\/www2.gnb.ca\/content\/dam\/gnb\/Departments\/ed\/pdf\/K12\/FRL\/transitions-for-students-with-disabilities.pdf\">Transitions for Students with Disabilities <\/a>(en anglais)<\/li>\n\n\n\n<li><a href=\"https:\/\/www2.gnb.ca\/content\/gnb\/en\/departments\/education\/k12\/content\/esap.html\">Essential Skills Achievement Pathway Program <\/a>(en anglais)<\/li>\n<\/ul>\n<\/div>\n\n\n<h4>Ressources \u00e0 consulter<\/h4>\n\n\n<div class=\"g-container\">\n<ul class=\"wp-block-list\">\n<li><a href=\"https:\/\/carrierescanadaatlantique.ca\/\">Carrieres Canada Atlantique<\/a><\/li>\n\n\n\n<li><a href=\"https:\/\/www.emploisnb.ca\/explore\/outils?_ga=2.140066099.1215978654.1697819195-1538248873.1697819195\">Trousse d\u2019outils de d\u00e9veloppement de carri\u00e8re<\/a><\/li>\n<\/ul>\n<\/div><\/div>\n<\/div>\n<\/div><\/div>\n<\/div>\n<\/div><\/div>\n<\/div>\n<\/div>","protected":false},"excerpt":{"rendered":"<p>Apprentissage tout au long de la vie Aper\u00e7u Le curriculum offre \u00e0 tous les apprenants une vaste \u00e9ducation exp\u00e9rientielle culturellement adapt\u00e9e dans tous les domaines et environnements d\u2019apprentissage. Il reconna\u00eet l\u2019apprentissage qui a lieu avant et en dehors de l\u2019\u00e9cole et soutient les transitions. L\u2019\u00e9ducation ouvre des voies vers l\u2019apprentissage durable \u2013 \u00e9tablir des liens [&hellip;]<\/p>\n","protected":false},"author":6,"featured_media":0,"parent":1968,"menu_order":0,"comment_status":"closed","ping_status":"closed","template":"","meta":{"_acf_changed":false,"footnotes":""},"class_list":["post-2705","page","type-page","status-publish","hentry"],"acf":[],"_links":{"self":[{"href":"https:\/\/curriculum.nbed.ca\/fr\/wp-json\/wp\/v2\/pages\/2705","targetHints":{"allow":["GET"]}}],"collection":[{"href":"https:\/\/curriculum.nbed.ca\/fr\/wp-json\/wp\/v2\/pages"}],"about":[{"href":"https:\/\/curriculum.nbed.ca\/fr\/wp-json\/wp\/v2\/types\/page"}],"author":[{"embeddable":true,"href":"https:\/\/curriculum.nbed.ca\/fr\/wp-json\/wp\/v2\/users\/6"}],"replies":[{"embeddable":true,"href":"https:\/\/curriculum.nbed.ca\/fr\/wp-json\/wp\/v2\/comments?post=2705"}],"version-history":[{"count":21,"href":"https:\/\/curriculum.nbed.ca\/fr\/wp-json\/wp\/v2\/pages\/2705\/revisions"}],"predecessor-version":[{"id":7484,"href":"https:\/\/curriculum.nbed.ca\/fr\/wp-json\/wp\/v2\/pages\/2705\/revisions\/7484"}],"up":[{"embeddable":true,"href":"https:\/\/curriculum.nbed.ca\/fr\/wp-json\/wp\/v2\/pages\/1968"}],"wp:attachment":[{"href":"https:\/\/curriculum.nbed.ca\/fr\/wp-json\/wp\/v2\/media?parent=2705"}],"curies":[{"name":"wp","href":"https:\/\/api.w.org\/{rel}","templated":true}]}}