{"id":2681,"date":"2023-04-25T13:52:45","date_gmt":"2023-04-25T13:52:45","guid":{"rendered":"https:\/\/curriculum.nbed.ca\/cadre-du-programme-detudes\/les-fondements-de-notre-facon-denseigner-et-de-nos-enseignements-principes-communs\/well-being\/"},"modified":"2023-11-03T12:56:35","modified_gmt":"2023-11-03T12:56:35","slug":"mieux-etre","status":"publish","type":"page","link":"https:\/\/curriculum.nbed.ca\/fr\/cadre-du-programme-detudes\/les-fondements-de-notre-facon-denseigner-et-de-nos-enseignements-principes-communs\/mieux-etre\/","title":{"rendered":"Mieux-\u00eatre\u00a0"},"content":{"rendered":"<div class=\"g-container\">\n<div class=\"wp-block-columns block-framework cf-style-1 is-layout-flex wp-container-core-columns-is-layout-9d6595d7 wp-block-columns-is-layout-flex\">\n<div class=\"wp-block-column is-layout-flow wp-block-column-is-layout-flow\"><div class=\"g-container\">\n<div class=\"wp-block-columns block-header is-layout-flex wp-container-core-columns-is-layout-9d6595d7 wp-block-columns-is-layout-flex\">\n<div class=\"wp-block-column is-layout-flow wp-block-column-is-layout-flow\"><div class=\"g-container\">\n<h3 class=\"wp-block-heading has-text-align-left\">Mieux-\u00eatre<strong>&nbsp;<\/strong><\/h3>\n<\/div><\/div>\n<\/div>\n<\/div>\n\n<div class=\"g-container\">\n<div class=\"wp-block-columns is-layout-flex wp-container-core-columns-is-layout-9d6595d7 wp-block-columns-is-layout-flex\">\n<div class=\"wp-block-column block-main is-layout-flow wp-block-column-is-layout-flow\"><div class=\"g-container\">\n<div class=\"wp-block-columns is-layout-flex wp-container-core-columns-is-layout-9d6595d7 wp-block-columns-is-layout-flex\">\n<div class=\"wp-block-column is-layout-flow wp-block-column-is-layout-flow\"><div class=\"g-container\">\n<h4 class=\"wp-block-heading\">Aper\u00e7u<strong>&nbsp;<\/strong><\/h4>\n<\/div>\n\n<div class=\"g-container\">\n<p>Le programme d\u2019\u00e9tudes offre \u00e0 tous les apprenants la chance de renforcer et d\u2019\u00e9quilibrer les quatre aspects du mieux-\u00eatre : l\u2019esprit, le corps, l\u2019\u00e2me et le coeur. La formation d\u2019une identit\u00e9 positive, la sant\u00e9 mentale et le sentiment d\u2019appartenance sont nourris et prot\u00e9g\u00e9s \u00e0 mesure que les apprenants acqui\u00e8rent les comp\u00e9tences permettant de s\u2019adapter et d\u2019\u00e9voluer. Le lien avec la terre et l\u2019activit\u00e9 physique sont des \u00e9l\u00e9ments centraux du programme d\u2019\u00e9tudes.&nbsp;<\/p>\n<\/div>\n\n<div class=\"g-container\">\n<h4 class=\"wp-block-heading\">Application<\/h4>\n<\/div>\n\n<div class=\"g-container\">\n<p>Ce principe est appliqu\u00e9 dans le programme d\u2019\u00e9tudes par l\u2019int\u00e9gration d\u2019objectifs d\u2019apprentissage li\u00e9s au mieux-\u00eatre dans tous les programmes d\u2019\u00e9tudes du Nouveau-Brunswick. La r\u00e9vision du programme de mieux-\u00eatre personnel de la 3e \u00e0 la 9e ann\u00e9e et le regroupement des cours de mieux-\u00eatre au secondaire soulignent l\u2019importance pour les apprenants d\u2019acqu\u00e9rir des comp\u00e9tences et des comportements qui contribuent \u00e0 un sentiment de mieux-\u00eatre.&nbsp;<\/p>\n<\/div>\n\n<div class=\"g-container\">\n<p>En pratique :&nbsp;<\/p>\n<\/div>\n\n<div class=\"g-container\">\n<ul class=\"wp-block-list\">\n<li><strong>On voit <\/strong>les apprenants participer \u00e0 des activit\u00e9s qui leur montrent \u00e0 g\u00e9rer leurs \u00e9motions et \u00e0 explorer leur conscience de soi.&nbsp;<\/li>\n\n\n\n<li><strong>On entend <\/strong>les apprenants et la communaut\u00e9 communiquer pour explorer les besoins.&nbsp;<\/li>\n\n\n\n<li><strong>On ressent <\/strong>un espace s\u00fbr et accueillant qui permet \u00e0 chacun d\u2019\u00eatre soi-m\u00eame.&nbsp;<\/li>\n<\/ul>\n<\/div>\n\n<div class=\"g-container\">\n<h4 class=\"wp-block-heading\">m\u00e9prises courantes<strong>&nbsp;<\/strong><\/h4>\n<\/div>\n\n<div class=\"g-container\">\n<p>&nbsp;Certaines fausses id\u00e9es circulent sur le mieux-\u00eatre.&nbsp;<\/p>\n<\/div>\n\n<div class=\"g-container\">\n<ul class=\"wp-block-list\">\n<li><strong>Mythe <\/strong>: Sant\u00e9 est synonyme de mieux-\u00eatre. Le mieux-\u00eatre comporte de nombreuses composantes, et la sant\u00e9 n\u2019est que l\u2019une d\u2019entre elles. Le mieux-\u00eatre \u00e9motionnel, physique et psychologique contribue \u00e0 la sant\u00e9 et au bonheur.&nbsp;<\/li>\n\n\n\n<li><strong>Mythe <\/strong>: Le mieux-\u00eatre consiste simplement \u00e0 \u00eatre en une bonne forme physique. Bien qu\u2019importante, la forme physique n\u2019est qu\u2019un \u00e9l\u00e9ment du mieux-\u00eatre (forme sociale, physique, professionnelle, financi\u00e8re et \u00e9motionnelle)&nbsp;<\/li>\n\n\n\n<li><strong>Mythe <\/strong>: La spiritualit\u00e9 et la religion structur\u00e9e sont la m\u00eame chose. La spiritualit\u00e9 concerne les croyances, l\u2019interrelation, les valeurs et la compr\u00e9hension de soi et de la collectivit\u00e9.&nbsp;<\/li>\n<\/ul>\n<\/div>\n\n<div class=\"g-container\">\n<p>Il faut trouver un \u00e9quilibre entre les quatre aspects du mieux-\u00eatre. Une lacune dans l\u2019un aura des r\u00e9percussions dans les autres. Pour arriver au mieux-\u00eatre, tous les aspects doivent \u00eatre solides.&nbsp;<\/p>\n<\/div>\n\n<div class=\"g-container\">\n<h4 class=\"wp-block-heading\">Harmonisation avec les comp\u00e9tences globales du Nouveau-Brunswick<strong>&nbsp;<\/strong><\/h4>\n<\/div>\n\n<div class=\"g-container\">\n<p>&nbsp;Le programme <em>Mieux-\u00eatre <\/em>est \u00e9troitement li\u00e9 \u00e0 quatre comp\u00e9tences globales du Nouveau-Brunswick :&nbsp;<\/p>\n<\/div>\n\n<div class=\"g-container\">\n<ul class=\"wp-block-list\">\n<li><strong>Conscience de soi et autogestion. <\/strong>Cette comp\u00e9tence demande de faire des choix qui ont un effet positif sur la sant\u00e9 et le mieux-\u00eatre, de fixer des objectifs qui appuient un mode de vie sain et actif et de promouvoir un milieu o\u00f9 r\u00e8gnent le respect, la s\u00e9curit\u00e9 et l\u2019interrelation.&nbsp;<\/li>\n\n\n\n<li><strong>Durabilit\u00e9 et citoyennet\u00e9 mondiale. <\/strong>Cette comp\u00e9tence demande de respecter l\u2019autre pendant les activit\u00e9s, d\u2019exprimer ses besoins et ses \u00e9motions en respectant les diff\u00e9rents points de vue et de communiquer de fa\u00e7on \u00e0 favoriser le mieux-\u00eatre de soi et d\u2019autrui.&nbsp;<\/li>\n\n\n\n<li><strong>Collaboration. <\/strong>Cette comp\u00e9tence suppose d\u2019\u00e9tablir des relations positives; de faire preuve de responsabilit\u00e9, de compromis et de leadership; d\u2019\u00e9couter, d\u2019encourager et de valoriser les opinions des autres afin de soutenir le travail d\u2019\u00e9quipe au sein de groupes diversifi\u00e9s.&nbsp;<\/li>\n\n\n\n<li><strong>Pens\u00e9e critique et r\u00e9solution de probl\u00e8mes. <\/strong>Avec l\u2019\u00e9valuation et l\u2019analyse critique des dimensions de la sant\u00e9, les apprenants fixent des objectifs qui int\u00e8grent des strat\u00e9gies visant \u00e0 promouvoir la sant\u00e9 et le mieux-\u00eatre.&nbsp;<\/li>\n<\/ul>\n<\/div>\n\n<div class=\"g-container\">\n<h4 class=\"wp-block-heading\">Outils<strong>&nbsp;<\/strong><\/h4>\n<\/div>\n\n<div class=\"g-container\">\n<ul class=\"wp-block-list\">\n<li><a href=\"https:\/\/centresofexcellencenb.ca\/health\/\">Centre of Excellence for Health<\/a> (en anglais)&nbsp;<\/li>\n\n\n\n<li><a href=\"https:\/\/www.mieux-etrenb.ca\/ressources\/portrait-de-la-sante-psychologique\/\">Portrait de la sante psychologique<\/a><\/li>\n<\/ul>\n<\/div>\n\n<div class=\"g-container\">\n<h4 class=\"wp-block-heading\">Ressources multim\u00e9dias<\/h4>\n<\/div>\n\n<div class=\"g-container\">\n<ul class=\"wp-block-list\">\n<li><a href=\"https:\/\/pedex.nbed.nb.ca\/DesignTeam\/PBIS%20Flipbook%20Videos\/PBIS%20-%203%20-%20Improve%20Climate,%20Behavior,%20Achievement.mp4\">School Climate<\/a> (en anglais)<\/li>\n\n\n\n<li><a href=\"https:\/\/youtu.be\/oNkmAD-U384\">Happy Life<\/a> (en anglais)<\/li>\n<\/ul>\n<\/div>\n\n<div class=\"g-container\">\n<h4 class=\"wp-block-heading\">Ressources \u00e0 lire<\/h4>\n<\/div>\n\n<div class=\"g-container\">\n<ul class=\"wp-block-list\">\n<li><a href=\"https:\/\/www2.gnb.ca\/content\/dam\/gnb\/Departments\/ed\/pdf\/K12\/policies-politiques\/f\/702F.pdf\"><strong>Politique 702<\/strong>&nbsp;&#8211; \u00c9coles sans tabagisme<\/a>&nbsp;&nbsp;<\/li>\n\n\n\n<li><a href=\"https:\/\/www2.gnb.ca\/content\/dam\/gnb\/Departments\/ed\/pdf\/K12\/policies-politiques\/f\/703F.pdf\"><strong>Politique 703<\/strong>&nbsp;&#8211; Milieu propice \u00e0 l\u2019apprentissage et au travail<\/a><\/li>\n\n\n\n<li><a href=\"https:\/\/www2.gnb.ca\/content\/dam\/gnb\/Departments\/ed\/pdf\/K12\/policies-politiques\/f\/709F.pdf\"><strong>Politique 709<\/strong>&nbsp;&#8211; Normes de s\u00e9curit\u00e9 relatives aux activit\u00e9s physiques des \u00e9l\u00e8ves<\/a><\/li>\n\n\n\n<li><a href=\"https:\/\/www2.gnb.ca\/content\/dam\/gnb\/Departments\/ed\/pdf\/K12\/policies-politiques\/f\/711F.pdf\"><strong>Politique 711<\/strong>&nbsp;&#8211; Environnement&nbsp; favorable \u00e0 l&rsquo;alimentation plus saine<\/a><\/li>\n\n\n\n<li><a href=\"https:\/\/www2.gnb.ca\/content\/dam\/gnb\/Departments\/ed\/pdf\/promo\/learning_at_home\/french\/MindfullnessFrench.pdf\">Pleine conscience : Garder son calme en p\u00e9riode d\u2019incertitude<\/a><\/li>\n\n\n\n<li><a href=\"https:\/\/www2.gnb.ca\/content\/dam\/gnb\/Departments\/ed\/pdf\/promo\/learning_at_home\/french\/LearningThroughOutsidePlayFrench.pdf\">Apprentissage par les jeux ext\u00e9rieurs<\/a><strong><\/strong><\/li>\n\n\n\n<li><a href=\"https:\/\/www2.gnb.ca\/content\/dam\/gnb\/Departments\/ed\/pdf\/promo\/learning_at_home\/french\/PhysicalWellnessFrench.pdf\">Bien-\u00eatre physique \u2013 continuez de bouger!<\/a><strong><\/strong><\/li>\n\n\n\n<li><a href=\"https:\/\/www2.gnb.ca\/content\/dam\/gnb\/Departments\/ed\/pdf\/promo\/learning_at_home\/french\/HopeForTheFutureFrench.pdf\">Espoir pour l&rsquo;avenir<\/a><\/li>\n\n\n\n<li><em>Help Your Child Deal With Stress\u2013and Thrive <\/em>de <a href=\"https:\/\/www.amazon.co.uk\/Stuart-Shanker\/e\/B001IYZ6Z6\/ref=dp_byline_cont_book_1\">Stuart Shanker<\/a>&nbsp;<\/li>\n\n\n\n<li><em>Reframed: Self-Reg for a Just Society <\/em>de <a href=\"https:\/\/www.amazon.co.uk\/Stuart-Shanker\/e\/B001IYZ6Z6\/ref=dp_byline_cont_book_1\">Stuart Shanker<\/a>&nbsp;<\/li>\n\n\n\n<li><a href=\"https:\/\/www2.gnb.ca\/content\/dam\/gnb\/Departments\/ed\/pdf\/K12\/curric\/General\/PortraitOfALearner.pdf\">Portrait of a Learner<\/a> (en anglais)&nbsp;<\/li>\n<\/ul>\n<\/div>\n\n\n<h4>Ressources \u00e0 consulter<\/h4>\n\n\n<div class=\"g-container\">\n<ul class=\"wp-block-list\">\n<li><a href=\"http:\/\/www.jcsh-cces.ca\/fr\/\">Consortium conjoint pancanadien pour les \u00e9coles en sant\u00e9&nbsp; <\/a><\/li>\n\n\n\n<li><a href=\"https:\/\/eps-canada.ca\/\">\u00c9ducation physique et sant\u00e9 Canada&nbsp; <\/a><\/li>\n<\/ul>\n<\/div><\/div>\n<\/div>\n<\/div><\/div>\n<\/div>\n<\/div><\/div>\n<\/div>\n<\/div>","protected":false},"excerpt":{"rendered":"<p>Mieux-\u00eatre&nbsp; Aper\u00e7u&nbsp; Le programme d\u2019\u00e9tudes offre \u00e0 tous les apprenants la chance de renforcer et d\u2019\u00e9quilibrer les quatre aspects du mieux-\u00eatre : l\u2019esprit, le corps, l\u2019\u00e2me et le coeur. La formation d\u2019une identit\u00e9 positive, la sant\u00e9 mentale et le sentiment d\u2019appartenance sont nourris et prot\u00e9g\u00e9s \u00e0 mesure que les apprenants acqui\u00e8rent les comp\u00e9tences permettant de [&hellip;]<\/p>\n","protected":false},"author":6,"featured_media":0,"parent":1968,"menu_order":0,"comment_status":"closed","ping_status":"closed","template":"","meta":{"_acf_changed":false,"footnotes":""},"class_list":["post-2681","page","type-page","status-publish","hentry"],"acf":[],"_links":{"self":[{"href":"https:\/\/curriculum.nbed.ca\/fr\/wp-json\/wp\/v2\/pages\/2681","targetHints":{"allow":["GET"]}}],"collection":[{"href":"https:\/\/curriculum.nbed.ca\/fr\/wp-json\/wp\/v2\/pages"}],"about":[{"href":"https:\/\/curriculum.nbed.ca\/fr\/wp-json\/wp\/v2\/types\/page"}],"author":[{"embeddable":true,"href":"https:\/\/curriculum.nbed.ca\/fr\/wp-json\/wp\/v2\/users\/6"}],"replies":[{"embeddable":true,"href":"https:\/\/curriculum.nbed.ca\/fr\/wp-json\/wp\/v2\/comments?post=2681"}],"version-history":[{"count":8,"href":"https:\/\/curriculum.nbed.ca\/fr\/wp-json\/wp\/v2\/pages\/2681\/revisions"}],"predecessor-version":[{"id":7477,"href":"https:\/\/curriculum.nbed.ca\/fr\/wp-json\/wp\/v2\/pages\/2681\/revisions\/7477"}],"up":[{"embeddable":true,"href":"https:\/\/curriculum.nbed.ca\/fr\/wp-json\/wp\/v2\/pages\/1968"}],"wp:attachment":[{"href":"https:\/\/curriculum.nbed.ca\/fr\/wp-json\/wp\/v2\/media?parent=2681"}],"curies":[{"name":"wp","href":"https:\/\/api.w.org\/{rel}","templated":true}]}}