{"id":2521,"date":"2023-05-17T18:37:23","date_gmt":"2023-05-17T18:37:23","guid":{"rendered":"https:\/\/curriculum.nbed.ca\/domaines-dapprentissage\/secondaire\/wellness-and-physical-education\/"},"modified":"2025-06-18T18:53:49","modified_gmt":"2025-06-18T18:53:49","slug":"mieux-etre-education-physique","status":"publish","type":"page","link":"https:\/\/curriculum.nbed.ca\/fr\/domaines-dapprentissage\/secondaire\/mieux-etre-education-physique\/","title":{"rendered":"Mieux-\u00eatre et \u00e9ducation physique"},"content":{"rendered":"<div class=\"g-container\">\n<p>Les cours sur le Mieux-\u00eatre pr\u00e9parent les \u00e9l\u00e8ves \u00e0 prendre des d\u00e9cisions \u00e9clair\u00e9es, \u00e0 reconna\u00eetre leur sant\u00e9 et leur d\u00e9veloppement personnel, \u00e0 d\u00e9velopper des relations positives et \u00e0 d\u00e9fendre l\u2019inclusion. Les composantes d\u2019un cours sur le Mieux-\u00eatre comprennent un mode de vie sain, une bonne sant\u00e9 mentale, des relations positives, la compr\u00e9hension des \u00e9tapes de la croissance et du d\u00e9veloppement humain, et la connexion avec les voies d\u2019avenir.<\/p>\n<\/div>\n\n<div class=\"g-container\">\n<p>Les cours d\u2019\u00e9ducation physique pr\u00e9parent les \u00e9l\u00e8ves \u00e0 se fixer des objectifs; \u00e0 am\u00e9liorer leur Mieux-\u00eatre physique, \u00e9motionnel et social; et \u00e0 comprendre l\u2019importance d\u2019une participation coop\u00e9rative aux activit\u00e9s physiques. Les composantes d\u2019un cours d\u2019\u00e9ducation physique comprennent les comp\u00e9tences et les concepts de mouvement, les strat\u00e9gies et les tactiques, ainsi que le Mieux-\u00eatre.<\/p>\n<\/div>\n\n<div class=\"g-container\">\n<p class=\"has-white-color has-text-color has-background has-link-color wp-elements-fbde66af71bc0acbcd122401cda88a11\" style=\"background:linear-gradient(135deg,rgb(1,105,96) 0%,rgb(255,255,255) 100%)\"><strong>Pour les \u00e9ducateurs.trices :<\/strong><\/p>\n<\/div>\n\n<div class=\"g-container\">\n<div class=\"wp-block-columns is-layout-flex wp-container-core-columns-is-layout-9d6595d7 wp-block-columns-is-layout-flex\">\n<div class=\"wp-block-column is-layout-flow wp-block-column-is-layout-flow\"><div class=\"g-container\">\n<ul class=\"wp-block-list\">\n<li>Ressources : <a href=\"https:\/\/www.stepupyoursafety.com\/nbteach\/\" target=\"_blank\" rel=\"noreferrer noopener\">La s\u00e9curit\u00e9 un pas \u00e0 la fois<\/a><\/li>\n<\/ul>\n<\/div><\/div>\n\n\n\n<div class=\"wp-block-column is-layout-flow wp-block-column-is-layout-flow\"><\/div>\n<\/div>\n<\/div>\n\n<div class=\"g-container\">\n<h2 class=\"wp-block-heading has-medium-font-size\">Options de cours<\/h2>\n<\/div>\n\n<div class=\"g-container\">\n<p><strong>\u00c9ducation physique et Mieux-\u00eatre obligatoire \u2013 4 heures-cr\u00e9dits au minimum :<\/strong><\/p>\n<\/div>\n\n<div class=\"g-container\">\n<p>Soins de sant\u00e9 110; Nutrition pour une vie saine 120; \u00c9ducation en plein air 110 (IF\/FLS); \u00c9ducation physique 10; Psychologie 110\/120; Mieux-\u00eatre par l\u2019\u00e9ducation physique 110 (IF\/FLS); Leadership sportif et r\u00e9cr\u00e9atif 120 (IF\/FLS); les cours approuv\u00e9 par \u00e9quivalence\/BI; D\u00e9veloppement de la petite enfance 120; Services sociaux 110; Mieux-\u00eatre personnel et familial 120 (IF\/FLS) <\/p>\n<\/div>","protected":false},"excerpt":{"rendered":"<p>Les cours sur le Mieux-\u00eatre pr\u00e9parent les \u00e9l\u00e8ves \u00e0 prendre des d\u00e9cisions \u00e9clair\u00e9es, \u00e0 reconna\u00eetre leur sant\u00e9 et leur d\u00e9veloppement personnel, \u00e0 d\u00e9velopper des relations positives et \u00e0 d\u00e9fendre l\u2019inclusion. Les composantes d\u2019un cours sur le Mieux-\u00eatre comprennent un mode de vie sain, une bonne sant\u00e9 mentale, des relations positives, la compr\u00e9hension des \u00e9tapes de [&hellip;]<\/p>\n","protected":false},"author":6,"featured_media":0,"parent":1845,"menu_order":7,"comment_status":"closed","ping_status":"closed","template":"pages\/template-subject.php","meta":{"_acf_changed":false,"footnotes":""},"class_list":["post-2521","page","type-page","status-publish","hentry"],"acf":[],"_links":{"self":[{"href":"https:\/\/curriculum.nbed.ca\/fr\/wp-json\/wp\/v2\/pages\/2521","targetHints":{"allow":["GET"]}}],"collection":[{"href":"https:\/\/curriculum.nbed.ca\/fr\/wp-json\/wp\/v2\/pages"}],"about":[{"href":"https:\/\/curriculum.nbed.ca\/fr\/wp-json\/wp\/v2\/types\/page"}],"author":[{"embeddable":true,"href":"https:\/\/curriculum.nbed.ca\/fr\/wp-json\/wp\/v2\/users\/6"}],"replies":[{"embeddable":true,"href":"https:\/\/curriculum.nbed.ca\/fr\/wp-json\/wp\/v2\/comments?post=2521"}],"version-history":[{"count":9,"href":"https:\/\/curriculum.nbed.ca\/fr\/wp-json\/wp\/v2\/pages\/2521\/revisions"}],"predecessor-version":[{"id":10116,"href":"https:\/\/curriculum.nbed.ca\/fr\/wp-json\/wp\/v2\/pages\/2521\/revisions\/10116"}],"up":[{"embeddable":true,"href":"https:\/\/curriculum.nbed.ca\/fr\/wp-json\/wp\/v2\/pages\/1845"}],"wp:attachment":[{"href":"https:\/\/curriculum.nbed.ca\/fr\/wp-json\/wp\/v2\/media?parent=2521"}],"curies":[{"name":"wp","href":"https:\/\/api.w.org\/{rel}","templated":true}]}}