{"id":2496,"date":"2023-05-17T18:33:50","date_gmt":"2023-05-17T18:33:50","guid":{"rendered":"https:\/\/curriculum.nbed.ca\/domaines-dapprentissage\/secondaire\/sciences\/"},"modified":"2023-08-28T14:24:31","modified_gmt":"2023-08-28T14:24:31","slug":"sciences","status":"publish","type":"page","link":"https:\/\/curriculum.nbed.ca\/fr\/domaines-dapprentissage\/secondaire\/sciences\/","title":{"rendered":"Sciences"},"content":{"rendered":"<div class=\"g-container\">\n<p><strong>Les cours de sciences<\/strong> pr\u00e9parent les \u00e9l\u00e8ves \u00e0 \u00e9mettre des hypoth\u00e8ses, \u00e0 s\u2019informer, \u00e0 rechercher, \u00e0 acqu\u00e9rir et \u00e0 appliquer des connaissances sur le monde physique et naturel; \u00e0 \u00eatre curieux; \u00e0 planifier, \u00e0 cr\u00e9er et \u00e0 agir pour le changement; \u00e0 appliquer une m\u00e9thodologie syst\u00e9matique bas\u00e9e sur des preuves scientifiques et fond\u00e9e sur l\u2019observation et l\u2019exp\u00e9rimentation; \u00e0 trouver des probl\u00e8mes et \u00e0 prendre des d\u00e9cisions en proc\u00e9dant \u00e0 une \u00e9valuation critique des preuves et en appliquant les connaissances et les preuves \u00e0 des situations nouvelles; ainsi qu\u2019\u00e0 appliquer les valeurs et les attitudes de la science.<\/p>\n<\/div>\n\n<div class=\"g-container\">\n<h2 class=\"wp-block-heading has-medium-font-size\">Options de cours<\/h2>\n<\/div>\n\n<div class=\"g-container\">\n<p><strong>Requis:<\/strong> 8 heures-cr\u00e9dits en sciences<\/p>\n<\/div>\n\n<div class=\"g-container\">\n<p><strong>Obligatoire:<\/strong> Pas de cours obligatoires<\/p>\n<\/div>\n\n<div class=\"g-container\">\n<p><strong>8 heures-cr\u00e9dits parmi les options suivantes:<\/strong> Sciences 10 (IF); G\u00e9osciences de l\u2019environnement 110; Biologie 111\/2 (IF\/FLS); Biologie 121\/2 (IF\/FLS); Chimie 111\/2 (IF\/FLS); Chimie 121\/2; Physique 111\/2 (IF\/FLS), Physique 121\/2; Physiologie humaine 110; Introduction \u00e0 l\u2019\u00e9lectronique 110; les cours de science approuv\u00e9s (niveau avanc\u00e9\/baccalaur\u00e9at international); Sciences environnementales avanc\u00e9es 120; Introduction aux sciences de l\u2019environnement 120 (IF\/FLS); Syst\u00e8mes \u00e9lectriques automobiles 120*; Foresterie 110*; Agriculture 110*.<em> <\/em><\/p>\n<\/div>\n\n<div class=\"g-container\">\n<p><em>*Les cours marqu\u00e9s d&rsquo;un ast\u00e9risque ne peuvent \u00eatre utilis\u00e9s pour satisfaire aux exigences que d&rsquo;un seul groupe de cours.<\/em><\/p>\n<\/div>","protected":false},"excerpt":{"rendered":"<p>Les cours de sciences pr\u00e9parent les \u00e9l\u00e8ves \u00e0 \u00e9mettre des hypoth\u00e8ses, \u00e0 s\u2019informer, \u00e0 rechercher, \u00e0 acqu\u00e9rir et \u00e0 appliquer des connaissances sur le monde physique et naturel; \u00e0 \u00eatre curieux; \u00e0 planifier, \u00e0 cr\u00e9er et \u00e0 agir pour le changement; \u00e0 appliquer une m\u00e9thodologie syst\u00e9matique bas\u00e9e sur des preuves scientifiques et fond\u00e9e sur l\u2019observation [&hellip;]<\/p>\n","protected":false},"author":6,"featured_media":0,"parent":1845,"menu_order":4,"comment_status":"closed","ping_status":"closed","template":"pages\/template-subject.php","meta":{"_acf_changed":false,"footnotes":""},"class_list":["post-2496","page","type-page","status-publish","hentry"],"acf":[],"_links":{"self":[{"href":"https:\/\/curriculum.nbed.ca\/fr\/wp-json\/wp\/v2\/pages\/2496","targetHints":{"allow":["GET"]}}],"collection":[{"href":"https:\/\/curriculum.nbed.ca\/fr\/wp-json\/wp\/v2\/pages"}],"about":[{"href":"https:\/\/curriculum.nbed.ca\/fr\/wp-json\/wp\/v2\/types\/page"}],"author":[{"embeddable":true,"href":"https:\/\/curriculum.nbed.ca\/fr\/wp-json\/wp\/v2\/users\/6"}],"replies":[{"embeddable":true,"href":"https:\/\/curriculum.nbed.ca\/fr\/wp-json\/wp\/v2\/comments?post=2496"}],"version-history":[{"count":9,"href":"https:\/\/curriculum.nbed.ca\/fr\/wp-json\/wp\/v2\/pages\/2496\/revisions"}],"predecessor-version":[{"id":6287,"href":"https:\/\/curriculum.nbed.ca\/fr\/wp-json\/wp\/v2\/pages\/2496\/revisions\/6287"}],"up":[{"embeddable":true,"href":"https:\/\/curriculum.nbed.ca\/fr\/wp-json\/wp\/v2\/pages\/1845"}],"wp:attachment":[{"href":"https:\/\/curriculum.nbed.ca\/fr\/wp-json\/wp\/v2\/media?parent=2496"}],"curies":[{"name":"wp","href":"https:\/\/api.w.org\/{rel}","templated":true}]}}