{"id":2487,"date":"2023-05-17T18:28:07","date_gmt":"2023-05-17T18:28:07","guid":{"rendered":"https:\/\/curriculum.nbed.ca\/domaines-dapprentissage\/secondaire\/mathematics\/"},"modified":"2023-08-28T14:20:32","modified_gmt":"2023-08-28T14:20:32","slug":"mathematiques","status":"publish","type":"page","link":"https:\/\/curriculum.nbed.ca\/fr\/domaines-dapprentissage\/secondaire\/mathematiques\/","title":{"rendered":"Math\u00e9matiques"},"content":{"rendered":"<div class=\"g-container\">\n<p><strong>Les cours de math\u00e9matiques <\/strong>pr\u00e9parent les \u00e9l\u00e8ves \u00e0 utiliser les math\u00e9matiques en toute confiance pour r\u00e9soudre des probl\u00e8mes; \u00e0 communiquer et \u00e0 raisonner de mani\u00e8re math\u00e9matique; \u00e0 appr\u00e9cier et \u00e0 valoriser les math\u00e9matiques; et \u00e0 \u00e9tablir des liens entre les math\u00e9matiques et leurs applications. Les composantes d\u2019un cours de math\u00e9matiques comprennent le renforcement de la capacit\u00e9 \u00e0 appliquer la compr\u00e9hension du changement, de la constance, du sens des nombres, des mod\u00e8les, des relations, du sens de l\u2019espace et de l\u2019incertitude.<\/p>\n<\/div>\n\n<div class=\"g-container\">\n<h2 class=\"wp-block-heading has-medium-font-size\">Options de cours<\/h2>\n<\/div>\n\n<div class=\"g-container\">\n<p><strong>Requis:<\/strong> 12 heures-cr\u00e9dits en math\u00e9matiques<\/p>\n<\/div>\n\n<div class=\"g-container\">\n<p><strong>Obligatoire:<\/strong> G\u00e9om\u00e9trie, mesure et finance 10 (IF) (4CrH)<\/p>\n<\/div>\n\n<div class=\"g-container\">\n<p><strong>8 heures-cr\u00e9dits parmi les options suivantes<\/strong>: Nombre, relations et fonctions 10 (IF); Math\u00e9matiques pour les finances et le milieu de travail 110 (IF\/FLS) et\/ou 120; Fondements des math\u00e9matiques 110 (IF\/FLS); Pr\u00e9-calcul 110 (IF\/FLS); CCNB Math\u00e9matiques pour les m\u00e9tiers sp\u00e9cialis\u00e9s et la pr\u00e9paration pour le milieu de travail 120; Pr\u00e9-calcul 120A\/B (IF\/FLS); Calcul 120<\/p>\n<\/div>","protected":false},"excerpt":{"rendered":"<p>Les cours de math\u00e9matiques pr\u00e9parent les \u00e9l\u00e8ves \u00e0 utiliser les math\u00e9matiques en toute confiance pour r\u00e9soudre des probl\u00e8mes; \u00e0 communiquer et \u00e0 raisonner de mani\u00e8re math\u00e9matique; \u00e0 appr\u00e9cier et \u00e0 valoriser les math\u00e9matiques; et \u00e0 \u00e9tablir des liens entre les math\u00e9matiques et leurs applications. Les composantes d\u2019un cours de math\u00e9matiques comprennent le renforcement de la [&hellip;]<\/p>\n","protected":false},"author":6,"featured_media":0,"parent":1845,"menu_order":3,"comment_status":"closed","ping_status":"closed","template":"pages\/template-subject.php","meta":{"_acf_changed":false,"footnotes":""},"class_list":["post-2487","page","type-page","status-publish","hentry"],"acf":[],"_links":{"self":[{"href":"https:\/\/curriculum.nbed.ca\/fr\/wp-json\/wp\/v2\/pages\/2487","targetHints":{"allow":["GET"]}}],"collection":[{"href":"https:\/\/curriculum.nbed.ca\/fr\/wp-json\/wp\/v2\/pages"}],"about":[{"href":"https:\/\/curriculum.nbed.ca\/fr\/wp-json\/wp\/v2\/types\/page"}],"author":[{"embeddable":true,"href":"https:\/\/curriculum.nbed.ca\/fr\/wp-json\/wp\/v2\/users\/6"}],"replies":[{"embeddable":true,"href":"https:\/\/curriculum.nbed.ca\/fr\/wp-json\/wp\/v2\/comments?post=2487"}],"version-history":[{"count":7,"href":"https:\/\/curriculum.nbed.ca\/fr\/wp-json\/wp\/v2\/pages\/2487\/revisions"}],"predecessor-version":[{"id":6284,"href":"https:\/\/curriculum.nbed.ca\/fr\/wp-json\/wp\/v2\/pages\/2487\/revisions\/6284"}],"up":[{"embeddable":true,"href":"https:\/\/curriculum.nbed.ca\/fr\/wp-json\/wp\/v2\/pages\/1845"}],"wp:attachment":[{"href":"https:\/\/curriculum.nbed.ca\/fr\/wp-json\/wp\/v2\/media?parent=2487"}],"curies":[{"name":"wp","href":"https:\/\/api.w.org\/{rel}","templated":true}]}}