{"id":2315,"date":"2023-10-13T16:25:10","date_gmt":"2023-10-13T16:25:10","guid":{"rendered":"https:\/\/curriculum.nbed.ca\/domaines-dapprentissage\/elementaire\/personal-wellness\/"},"modified":"2025-12-30T20:05:16","modified_gmt":"2025-12-30T20:05:16","slug":"mieux-etre-personnel","status":"publish","type":"page","link":"https:\/\/curriculum.nbed.ca\/fr\/domaines-dapprentissage\/elementaire\/mieux-etre-personnel\/","title":{"rendered":"Mieux-\u00eatre personnel"},"content":{"rendered":"<div class=\"g-container\">\n<p>Le programme sur le mieux-\u00eatre personnel comporte cinq principaux \u00e9l\u00e9ments&nbsp;: mieux-\u00eatre, sant\u00e9 mentale, croissance et d\u00e9veloppement humains, relations et apprentissage li\u00e9 \u00e0 la carri\u00e8re. Chaque \u00e9l\u00e9ment inclut des comp\u00e9tences particuli\u00e8res pour en apprendre davantage sur soi et les autres en ce qui a trait au mieux-\u00eatre g\u00e9n\u00e9ral, \u00e0 la sant\u00e9 g\u00e9n\u00e9rale et aux \u00e9motions. Les apprenants utilisent leurs propres connaissances pour trouver, explorer, reconna\u00eetre, d\u00e9crire et expliquer des sujets ayant une incidence sur leur mieux-\u00eatre personnel et pour en discuter. Ils approfondissent leur compr\u00e9hension du mieux-\u00eatre comme fondement d\u2019une vie saine, productive et \u00e9quilibr\u00e9e. Les apprenants explorent ce qu\u2019ils aiment et ce qu\u2019ils n\u2019aiment pas pour mieux se conna\u00eetre. En discutant de sujets comme la diversit\u00e9, l\u2019empathie, les conflits et les relations, ils renforcent leur sentiment d\u2019\u00eatre un citoyen du monde.<\/p>\n<\/div>\n\n<div class=\"g-container\">\n<p class=\"has-white-color has-text-color has-background has-link-color wp-elements-da4d80c1614482e7aab2a5a41ba6d7c4\" style=\"background:linear-gradient(135deg,rgb(1,105,96) 0%,rgb(255,255,255) 100%)\"><strong>Pour le personnel \u00e9ducatif :<\/strong><\/p>\n<\/div>\n\n<div class=\"g-container\">\n<div class=\"wp-block-columns is-layout-flex wp-container-core-columns-is-layout-9d6595d7 wp-block-columns-is-layout-flex\">\n<div class=\"wp-block-column is-layout-flow wp-block-column-is-layout-flow\"><div class=\"g-container\">\n<p><strong>3-5 Documents du tuteur<\/strong><\/p>\n<\/div>\n\n<div class=\"g-container\">\n<ul class=\"wp-block-list\">\n<li><a href=\"https:\/\/curriculum.nbed.ca\/wp-content\/uploads\/2025\/04\/GuardianDoc3-5Personal_Safety_Rsc_20240320_v4.0_Final_2028-2.pdf\" data-type=\"link\" data-id=\"https:\/\/curriculum.nbed.ca\/wp-content\/uploads\/2025\/04\/GuardianDoc3-5Personal_Safety_Rsc_20240320_v4.0_Final_2028-2.pdf\" target=\"_blank\" rel=\"noreferrer noopener\">Personal Safety<\/a> (en anglais)<\/li>\n\n\n\n<li><a href=\"https:\/\/curriculum.nbed.ca\/wp-content\/uploads\/2025\/04\/GuardianDoc3-5Puberty_Rsc_20240320_v4.0_Final_2028-1-3.pdf\" data-type=\"link\" data-id=\"https:\/\/curriculum.nbed.ca\/wp-content\/uploads\/2025\/04\/GuardianDoc3-5Puberty_Rsc_20240320_v4.0_Final_2028-1-3.pdf\" target=\"_blank\" rel=\"noreferrer noopener\">Preparing for Puberty<\/a> (en anglais)<\/li>\n\n\n\n<li><a href=\"https:\/\/curriculum.nbed.ca\/wp-content\/uploads\/2025\/04\/GuardianDocs3-5EmotionalPhysical-Health_Rsc_20240320_v4.0_Final_2028-2.pdf\" data-type=\"link\" data-id=\"https:\/\/curriculum.nbed.ca\/wp-content\/uploads\/2025\/04\/GuardianDocs3-5EmotionalPhysical-Health_Rsc_20240320_v4.0_Final_2028-2.pdf\" target=\"_blank\" rel=\"noreferrer noopener\">Emotional and Physical Health<\/a> (en anglais)<\/li>\n\n\n\n<li><a href=\"https:\/\/curriculum.nbed.ca\/wp-content\/uploads\/2025\/01\/OnePagers_PersonalWellness_3-5_-Building-Healthy-Relationships-1.pdf\" data-type=\"attachment\" data-id=\"9488\" target=\"_blank\" rel=\"noreferrer noopener\">Building Healthy Relationships<\/a> (en anglais)<\/li>\n<\/ul>\n<\/div><\/div>\n\n\n\n<div class=\"wp-block-column is-layout-flow wp-block-column-is-layout-flow\"><div class=\"g-container\">\n<ul class=\"wp-block-list\">\n<li><a href=\"https:\/\/nbed.sharepoint.com\/:b:\/r\/sites\/InDevelopment\/Personal%20Wellness\/Companion%20Guides\/PersonalWellness3-5_CompDoc_20240528_v3.0_Final_2028.pdf?csf=1&amp;web=1&amp;e=2aeoc1\" data-type=\"link\" data-id=\"https:\/\/nbed.sharepoint.com\/:b:\/r\/sites\/InDevelopment\/Personal%20Wellness\/Companion%20Guides\/PersonalWellness3-5_CompDoc_20240528_v3.0_Final_2028.pdf?csf=1&amp;web=1&amp;e=2aeoc1\" target=\"_blank\" rel=\"noreferrer noopener\">Document d&rsquo;accompagnement &#8211; Mieux-\u00eatre personnel 3-5 (en anglais)<\/a><\/li>\n<\/ul>\n<\/div>\n\n<div class=\"g-container\">\n<p>\u2794 <strong>PL Hub:<\/strong> <a href=\"https:\/\/plhub.nbed.ca\/curriculum-learning-areas\/?dfg_page=1&amp;dfg_filter=240\" data-type=\"link\" data-id=\"https:\/\/plhub.nbed.ca\/curriculum-learning-areas\/?dfg_page=1&amp;dfg_filter=240\" target=\"_blank\" rel=\"noreferrer noopener\">Personal Wellness<\/a><\/p>\n<\/div><\/div>\n<\/div>\n<\/div>","protected":false},"excerpt":{"rendered":"<p>Le programme sur le mieux-\u00eatre personnel comporte cinq principaux \u00e9l\u00e9ments&nbsp;: mieux-\u00eatre, sant\u00e9 mentale, croissance et d\u00e9veloppement humains, relations et apprentissage li\u00e9 \u00e0 la carri\u00e8re. Chaque \u00e9l\u00e9ment inclut des comp\u00e9tences particuli\u00e8res pour en apprendre davantage sur soi et les autres en ce qui a trait au mieux-\u00eatre g\u00e9n\u00e9ral, \u00e0 la sant\u00e9 g\u00e9n\u00e9rale et aux \u00e9motions. Les [&hellip;]<\/p>\n","protected":false},"author":6,"featured_media":0,"parent":1249,"menu_order":0,"comment_status":"closed","ping_status":"closed","template":"pages\/template-subject.php","meta":{"_acf_changed":false,"footnotes":""},"class_list":["post-2315","page","type-page","status-publish","hentry"],"acf":[],"_links":{"self":[{"href":"https:\/\/curriculum.nbed.ca\/fr\/wp-json\/wp\/v2\/pages\/2315","targetHints":{"allow":["GET"]}}],"collection":[{"href":"https:\/\/curriculum.nbed.ca\/fr\/wp-json\/wp\/v2\/pages"}],"about":[{"href":"https:\/\/curriculum.nbed.ca\/fr\/wp-json\/wp\/v2\/types\/page"}],"author":[{"embeddable":true,"href":"https:\/\/curriculum.nbed.ca\/fr\/wp-json\/wp\/v2\/users\/6"}],"replies":[{"embeddable":true,"href":"https:\/\/curriculum.nbed.ca\/fr\/wp-json\/wp\/v2\/comments?post=2315"}],"version-history":[{"count":36,"href":"https:\/\/curriculum.nbed.ca\/fr\/wp-json\/wp\/v2\/pages\/2315\/revisions"}],"predecessor-version":[{"id":11331,"href":"https:\/\/curriculum.nbed.ca\/fr\/wp-json\/wp\/v2\/pages\/2315\/revisions\/11331"}],"up":[{"embeddable":true,"href":"https:\/\/curriculum.nbed.ca\/fr\/wp-json\/wp\/v2\/pages\/1249"}],"wp:attachment":[{"href":"https:\/\/curriculum.nbed.ca\/fr\/wp-json\/wp\/v2\/media?parent=2315"}],"curies":[{"name":"wp","href":"https:\/\/api.w.org\/{rel}","templated":true}]}}