{"id":2270,"date":"2023-04-03T14:52:53","date_gmt":"2023-04-03T14:52:53","guid":{"rendered":"https:\/\/curriculum.nbed.ca\/domaines-dapprentissage\/primaire\/visual-arts\/"},"modified":"2025-12-24T14:45:40","modified_gmt":"2025-12-24T14:45:40","slug":"arts-visuels","status":"publish","type":"page","link":"https:\/\/curriculum.nbed.ca\/fr\/domaines-dapprentissage\/primaire\/arts-visuels\/","title":{"rendered":"Arts visuels"},"content":{"rendered":"<div class=\"g-container\">\n<p>Imaginatifs et curieux, les apprenants utilisent des images pour raconter des histoires, communiquer des id\u00e9es et cr\u00e9er des images inspir\u00e9es par des exp\u00e9riences et le monde qui les entoure. Ils commencent \u00e0 communiquer leurs id\u00e9es sur l\u2019imagerie et \u00e0 acqu\u00e9rir des comp\u00e9tences de travail en groupe. Ces apprenants utilisent couramment des symboles pour repr\u00e9senter des personnes et des objets, mettent l\u2019accent sur des caract\u00e9ristiques importantes, montrent plusieurs points de vue \u00e0 la fois, cr\u00e9ent de bonhommes allumettes, tentent de repr\u00e9senter des formes reconnaissables et acqui\u00e8rent des comp\u00e9tences d\u2019observation en montrant des choses. Les invitations intentionnelles et ouvertes sont utilis\u00e9es pour aider les apprenants \u00e0 faire des d\u00e9couvertes sur les \u00e9l\u00e9ments et les principes de l\u2019art.<\/p>\n<\/div>\n\n<div class=\"g-container\">\n<p class=\"has-white-color has-text-color has-background has-link-color wp-elements-da4d80c1614482e7aab2a5a41ba6d7c4\" style=\"background:linear-gradient(135deg,rgb(1,105,96) 0%,rgb(255,255,255) 100%)\"><strong>Pour le personnel \u00e9ducatif :<\/strong><\/p>\n<\/div>\n\n<div class=\"g-container\">\n<div class=\"wp-block-columns is-layout-flex wp-container-core-columns-is-layout-9d6595d7 wp-block-columns-is-layout-flex\">\n<div class=\"wp-block-column is-layout-flow wp-block-column-is-layout-flow\"><div class=\"g-container\">\n<ul class=\"wp-block-list\">\n<li><a href=\"https:\/\/nbed.sharepoint.com\/:b:\/r\/sites\/InDevelopment\/Creative%20Arts\/Companion%20Guides\/VisualArtK-8_CompGuide_202507_v5.0_Final_2028.pdf?csf=1&amp;web=1&amp;e=SLPeUE\" data-type=\"link\" data-id=\"https:\/\/nbed.sharepoint.com\/:b:\/r\/sites\/InDevelopment\/Creative%20Arts\/Companion%20Guides\/VisualArtK-8_CompGuide_202507_v5.0_Final_2028.pdf?csf=1&amp;web=1&amp;e=SLPeUE\" target=\"_blank\" rel=\"noreferrer noopener\">Document d&rsquo;accompagnement &#8211; Arts visuels K-8 (anglais) <\/a><\/li>\n<\/ul>\n<\/div><\/div>\n\n\n\n<div class=\"wp-block-column is-layout-flow wp-block-column-is-layout-flow\"><div class=\"g-container\">\n<p>\u2794 <strong>PL Hub:<\/strong> <a href=\"https:\/\/plhub.nbed.ca\/curriculum-learning-areas\/?dfg_page=1&amp;dfg_filter=246\" data-type=\"link\" data-id=\"https:\/\/plhub.nbed.ca\/learning-areas\/visual-arts\/\" target=\"_blank\" rel=\"noreferrer noopener\">Creative Arts<\/a><\/p>\n<\/div><\/div>\n<\/div>\n<\/div>\n\n<div class=\"g-container\">\n<p><\/p>\n<\/div>","protected":false},"excerpt":{"rendered":"<p>Imaginatifs et curieux, les apprenants utilisent des images pour raconter des histoires, communiquer des id\u00e9es et cr\u00e9er des images inspir\u00e9es par des exp\u00e9riences et le monde qui les entoure. Ils commencent \u00e0 communiquer leurs id\u00e9es sur l\u2019imagerie et \u00e0 acqu\u00e9rir des comp\u00e9tences de travail en groupe. Ces apprenants utilisent couramment des symboles pour repr\u00e9senter des [&hellip;]<\/p>\n","protected":false},"author":6,"featured_media":0,"parent":1737,"menu_order":0,"comment_status":"closed","ping_status":"closed","template":"pages\/template-subject.php","meta":{"_acf_changed":false,"footnotes":""},"class_list":["post-2270","page","type-page","status-publish","hentry"],"acf":[],"_links":{"self":[{"href":"https:\/\/curriculum.nbed.ca\/fr\/wp-json\/wp\/v2\/pages\/2270","targetHints":{"allow":["GET"]}}],"collection":[{"href":"https:\/\/curriculum.nbed.ca\/fr\/wp-json\/wp\/v2\/pages"}],"about":[{"href":"https:\/\/curriculum.nbed.ca\/fr\/wp-json\/wp\/v2\/types\/page"}],"author":[{"embeddable":true,"href":"https:\/\/curriculum.nbed.ca\/fr\/wp-json\/wp\/v2\/users\/6"}],"replies":[{"embeddable":true,"href":"https:\/\/curriculum.nbed.ca\/fr\/wp-json\/wp\/v2\/comments?post=2270"}],"version-history":[{"count":10,"href":"https:\/\/curriculum.nbed.ca\/fr\/wp-json\/wp\/v2\/pages\/2270\/revisions"}],"predecessor-version":[{"id":11277,"href":"https:\/\/curriculum.nbed.ca\/fr\/wp-json\/wp\/v2\/pages\/2270\/revisions\/11277"}],"up":[{"embeddable":true,"href":"https:\/\/curriculum.nbed.ca\/fr\/wp-json\/wp\/v2\/pages\/1737"}],"wp:attachment":[{"href":"https:\/\/curriculum.nbed.ca\/fr\/wp-json\/wp\/v2\/media?parent=2270"}],"curies":[{"name":"wp","href":"https:\/\/api.w.org\/{rel}","templated":true}]}}