{"id":2235,"date":"2023-04-03T14:52:03","date_gmt":"2023-04-03T14:52:03","guid":{"rendered":"https:\/\/curriculum.nbed.ca\/domaines-dapprentissage\/intermediaire\/physical-education\/"},"modified":"2023-11-24T16:24:14","modified_gmt":"2023-11-24T16:24:14","slug":"education-physique","status":"publish","type":"page","link":"https:\/\/curriculum.nbed.ca\/fr\/domaines-dapprentissage\/intermediaire\/education-physique\/","title":{"rendered":"\u00c9ducation physique"},"content":{"rendered":"<div class=\"g-container\">\n<p>En \u00e9ducation physique, les apprenants fixent des buts et font des choix positifs concernant leur sant\u00e9 et leur mieux-\u00eatre physique et ils sont \u00e0 l\u2019aff\u00fbt d\u2019occasions accrues de prendre des d\u00e9cisions saines. Ils montrent leur compr\u00e9hension de l\u2019importance de la s\u00e9curit\u00e9 et des proc\u00e9dures par leurs actions et leur participation \u00e0 des activit\u00e9s guid\u00e9es et autodirig\u00e9es. Les apprenants deviennent de plus en plus efficaces dans leurs comp\u00e9tences et leurs concepts en mati\u00e8re de mouvement. Ils transf\u00e8rent les comp\u00e9tences d\u00e9j\u00e0 apprises \u00e0 des situations plus complexes. Il est recommand\u00e9 de faire au moins 30&nbsp;minutes d\u2019\u00e9ducation physique structur\u00e9e par jour pour am\u00e9liorer l\u2019endurance, la force, l\u2019\u00e9quilibre et la souplesse. Cela vient soutenir la sant\u00e9 et le mieux-\u00eatre imm\u00e9diatement et \u00e0 long terme.<\/p>\n<\/div>\n\n<div class=\"g-container\">\n<p>Lignes directrices relatives \u00e0 la s\u00e9curit\u00e9 en \u00e9ducation physique :<\/p>\n<\/div>\n\n<div class=\"g-container\">\n<ul class=\"wp-block-list\">\n<li><a href=\"https:\/\/www2.gnb.ca\/content\/dam\/gnb\/Departments\/ed\/pdf\/K12\/curric\/Health-PhysicalEducation\/SafetyGuidelinesElementaryMiddleCurricular.pdf\" target=\"_blank\" rel=\"noreferrer noopener\">Curricular<\/a>&nbsp;(anglais seulement)<\/li>\n\n\n\n<li><a href=\"https:\/\/www2.gnb.ca\/content\/dam\/gnb\/Departments\/ed\/pdf\/K12\/curric\/Health-PhysicalEducation\/SafetyGuidelinesElementaryMSIntramural.pdf\" target=\"_blank\" rel=\"noreferrer noopener\">Intramural<\/a>&nbsp;(anglais seulement)<\/li>\n\n\n\n<li><a href=\"https:\/\/www2.gnb.ca\/content\/dam\/gnb\/Departments\/ed\/pdf\/K12\/curric\/Health-PhysicalEducation\/SafetyGuidelinesElementaryMSInterschoolAthletics.pdf\" target=\"_blank\" rel=\"noreferrer noopener\">Interschool&nbsp;<\/a>(anglais seulement)<\/li>\n<\/ul>\n<\/div>","protected":false},"excerpt":{"rendered":"<p>En \u00e9ducation physique, les apprenants fixent des buts et font des choix positifs concernant leur sant\u00e9 et leur mieux-\u00eatre physique et ils sont \u00e0 l\u2019aff\u00fbt d\u2019occasions accrues de prendre des d\u00e9cisions saines. Ils montrent leur compr\u00e9hension de l\u2019importance de la s\u00e9curit\u00e9 et des proc\u00e9dures par leurs actions et leur participation \u00e0 des activit\u00e9s guid\u00e9es et [&hellip;]<\/p>\n","protected":false},"author":6,"featured_media":0,"parent":1827,"menu_order":0,"comment_status":"closed","ping_status":"closed","template":"pages\/template-subject.php","meta":{"_acf_changed":false,"footnotes":""},"class_list":["post-2235","page","type-page","status-publish","hentry"],"acf":[],"_links":{"self":[{"href":"https:\/\/curriculum.nbed.ca\/fr\/wp-json\/wp\/v2\/pages\/2235","targetHints":{"allow":["GET"]}}],"collection":[{"href":"https:\/\/curriculum.nbed.ca\/fr\/wp-json\/wp\/v2\/pages"}],"about":[{"href":"https:\/\/curriculum.nbed.ca\/fr\/wp-json\/wp\/v2\/types\/page"}],"author":[{"embeddable":true,"href":"https:\/\/curriculum.nbed.ca\/fr\/wp-json\/wp\/v2\/users\/6"}],"replies":[{"embeddable":true,"href":"https:\/\/curriculum.nbed.ca\/fr\/wp-json\/wp\/v2\/comments?post=2235"}],"version-history":[{"count":13,"href":"https:\/\/curriculum.nbed.ca\/fr\/wp-json\/wp\/v2\/pages\/2235\/revisions"}],"predecessor-version":[{"id":7567,"href":"https:\/\/curriculum.nbed.ca\/fr\/wp-json\/wp\/v2\/pages\/2235\/revisions\/7567"}],"up":[{"embeddable":true,"href":"https:\/\/curriculum.nbed.ca\/fr\/wp-json\/wp\/v2\/pages\/1827"}],"wp:attachment":[{"href":"https:\/\/curriculum.nbed.ca\/fr\/wp-json\/wp\/v2\/media?parent=2235"}],"curies":[{"name":"wp","href":"https:\/\/api.w.org\/{rel}","templated":true}]}}