{"id":2183,"date":"2023-04-03T13:55:28","date_gmt":"2023-04-03T13:55:28","guid":{"rendered":"https:\/\/curriculum.nbed.ca\/domaines-dapprentissage\/elementaire\/mathematics\/"},"modified":"2025-08-28T13:09:39","modified_gmt":"2025-08-28T13:09:39","slug":"mathematiques","status":"publish","type":"page","link":"https:\/\/curriculum.nbed.ca\/fr\/domaines-dapprentissage\/elementaire\/mathematiques\/","title":{"rendered":"Math\u00e9matiques"},"content":{"rendered":"<div class=\"g-container\">\n<p>Au niveau \u00e9l\u00e9mentaire, l&rsquo;apprentissage des math\u00e9matiques prolonge et int\u00e8gre les concepts de num\u00e9ratie pr\u00e9coce. L&rsquo;enseignement doit \u00eatre con\u00e7u en pla\u00e7ant la personne apprenante au centre et offrir des occasions riches et pertinentes de d\u00e9couvrir les math\u00e9matiques par le biais d&rsquo;un enseignement direct, de l&rsquo;enqu\u00eate et de l&rsquo;apprentissage par l&rsquo;exp\u00e9rience. Avoir des attentes \u00e9lev\u00e9es pour tous, accorder la plus grande importance \u00e0 chaque personne apprenante et cr\u00e9er des espaces d&rsquo;apprentissage s\u00fbrs qui favorisent les efforts productifs sont des \u00e9l\u00e9ments essentiels qui favorisent une attitude positive et permettent de former des math\u00e9maticiens confiants et comp\u00e9tents. Les cours de math\u00e9matiques qui utilisent des outils et du mat\u00e9riel de manipulation invitent toutes les personnes apprenantes \u00e0 d\u00e9velopper une compr\u00e9hension conceptuelle approfondie. Elles comprennent les math\u00e9matiques et affinent leurs propres id\u00e9es en partageant leur r\u00e9flexion avec leurs pairs et en utilisant un langage math\u00e9matique pr\u00e9cis. Encourager les personnes apprenantes \u00e0 poser des questions, \u00e0 faire des pr\u00e9dictions et \u00e0 expliquer leur r\u00e9flexion d\u00e9veloppe leurs capacit\u00e9s de raisonnement et de r\u00e9solution de probl\u00e8mes et les active en tant que ressources d&rsquo;apprentissage les uns pour les autres.<\/p>\n<\/div>\n\n<div class=\"g-container\">\n<p>Le document mis \u00e0 jour du programme holistique de math\u00e9matiques du Nouveau-Brunswick est disponible ici :<\/p>\n<\/div>\n\n<div class=\"g-container\">\n<div style=\"height:22px\" aria-hidden=\"true\" class=\"wp-block-spacer\"><\/div>\n<\/div>\n\n<div class=\"g-container\">\n<div class=\"wp-block-columns is-layout-flex wp-container-core-columns-is-layout-9d6595d7 wp-block-columns-is-layout-flex\">\n<div class=\"wp-block-column is-layout-flow wp-block-column-is-layout-flow\" style=\"flex-basis:66.66%\"><div class=\"g-container\">\n<div class=\"wp-block-buttons is-content-justification-center is-layout-flex wp-container-core-buttons-is-layout-8057eaf3 wp-block-buttons-is-layout-flex\">\n<div class=\"wp-block-button has-custom-width wp-block-button__width-75\"><a class=\"wp-block-button__link has-cyan-bluish-gray-background-color has-background has-custom-font-size wp-element-button\" href=\"https:\/\/nbed.sharepoint.com\/:b:\/r\/sites\/InDevelopment\/Mathematics\/Curriculum%20Drafts\/FI3-5Maths_Curr_20250820-FINALDRAFT-FORRELEASE-v0.2%20FINAL%20August20-2028.pdf?csf=1&amp;web=1&amp;e=VoJd5x\" style=\"font-size:14px\" target=\"_blank\" rel=\"noreferrer noopener\"><strong>Programme de math\u00e9matiques :<\/strong> <strong>\u00e9l\u00e9mentaire [NBED]<\/strong><\/a><\/div>\n<\/div>\n<\/div><\/div>\n\n\n\n<div class=\"wp-block-column is-layout-flow wp-block-column-is-layout-flow\" style=\"flex-basis:33.33%\"><div class=\"g-container\">\n<ul class=\"wp-block-list\">\n<li><a href=\"https:\/\/nbed.sharepoint.com\/sites\/mip\" data-type=\"link\" data-id=\"https:\/\/forms.office.com\/pages\/responsepage.aspx?id=318rTdLEEUmHCWjML0Zcn6f85OTY9M9MlYlUlKNqLslUOU5RRlI5T0tWNUtTSUVLQ0JHUUpMV1RGNC4u&amp;route=shorturl\" target=\"_blank\" rel=\"noreferrer noopener\">Ressources M \u00e0 8<\/a> [NBED]<\/li>\n<\/ul>\n<\/div><\/div>\n<\/div>\n<\/div>\n\n<div class=\"g-container\">\n<div style=\"height:40px\" aria-hidden=\"true\" class=\"wp-block-spacer\"><\/div>\n<\/div>","protected":false},"excerpt":{"rendered":"<p>Au niveau \u00e9l\u00e9mentaire, l&rsquo;apprentissage des math\u00e9matiques prolonge et int\u00e8gre les concepts de num\u00e9ratie pr\u00e9coce. L&rsquo;enseignement doit \u00eatre con\u00e7u en pla\u00e7ant la personne apprenante au centre et offrir des occasions riches et pertinentes de d\u00e9couvrir les math\u00e9matiques par le biais d&rsquo;un enseignement direct, de l&rsquo;enqu\u00eate et de l&rsquo;apprentissage par l&rsquo;exp\u00e9rience. Avoir des attentes \u00e9lev\u00e9es pour tous, [&hellip;]<\/p>\n","protected":false},"author":6,"featured_media":0,"parent":1249,"menu_order":0,"comment_status":"closed","ping_status":"closed","template":"pages\/template-subject.php","meta":{"_acf_changed":false,"footnotes":""},"class_list":["post-2183","page","type-page","status-publish","hentry"],"acf":[],"_links":{"self":[{"href":"https:\/\/curriculum.nbed.ca\/fr\/wp-json\/wp\/v2\/pages\/2183","targetHints":{"allow":["GET"]}}],"collection":[{"href":"https:\/\/curriculum.nbed.ca\/fr\/wp-json\/wp\/v2\/pages"}],"about":[{"href":"https:\/\/curriculum.nbed.ca\/fr\/wp-json\/wp\/v2\/types\/page"}],"author":[{"embeddable":true,"href":"https:\/\/curriculum.nbed.ca\/fr\/wp-json\/wp\/v2\/users\/6"}],"replies":[{"embeddable":true,"href":"https:\/\/curriculum.nbed.ca\/fr\/wp-json\/wp\/v2\/comments?post=2183"}],"version-history":[{"count":34,"href":"https:\/\/curriculum.nbed.ca\/fr\/wp-json\/wp\/v2\/pages\/2183\/revisions"}],"predecessor-version":[{"id":10767,"href":"https:\/\/curriculum.nbed.ca\/fr\/wp-json\/wp\/v2\/pages\/2183\/revisions\/10767"}],"up":[{"embeddable":true,"href":"https:\/\/curriculum.nbed.ca\/fr\/wp-json\/wp\/v2\/pages\/1249"}],"wp:attachment":[{"href":"https:\/\/curriculum.nbed.ca\/fr\/wp-json\/wp\/v2\/media?parent=2183"}],"curies":[{"name":"wp","href":"https:\/\/api.w.org\/{rel}","templated":true}]}}