{"id":2149,"date":"2023-04-03T14:53:07","date_gmt":"2023-04-03T14:53:07","guid":{"rendered":"https:\/\/curriculum.nbed.ca\/domaines-dapprentissage\/elementaire\/visual-arts\/"},"modified":"2025-12-24T14:22:58","modified_gmt":"2025-12-24T14:22:58","slug":"arts-visuels","status":"publish","type":"page","link":"https:\/\/curriculum.nbed.ca\/fr\/domaines-dapprentissage\/elementaire\/arts-visuels\/","title":{"rendered":"Arts visuels"},"content":{"rendered":"<div class=\"g-container\">\n<p>Les apprenants accordent de la valeur \u00e0 leurs comp\u00e9tences en tant qu\u2019artistes et r\u00e9fl\u00e9chissent aux \u0153uvres qu\u2019ils cr\u00e9ent. Ils acqui\u00e8rent la capacit\u00e9 de collaborer et peuvent communiquer des id\u00e9es et des impressions sur les \u0153uvres cr\u00e9\u00e9es par les autres de fa\u00e7on respectueuse. Les apprenants r\u00e9alisent que leur art est une expression de leur exp\u00e9rience, de leurs id\u00e9es et de leur identit\u00e9. Les apprenants cr\u00e9ent des \u0153uvres plus d\u00e9taill\u00e9es et appliquent les comp\u00e9tences, les techniques et le vocabulaire appris dans leurs \u0153uvres. Ils connaissent mieux les \u00e9l\u00e9ments et les principes artistiques et en font l\u2019exp\u00e9rience. Les apprenants explorent le processus cr\u00e9atif qui inclut la planification, les tests, le raffinement, la r\u00e9solution de probl\u00e8mes et l\u2019acceptation du fait que les r\u00e9sultats peuvent \u00eatre interpr\u00e9t\u00e9s par les autres.<\/p>\n<\/div>\n\n<div class=\"g-container\">\n<p class=\"has-white-color has-text-color has-background has-link-color wp-elements-da4d80c1614482e7aab2a5a41ba6d7c4\" style=\"background:linear-gradient(135deg,rgb(1,105,96) 0%,rgb(255,255,255) 100%)\"><strong>Pour le personnel \u00e9ducatif :<\/strong><\/p>\n<\/div>\n\n<div class=\"g-container\">\n<div class=\"wp-block-columns is-layout-flex wp-container-core-columns-is-layout-9d6595d7 wp-block-columns-is-layout-flex\">\n<div class=\"wp-block-column is-layout-flow wp-block-column-is-layout-flow\"><div class=\"g-container\">\n<ul class=\"wp-block-list\">\n<li><a href=\"https:\/\/nbed.sharepoint.com\/:b:\/r\/sites\/InDevelopment\/Creative%20Arts\/Companion%20Guides\/VisualArtK-8_CompGuide_202507_v5.0_Final_2028.pdf?csf=1&amp;web=1&amp;e=SLPeUE\" data-type=\"link\" data-id=\"https:\/\/nbed.sharepoint.com\/:b:\/r\/sites\/InDevelopment\/Creative%20Arts\/Companion%20Guides\/VisualArtK-8_CompGuide_202507_v5.0_Final_2028.pdf?csf=1&amp;web=1&amp;e=SLPeUE\" target=\"_blank\" rel=\"noreferrer noopener\">Document d&rsquo;accompagnement &#8211; Arts visuels K-8 (anglais)<\/a><\/li>\n<\/ul>\n<\/div><\/div>\n\n\n\n<div class=\"wp-block-column is-layout-flow wp-block-column-is-layout-flow\"><div class=\"g-container\">\n<p><strong>\u2794 PL Hub: <\/strong><a href=\"https:\/\/plhub.nbed.ca\/curriculum-learning-areas\/?dfg_page=1&amp;dfg_filter=246\" target=\"_blank\" rel=\"noreferrer noopener\">Creative<\/a><a href=\"https:\/\/plhub.nbed.ca\/curriculum-learning-areas\/?dfg_page=1&amp;dfg_filter=246\" data-type=\"link\" data-id=\"https:\/\/plhub.nbed.ca\/curriculum-learning-areas\/?dfg_page=1&amp;dfg_filter=246\" target=\"_blank\" rel=\"noreferrer noopener\"> Arts<\/a><\/p>\n<\/div><\/div>\n<\/div>\n<\/div>","protected":false},"excerpt":{"rendered":"<p>Les apprenants accordent de la valeur \u00e0 leurs comp\u00e9tences en tant qu\u2019artistes et r\u00e9fl\u00e9chissent aux \u0153uvres qu\u2019ils cr\u00e9ent. Ils acqui\u00e8rent la capacit\u00e9 de collaborer et peuvent communiquer des id\u00e9es et des impressions sur les \u0153uvres cr\u00e9\u00e9es par les autres de fa\u00e7on respectueuse. Les apprenants r\u00e9alisent que leur art est une expression de leur exp\u00e9rience, de [&hellip;]<\/p>\n","protected":false},"author":6,"featured_media":0,"parent":1249,"menu_order":0,"comment_status":"closed","ping_status":"closed","template":"pages\/template-subject.php","meta":{"_acf_changed":false,"footnotes":""},"class_list":["post-2149","page","type-page","status-publish","hentry"],"acf":[],"_links":{"self":[{"href":"https:\/\/curriculum.nbed.ca\/fr\/wp-json\/wp\/v2\/pages\/2149","targetHints":{"allow":["GET"]}}],"collection":[{"href":"https:\/\/curriculum.nbed.ca\/fr\/wp-json\/wp\/v2\/pages"}],"about":[{"href":"https:\/\/curriculum.nbed.ca\/fr\/wp-json\/wp\/v2\/types\/page"}],"author":[{"embeddable":true,"href":"https:\/\/curriculum.nbed.ca\/fr\/wp-json\/wp\/v2\/users\/6"}],"replies":[{"embeddable":true,"href":"https:\/\/curriculum.nbed.ca\/fr\/wp-json\/wp\/v2\/comments?post=2149"}],"version-history":[{"count":9,"href":"https:\/\/curriculum.nbed.ca\/fr\/wp-json\/wp\/v2\/pages\/2149\/revisions"}],"predecessor-version":[{"id":11270,"href":"https:\/\/curriculum.nbed.ca\/fr\/wp-json\/wp\/v2\/pages\/2149\/revisions\/11270"}],"up":[{"embeddable":true,"href":"https:\/\/curriculum.nbed.ca\/fr\/wp-json\/wp\/v2\/pages\/1249"}],"wp:attachment":[{"href":"https:\/\/curriculum.nbed.ca\/fr\/wp-json\/wp\/v2\/media?parent=2149"}],"curies":[{"name":"wp","href":"https:\/\/api.w.org\/{rel}","templated":true}]}}