{"id":2131,"date":"2023-04-03T14:49:51","date_gmt":"2023-04-03T14:49:51","guid":{"rendered":"https:\/\/curriculum.nbed.ca\/domaines-dapprentissage\/elementaire\/music\/"},"modified":"2023-08-31T02:59:13","modified_gmt":"2023-08-31T02:59:13","slug":"musique","status":"publish","type":"page","link":"https:\/\/curriculum.nbed.ca\/fr\/domaines-dapprentissage\/elementaire\/musique\/","title":{"rendered":"Musique"},"content":{"rendered":"<div class=\"g-container\">\n<p>Les apprenants participent \u00e0 des occasions structur\u00e9es et cr\u00e9atives par la pratique, la collaboration et la prestation. Ils perfectionnent la ma\u00eetrise vocale et instrumentale et ils composent et chantent leurs propres chansons. Les apprenants r\u00e9pondent \u00e0 la musique par des mouvements et en perfectionnant leur litt\u00e9ratie musicale. Ils \u00e9tablissent des liens entre la musique et les \u00e9motions et d\u00e9terminent de fa\u00e7on explicite les \u00e9l\u00e9ments qui contribuent aux \u00e9motions. Les apprenants discutent de l\u2019intention des compositeurs, des \u00e9l\u00e9ments musicaux, des pratiques culturelles, du r\u00f4le que joue la musique dans leur vie et de divers h\u00e9ritages musicaux.<\/p>\n<\/div>","protected":false},"excerpt":{"rendered":"<p>Les apprenants participent \u00e0 des occasions structur\u00e9es et cr\u00e9atives par la pratique, la collaboration et la prestation. Ils perfectionnent la ma\u00eetrise vocale et instrumentale et ils composent et chantent leurs propres chansons. Les apprenants r\u00e9pondent \u00e0 la musique par des mouvements et en perfectionnant leur litt\u00e9ratie musicale. Ils \u00e9tablissent des liens entre la musique et [&hellip;]<\/p>\n","protected":false},"author":6,"featured_media":0,"parent":1249,"menu_order":0,"comment_status":"closed","ping_status":"closed","template":"pages\/template-subject.php","meta":{"_acf_changed":false,"footnotes":""},"class_list":["post-2131","page","type-page","status-publish","hentry"],"acf":[],"_links":{"self":[{"href":"https:\/\/curriculum.nbed.ca\/fr\/wp-json\/wp\/v2\/pages\/2131","targetHints":{"allow":["GET"]}}],"collection":[{"href":"https:\/\/curriculum.nbed.ca\/fr\/wp-json\/wp\/v2\/pages"}],"about":[{"href":"https:\/\/curriculum.nbed.ca\/fr\/wp-json\/wp\/v2\/types\/page"}],"author":[{"embeddable":true,"href":"https:\/\/curriculum.nbed.ca\/fr\/wp-json\/wp\/v2\/users\/6"}],"replies":[{"embeddable":true,"href":"https:\/\/curriculum.nbed.ca\/fr\/wp-json\/wp\/v2\/comments?post=2131"}],"version-history":[{"count":12,"href":"https:\/\/curriculum.nbed.ca\/fr\/wp-json\/wp\/v2\/pages\/2131\/revisions"}],"predecessor-version":[{"id":6529,"href":"https:\/\/curriculum.nbed.ca\/fr\/wp-json\/wp\/v2\/pages\/2131\/revisions\/6529"}],"up":[{"embeddable":true,"href":"https:\/\/curriculum.nbed.ca\/fr\/wp-json\/wp\/v2\/pages\/1249"}],"wp:attachment":[{"href":"https:\/\/curriculum.nbed.ca\/fr\/wp-json\/wp\/v2\/media?parent=2131"}],"curies":[{"name":"wp","href":"https:\/\/api.w.org\/{rel}","templated":true}]}}