{"id":2118,"date":"2023-04-03T14:51:51","date_gmt":"2023-04-03T14:51:51","guid":{"rendered":"https:\/\/curriculum.nbed.ca\/domaines-dapprentissage\/elementaire\/physical-education\/"},"modified":"2026-04-01T13:39:34","modified_gmt":"2026-04-01T13:39:34","slug":"education-physique","status":"publish","type":"page","link":"https:\/\/curriculum.nbed.ca\/fr\/domaines-dapprentissage\/elementaire\/education-physique\/","title":{"rendered":"\u00c9ducation physique"},"content":{"rendered":"<div class=\"g-container\">\n<p>Les apprenants prennent conscience de ce que signifie adopter un mode de vie sain et actif. Ils prennent des d\u00e9cisions sur les activit\u00e9s qui les int\u00e9ressent le plus. Les concepts fondamentaux du mouvement continuent d\u2019\u00eatre affin\u00e9s et les apprenants associent et transf\u00e8rent ces comp\u00e9tences \u00e0 d\u2019autres domaines d\u2019int\u00e9r\u00eats. L\u2019utilisation croissante des strat\u00e9gies par les apprenants leur permet d\u2019explorer divers r\u00f4les dans un contexte d\u2019\u00e9quipe gr\u00e2ce \u00e0 la collaboration. Les apprenants apprennent les routines, les proc\u00e9dures et les protocoles associ\u00e9s \u00e0 certains sports. La diversit\u00e9 des outils et des strat\u00e9gies des comp\u00e9tencessocio-\u00e9motionnel approfondit la conscience de soi et l\u2019autogestion et accro\u00eet l\u2019autonomie des apprenants. Il est recommand\u00e9 de faire 30&nbsp;minutes d\u2019\u00e9ducation physique structur\u00e9e par jour pour am\u00e9liorer l\u2019endurance, la force, l\u2019\u00e9quilibre et la souplesse. Cela vient soutenir la sant\u00e9 et le mieux-\u00eatre imm\u00e9diats et \u00e0 long terme.<\/p>\n<\/div>\n\n<div class=\"g-container\">\n<p class=\"has-white-color has-text-color has-background has-link-color wp-elements-5e35ac6b8a18bf5d7b180c053285175d\" style=\"background:linear-gradient(135deg,rgb(1,105,96) 0%,rgb(255,255,255) 100%)\"><strong>Pour le personnel \u00e9ducatif :<\/strong><\/p>\n<\/div>\n\n<div class=\"g-container\">\n<div class=\"wp-block-columns is-layout-flex wp-container-core-columns-is-layout-9d6595d7 wp-block-columns-is-layout-flex\">\n<div class=\"wp-block-column is-layout-flow wp-block-column-is-layout-flow\"><div class=\"g-container\">\n<ul class=\"wp-block-list\">\n<li><a href=\"https:\/\/nbed.sharepoint.com\/:b:\/r\/sites\/InDevelopment\/Physical%20Education\/Companion%20Guides\/PhysicalEducationK-9_CompGuide_20250714_v3.0_Final_2028.pdf?csf=1&amp;web=1&amp;e=2AwMgW\" data-type=\"link\" data-id=\"https:\/\/nbed.sharepoint.com\/:b:\/r\/sites\/InDevelopment\/Physical%20Education\/Companion%20Guides\/PhysicalEducationK-9_CompGuide_20250714_v3.0_Final_2028.pdf?csf=1&amp;web=1&amp;e=2AwMgW\" target=\"_blank\" rel=\"noreferrer noopener\">Document d&rsquo;accompagnement &#8211; \u00c9ducation physique K-9 (en anglais)<\/a><\/li>\n<\/ul>\n<\/div><\/div>\n\n\n\n<div class=\"wp-block-column is-layout-flow wp-block-column-is-layout-flow\"><div class=\"g-container\">\n<p><strong>Lignes directrices relatives \u00e0 la s\u00e9curit\u00e9 en \u00e9ducation physique :<\/strong><\/p>\n<\/div>\n\n<div class=\"g-container\">\n<ul class=\"wp-block-list\">\n<li><a href=\"https:\/\/www2.gnb.ca\/content\/dam\/gnb\/Departments\/ed\/pdf\/K12\/curric\/Health-PhysicalEducation\/SafetyGuidelinesElementaryMiddleCurricular.pdf\" target=\"_blank\" rel=\"noreferrer noopener\">Curricular<\/a>&nbsp;(anglais seulement)<\/li>\n\n\n\n<li><a href=\"https:\/\/www2.gnb.ca\/content\/dam\/gnb\/Departments\/ed\/pdf\/K12\/curric\/Health-PhysicalEducation\/SafetyGuidelinesElementaryMSIntramural.pdf\" target=\"_blank\" rel=\"noreferrer noopener\">Intramural<\/a>&nbsp;(anglais seulement)<\/li>\n\n\n\n<li><a href=\"https:\/\/www2.gnb.ca\/content\/dam\/gnb\/Departments\/ed\/pdf\/K12\/curric\/Health-PhysicalEducation\/SafetyGuidelinesElementaryMSInterschoolAthletics.pdf\" target=\"_blank\" rel=\"noreferrer noopener\">Interschool&nbsp;<\/a>(anglais seulement)<\/li>\n<\/ul>\n<\/div><\/div>\n<\/div>\n<\/div>\n\n<div class=\"g-container\">\n<p><\/p>\n<\/div>","protected":false},"excerpt":{"rendered":"<p>Les apprenants prennent conscience de ce que signifie adopter un mode de vie sain et actif. Ils prennent des d\u00e9cisions sur les activit\u00e9s qui les int\u00e9ressent le plus. Les concepts fondamentaux du mouvement continuent d\u2019\u00eatre affin\u00e9s et les apprenants associent et transf\u00e8rent ces comp\u00e9tences \u00e0 d\u2019autres domaines d\u2019int\u00e9r\u00eats. L\u2019utilisation croissante des strat\u00e9gies par les apprenants [&hellip;]<\/p>\n","protected":false},"author":6,"featured_media":0,"parent":1249,"menu_order":0,"comment_status":"closed","ping_status":"closed","template":"pages\/template-subject.php","meta":{"_acf_changed":false,"footnotes":""},"class_list":["post-2118","page","type-page","status-publish","hentry"],"acf":[],"_links":{"self":[{"href":"https:\/\/curriculum.nbed.ca\/fr\/wp-json\/wp\/v2\/pages\/2118","targetHints":{"allow":["GET"]}}],"collection":[{"href":"https:\/\/curriculum.nbed.ca\/fr\/wp-json\/wp\/v2\/pages"}],"about":[{"href":"https:\/\/curriculum.nbed.ca\/fr\/wp-json\/wp\/v2\/types\/page"}],"author":[{"embeddable":true,"href":"https:\/\/curriculum.nbed.ca\/fr\/wp-json\/wp\/v2\/users\/6"}],"replies":[{"embeddable":true,"href":"https:\/\/curriculum.nbed.ca\/fr\/wp-json\/wp\/v2\/comments?post=2118"}],"version-history":[{"count":23,"href":"https:\/\/curriculum.nbed.ca\/fr\/wp-json\/wp\/v2\/pages\/2118\/revisions"}],"predecessor-version":[{"id":11619,"href":"https:\/\/curriculum.nbed.ca\/fr\/wp-json\/wp\/v2\/pages\/2118\/revisions\/11619"}],"up":[{"embeddable":true,"href":"https:\/\/curriculum.nbed.ca\/fr\/wp-json\/wp\/v2\/pages\/1249"}],"wp:attachment":[{"href":"https:\/\/curriculum.nbed.ca\/fr\/wp-json\/wp\/v2\/media?parent=2118"}],"curies":[{"name":"wp","href":"https:\/\/api.w.org\/{rel}","templated":true}]}}