{"id":2103,"date":"2023-04-03T14:55:10","date_gmt":"2023-04-03T14:55:10","guid":{"rendered":"https:\/\/curriculum.nbed.ca\/domaines-dapprentissage\/intermediaire\/wabanaki-languages\/"},"modified":"2026-02-12T15:12:03","modified_gmt":"2026-02-12T15:12:03","slug":"langues-des-wabanakis","status":"publish","type":"page","link":"https:\/\/curriculum.nbed.ca\/fr\/domaines-dapprentissage\/intermediaire\/langues-des-wabanakis\/","title":{"rendered":"Langues des Wabanakis"},"content":{"rendered":"<div class=\"g-container\">\n<p>Les personnes apprenantes inscrits aux cours de langues wabanaki d\u00e9veloppent les comp\u00e9tences n\u00e9cessaires pour communiquer dans divers contextes, tout en d\u00e9couvrant que la langue est bien plus que des \u00e9changes quotidiens. La langue est vivante. Elle transmet le pass\u00e9 et \u00e9claire le pr\u00e9sent. L\u2019apprentissage des langues wabanaki vise \u00e0 renforcer la fiert\u00e9 culturelle des personnes apprenantes wabanaki. Gr\u00e2ce \u00e0 la langue, les visions du monde, les c\u00e9r\u00e9monies, les enseignements et les philosophies des peuples wabanaki sont pr\u00e9serv\u00e9s, revitalis\u00e9s et r\u00e9tablis dans leur juste place.<\/p>\n<\/div>\n\n<div class=\"g-container\">\n<div class=\"wp-block-columns is-layout-flex wp-container-core-columns-is-layout-9d6595d7 wp-block-columns-is-layout-flex\">\n<div class=\"wp-block-column is-layout-flow wp-block-column-is-layout-flow\"><div class=\"g-container\">\n<p>\u2794 <a href=\"https:\/\/curriculum.nbed.ca\/fr\/domaines-dapprentissage\/intermediaire\/langues-des-wabanakis\/langues-des-wabanakis-mikmaq\/\">Mi\u2019kmaq<\/a><\/p>\n<\/div><\/div>\n\n\n\n<div class=\"wp-block-column is-layout-flow wp-block-column-is-layout-flow\"><div class=\"g-container\">\n<p>\u2794 <a href=\"https:\/\/curriculum.nbed.ca\/fr\/domaines-dapprentissage\/intermediaire\/langues-des-wabanakis\/langues-des-wabanakis-wolastoqey-latuwewakon\/\">Wolastoqey latuwewakon<\/a><\/p>\n<\/div><\/div>\n<\/div>\n<\/div>\n\n<div class=\"g-container\">\n<p><strong>Une programmation linguistique d\u2019enrichissement est offerte dans certaines \u00e9coles des districts scolaires anglophones Nord et Ouest qui accueillent des personnes apprenantes des communaut\u00e9s des Premi\u00e8res Nations.<\/strong><\/p>\n<\/div>\n\n<div class=\"g-container\">\n<ul class=\"wp-block-list\">\n<li>Pour plus d\u2019information sur la programmation d\u2019enrichissement pour ASD\u2011North : <a href=\"mailto:Melissa.Dedam@nbed.nb.ca\"><strong>Melissa.Dedam@nbed.nb.ca<\/strong><\/a><\/li>\n\n\n\n<li>Pour plus d\u2019information sur la programmation d\u2019enrichissement pour ASD\u2011West :<a href=\"mailto:Sarah.Francis@nbed.nb.ca\"><strong> Sarah.Francis@nbed.nb.ca<\/strong><\/a><\/li>\n<\/ul>\n<\/div>\n\n<div class=\"g-container\">\n<p><em>Veuillez noter que, m\u00eame si des cours de langue d\u00e9di\u00e9s sont offerts dans les \u00e9coles d\u2019enrichissement pour les personnes apprenantes wabanaki, <strong>tout le personnel enseignant est encourag\u00e9 \u00e0 int\u00e9grer les langues wabanaki dans son enseignement.<\/strong><\/em><strong><\/strong><\/p>\n<\/div>\n\n<div class=\"g-container\">\n<p><\/p>\n<\/div>","protected":false},"excerpt":{"rendered":"<p>Les personnes apprenantes inscrits aux cours de langues wabanaki d\u00e9veloppent les comp\u00e9tences n\u00e9cessaires pour communiquer dans divers contextes, tout en d\u00e9couvrant que la langue est bien plus que des \u00e9changes quotidiens. La langue est vivante. Elle transmet le pass\u00e9 et \u00e9claire le pr\u00e9sent. L\u2019apprentissage des langues wabanaki vise \u00e0 renforcer la fiert\u00e9 culturelle des personnes [&hellip;]<\/p>\n","protected":false},"author":6,"featured_media":0,"parent":1827,"menu_order":0,"comment_status":"closed","ping_status":"closed","template":"pages\/template-subject.php","meta":{"_acf_changed":false,"footnotes":""},"class_list":["post-2103","page","type-page","status-publish","hentry"],"acf":[],"_links":{"self":[{"href":"https:\/\/curriculum.nbed.ca\/fr\/wp-json\/wp\/v2\/pages\/2103","targetHints":{"allow":["GET"]}}],"collection":[{"href":"https:\/\/curriculum.nbed.ca\/fr\/wp-json\/wp\/v2\/pages"}],"about":[{"href":"https:\/\/curriculum.nbed.ca\/fr\/wp-json\/wp\/v2\/types\/page"}],"author":[{"embeddable":true,"href":"https:\/\/curriculum.nbed.ca\/fr\/wp-json\/wp\/v2\/users\/6"}],"replies":[{"embeddable":true,"href":"https:\/\/curriculum.nbed.ca\/fr\/wp-json\/wp\/v2\/comments?post=2103"}],"version-history":[{"count":15,"href":"https:\/\/curriculum.nbed.ca\/fr\/wp-json\/wp\/v2\/pages\/2103\/revisions"}],"predecessor-version":[{"id":11537,"href":"https:\/\/curriculum.nbed.ca\/fr\/wp-json\/wp\/v2\/pages\/2103\/revisions\/11537"}],"up":[{"embeddable":true,"href":"https:\/\/curriculum.nbed.ca\/fr\/wp-json\/wp\/v2\/pages\/1827"}],"wp:attachment":[{"href":"https:\/\/curriculum.nbed.ca\/fr\/wp-json\/wp\/v2\/media?parent=2103"}],"curies":[{"name":"wp","href":"https:\/\/api.w.org\/{rel}","templated":true}]}}