{"id":2059,"date":"2023-04-03T14:50:08","date_gmt":"2023-04-03T14:50:08","guid":{"rendered":"https:\/\/curriculum.nbed.ca\/domaines-dapprentissage\/intermediaire\/music\/"},"modified":"2023-08-31T03:03:03","modified_gmt":"2023-08-31T03:03:03","slug":"musique","status":"publish","type":"page","link":"https:\/\/curriculum.nbed.ca\/fr\/domaines-dapprentissage\/intermediaire\/musique\/","title":{"rendered":"Musique"},"content":{"rendered":"<div class=\"g-container\">\n<p>En musique, les apprenants continuent d\u2019approfondir leur capacit\u00e9 \u00e0 associer l\u2019apprentissage de la musique \u00e0 leurs exp\u00e9riences personnelles ou \u00e0 leur contexte. Ils composent de fa\u00e7on autonome et avec peu de consignes, explorent le r\u00f4le de la musique dans la soci\u00e9t\u00e9 et r\u00e9fl\u00e9chissent \u00e0 son pouvoir pour susciter un changement chez les gens et les groupes. Tout en am\u00e9liorant leur ma\u00eetrise de certains instruments et en apprenant de nouvelles comp\u00e9tences sur d\u2019autres, les apprenants cr\u00e9ent et composent leurs propres \u0153uvres et continuent de perfectionner la communication en choisissant des chansons qui refl\u00e8tent une humeur ou une intention. Les apprenants cr\u00e9ent, \u00e9tablissent des liens et communiquent par la musique avec une confiance grandissante en tant que musiciens et cr\u00e9ateurs.<\/p>\n<\/div>","protected":false},"excerpt":{"rendered":"<p>En musique, les apprenants continuent d\u2019approfondir leur capacit\u00e9 \u00e0 associer l\u2019apprentissage de la musique \u00e0 leurs exp\u00e9riences personnelles ou \u00e0 leur contexte. Ils composent de fa\u00e7on autonome et avec peu de consignes, explorent le r\u00f4le de la musique dans la soci\u00e9t\u00e9 et r\u00e9fl\u00e9chissent \u00e0 son pouvoir pour susciter un changement chez les gens et les [&hellip;]<\/p>\n","protected":false},"author":6,"featured_media":0,"parent":1827,"menu_order":0,"comment_status":"closed","ping_status":"closed","template":"pages\/template-subject.php","meta":{"_acf_changed":false,"footnotes":""},"class_list":["post-2059","page","type-page","status-publish","hentry"],"acf":[],"_links":{"self":[{"href":"https:\/\/curriculum.nbed.ca\/fr\/wp-json\/wp\/v2\/pages\/2059","targetHints":{"allow":["GET"]}}],"collection":[{"href":"https:\/\/curriculum.nbed.ca\/fr\/wp-json\/wp\/v2\/pages"}],"about":[{"href":"https:\/\/curriculum.nbed.ca\/fr\/wp-json\/wp\/v2\/types\/page"}],"author":[{"embeddable":true,"href":"https:\/\/curriculum.nbed.ca\/fr\/wp-json\/wp\/v2\/users\/6"}],"replies":[{"embeddable":true,"href":"https:\/\/curriculum.nbed.ca\/fr\/wp-json\/wp\/v2\/comments?post=2059"}],"version-history":[{"count":18,"href":"https:\/\/curriculum.nbed.ca\/fr\/wp-json\/wp\/v2\/pages\/2059\/revisions"}],"predecessor-version":[{"id":6530,"href":"https:\/\/curriculum.nbed.ca\/fr\/wp-json\/wp\/v2\/pages\/2059\/revisions\/6530"}],"up":[{"embeddable":true,"href":"https:\/\/curriculum.nbed.ca\/fr\/wp-json\/wp\/v2\/pages\/1827"}],"wp:attachment":[{"href":"https:\/\/curriculum.nbed.ca\/fr\/wp-json\/wp\/v2\/media?parent=2059"}],"curies":[{"name":"wp","href":"https:\/\/api.w.org\/{rel}","templated":true}]}}