{"id":1964,"date":"2023-04-21T18:57:49","date_gmt":"2023-04-21T18:57:49","guid":{"rendered":"https:\/\/curriculum.nbed.ca\/cadre-du-programme-detudes\/foundational-to-how-and-what-we-teach-vision\/"},"modified":"2024-05-08T18:19:23","modified_gmt":"2024-05-08T18:19:23","slug":"les-fondements-de-notre-facon-denseigner-et-de-nos-enseignements-vision","status":"publish","type":"page","link":"https:\/\/curriculum.nbed.ca\/fr\/cadre-du-programme-detudes\/les-fondements-de-notre-facon-denseigner-et-de-nos-enseignements-vision\/","title":{"rendered":"Les Fondements de Notre Fa\u00e7on D\u2019enseigner et de Nos Enseignements\u00a0: Vision"},"content":{"rendered":"<div class=\"g-container\">\n<div class=\"wp-block-columns block-framework cf-style-1 is-layout-flex wp-container-core-columns-is-layout-9d6595d7 wp-block-columns-is-layout-flex\">\n<div class=\"wp-block-column is-layout-flow wp-block-column-is-layout-flow\"><div class=\"g-container\">\n<div class=\"wp-block-columns block-header is-layout-flex wp-container-core-columns-is-layout-9d6595d7 wp-block-columns-is-layout-flex\">\n<div class=\"wp-block-column is-layout-flow wp-block-column-is-layout-flow\"><div class=\"g-container\">\n<h3 class=\"wp-block-heading has-text-align-left\">VISION<\/h3>\n<\/div><\/div>\n<\/div>\n<\/div>\n\n<div class=\"g-container\">\n<div class=\"wp-block-columns block-main is-layout-flex wp-container-core-columns-is-layout-9d6595d7 wp-block-columns-is-layout-flex\">\n<div class=\"wp-block-column is-layout-flow wp-block-column-is-layout-flow\"><div class=\"g-container\">\n<div class=\"wp-block-columns is-not-stacked-on-mobile block-columns is-layout-flex wp-container-core-columns-is-layout-9d6595d7 wp-block-columns-is-layout-flex\">\n<div class=\"wp-block-column is-layout-flow wp-block-column-is-layout-flow\" style=\"flex-basis:66.66%\"><div class=\"g-container\">\n<p>Le minist\u00e8re de l\u2019\u00c9ducation et du D\u00e9veloppement de la petite enfance du Nouveau-Brunswick (EDPE) supervise les programmes des garderies \u00e9ducatives et de la maternelle \u00e0 la 12<sup>e<\/sup>&nbsp;ann\u00e9e. Le programme d&rsquo;\u00e9tudes reconna\u00eet l&rsquo;apport des \u00e9ducatrices et \u00e9ducateurs, des chercheurs et des membres de la collectivit\u00e9 du Nouveau-Brunswick. En ce qui concerne la vision, les a\u00een\u00e9s qui si\u00e8gent au Conseil d&rsquo;\u00e9ducation Wabanaki ont fourni des conseils continus pour aider \u00e0 fa\u00e7onner le cadre du programme d&rsquo;\u00e9tudes selon une vision holistique qui respecte les connaissances et les points de vue du peuple Wabanakis. Ils ont introduit des concepts et des images pour souligner les relations entre l&rsquo;apprentissage et la terre et ont insist\u00e9 sur l&rsquo;importance de d\u00e9velopper les attitudes et les dispositions n\u00e9cessaires pour \u00eatre en harmonie les uns avec les autres et avec la nature. Ces conseils ont \u00e9t\u00e9 donn\u00e9s dans l&rsquo;espoir d&rsquo;une meilleure \u00e9ducation pour tous les enfants et les jeunes. Dans les cadres d\u2019\u00e9ducation de la petite enfance, les droits de l\u2019enfant occupent une place importante et l\u2019enfance est reconnue comme un \u00e2ge \u00e0 part enti\u00e8re.<\/p>\n<\/div>\n\n<div class=\"g-container\">\n<p>Le caract\u00e8re unique de chaque enfant est implicitement int\u00e9gr\u00e9 \u00e0 la philosophie des garderies \u00e9ducatives. Les visions des \u00e9ducatrices et \u00e9ducateurs privil\u00e9gient une approche ing\u00e9nieuse, collaborative et cr\u00e9ative pour permettre \u00e0 nos plus jeunes citoyens de participer pleinement \u00e0 la vie sociale et culturelle de leur communaut\u00e9. Les croyances sur les enfants et l\u2019enfance sont construites et interpr\u00e9t\u00e9es dans une optique sociale, \u00e9conomique et culturelle.<\/p>\n<\/div>\n\n<div class=\"g-container\">\n<p>La vision de l\u2019\u00e9ducation de la petite enfance est que tous les enfants s\u2019\u00e9panouissent pleinement dans la dignit\u00e9, avec une conscience de leur propre valeur et le go\u00fbt de la vie et de l\u2019apprentissage. Il s\u2019agit d\u2019une vision holistique qui vise \u00e0 fournir l\u2019environnement et les ressources n\u00e9cessaires pour soutenir le d\u00e9veloppement dynamique des jeunes enfants.<\/p>\n<\/div>\n\n<div class=\"g-container\">\n<p>Le Portrait of a Learner, cr\u00e9\u00e9 en consultation avec de nombreux droits et parties prenantes, oriente le curriculum de la maternelle \u00e0 la 12<sup>e<\/sup>&nbsp;ann\u00e9e.<\/p>\n<\/div>\n\n<div class=\"g-container\">\n<p>Ce curriculum est ax\u00e9 sur le d\u00e9veloppement d\u2019apprenants autod\u00e9termin\u00e9s et comp\u00e9tents, qui renforcent leur autonomie gr\u00e2ce \u00e0 leurs exp\u00e9riences.<\/p>\n<\/div>\n\n<div class=\"g-container\">\n<p>L\u2019\u00e9ducation vise \u00e0 fournir des exp\u00e9riences qui s\u2019appuient sur l\u2019\u00e9ducation de la petite enfance, l\u2019enseignement informel et l\u2019enseignement communautaire.<\/p>\n<\/div>\n\n<div class=\"g-container\">\n<p>Les \u00e9ducatrices et \u00e9ducateurs sont au c\u0153ur de l&rsquo;apprentissage pr\u00e9coce et des programmes de la maternelle \u00e0 la terminale. Ils con\u00e7oivent l&rsquo;environnement et l&rsquo;enseignement et travaillent directement avec les apprenants.\u00a0<\/p>\n<\/div>\n\n<div class=\"g-container\">\n<p>D\u00e9velopper l\u2019autonomie des apprenants, afin que chacun soit et se sente capable d\u2019agir pour am\u00e9liorer sa vie et celle des autres, aujourd\u2019hui et pour les g\u00e9n\u00e9rations futures.&nbsp;<\/p>\n<\/div>\n\n<div class=\"g-container\">\n<p>Les \u00e9ducatrices et \u00e9ducateurs sont la pierre angulaire d\u2019un curriculum de qualit\u00e9 et constituent l\u2019une des ressources les plus importantes de l\u2019exp\u00e9rience d\u2019apprentissage.<\/p>\n<\/div>\n\n<div class=\"g-container\">\n<p>Leur professionnalisme et leur collaboration entre eux et avec les apprenants, sont essentiels \u00e0 une culture de l&rsquo;apprentissage continu. Ils enseignent, facilitent et forment les apprenants et sont des mod\u00e8les d&rsquo;apprentissage tout au long de la vie. L&rsquo;\u00e9ducation est une profession d&rsquo;apprentissage et les innovations et l\u2019approche actionnel des \u00e9ducatrices et \u00e9ducateurs font partie d&rsquo;un syst\u00e8me de classe mondiale. Les r\u00e9seaux de soutien aux \u00e9ducatrices et \u00e9ducateurs, y compris les communaut\u00e9s dans lesquelles ils enseignent, doivent les tenir en haute estime, afin qu&rsquo;ils puissent faire de leur mieux pour les apprenants chaque jour.\u00a0<\/p>\n<\/div><\/div>\n\n\n\n<div class=\"wp-block-column col-side is-layout-flow wp-block-column-is-layout-flow\" style=\"flex-basis:29.5%\"><div class=\"g-container\">\n<blockquote class=\"wp-block-quote is-layout-flow wp-block-quote-is-layout-flow\"><div class=\"g-container\">\n<p>D\u00e9velopper l\u2019autonomie des apprenants, afin que chacun soit et se sente capable d\u2019agir pour am\u00e9liorer sa vie et celle des autres, aujourd\u2019hui et pour les g\u00e9n\u00e9rations futures.<\/p>\n<\/div><cite>\u2013 adapt\u00e9 du <em>Portrait of a Learner<\/em><\/cite><\/blockquote>\n<\/div>\n\n<div class=\"g-container\">\n<figure class=\"wp-block-image size-full\"><img loading=\"lazy\" decoding=\"async\" width=\"320\" height=\"304\" src=\"https:\/\/curriculum.nbed.ca\/wp-content\/uploads\/2023\/05\/im-vision.jpg\" alt=\"\" class=\"wp-image-1377\" srcset=\"https:\/\/curriculum.nbed.ca\/wp-content\/uploads\/2023\/05\/im-vision.jpg 320w, https:\/\/curriculum.nbed.ca\/wp-content\/uploads\/2023\/05\/im-vision-300x285.jpg 300w\" sizes=\"auto, (max-width: 320px) 100vw, 320px\" \/><\/figure>\n<\/div><\/div>\n<\/div>\n<\/div><\/div>\n<\/div>\n<\/div><\/div>\n<\/div>\n<\/div>","protected":false},"excerpt":{"rendered":"<p>VISION Le minist\u00e8re de l\u2019\u00c9ducation et du D\u00e9veloppement de la petite enfance du Nouveau-Brunswick (EDPE) supervise les programmes des garderies \u00e9ducatives et de la maternelle \u00e0 la 12e&nbsp;ann\u00e9e. Le programme d&rsquo;\u00e9tudes reconna\u00eet l&rsquo;apport des \u00e9ducatrices et \u00e9ducateurs, des chercheurs et des membres de la collectivit\u00e9 du Nouveau-Brunswick. En ce qui concerne la vision, les a\u00een\u00e9s [&hellip;]<\/p>\n","protected":false},"author":6,"featured_media":0,"parent":229,"menu_order":0,"comment_status":"closed","ping_status":"closed","template":"","meta":{"_acf_changed":false,"footnotes":""},"class_list":["post-1964","page","type-page","status-publish","hentry"],"acf":[],"_links":{"self":[{"href":"https:\/\/curriculum.nbed.ca\/fr\/wp-json\/wp\/v2\/pages\/1964","targetHints":{"allow":["GET"]}}],"collection":[{"href":"https:\/\/curriculum.nbed.ca\/fr\/wp-json\/wp\/v2\/pages"}],"about":[{"href":"https:\/\/curriculum.nbed.ca\/fr\/wp-json\/wp\/v2\/types\/page"}],"author":[{"embeddable":true,"href":"https:\/\/curriculum.nbed.ca\/fr\/wp-json\/wp\/v2\/users\/6"}],"replies":[{"embeddable":true,"href":"https:\/\/curriculum.nbed.ca\/fr\/wp-json\/wp\/v2\/comments?post=1964"}],"version-history":[{"count":14,"href":"https:\/\/curriculum.nbed.ca\/fr\/wp-json\/wp\/v2\/pages\/1964\/revisions"}],"predecessor-version":[{"id":8166,"href":"https:\/\/curriculum.nbed.ca\/fr\/wp-json\/wp\/v2\/pages\/1964\/revisions\/8166"}],"up":[{"embeddable":true,"href":"https:\/\/curriculum.nbed.ca\/fr\/wp-json\/wp\/v2\/pages\/229"}],"wp:attachment":[{"href":"https:\/\/curriculum.nbed.ca\/fr\/wp-json\/wp\/v2\/media?parent=1964"}],"curies":[{"name":"wp","href":"https:\/\/api.w.org\/{rel}","templated":true}]}}