{"id":1814,"date":"2023-04-03T14:51:36","date_gmt":"2023-04-03T14:51:36","guid":{"rendered":"https:\/\/curriculum.nbed.ca\/?page_id=1814"},"modified":"2025-12-24T14:41:56","modified_gmt":"2025-12-24T14:41:56","slug":"education-physique","status":"publish","type":"page","link":"https:\/\/curriculum.nbed.ca\/fr\/domaines-dapprentissage\/primaire\/education-physique\/","title":{"rendered":"\u00c9ducation physique"},"content":{"rendered":"<div class=\"g-container\">\n<p>Les apprenants participent \u00e0 des jeux structur\u00e9s et autoguid\u00e9s dans des environnements d\u2019apprentissage int\u00e9rieurs et ext\u00e9rieurs. Au moyen d\u2019activit\u00e9s, les apprenants acqui\u00e8rent une conscience du corps et de l\u2019espace et des habilet\u00e9s motrices fondamentales. Les apprenants explorent une vari\u00e9t\u00e9 d\u2019habilet\u00e9s, de strat\u00e9gies et de tactiques motrices qui peuvent \u00eatre utilis\u00e9es dans des jeux et des activit\u00e9s simples par lesquels ils acqui\u00e8rent &nbsp;les comp\u00e9tences socio-\u00e9motionelles li\u00e9es \u00e0 la s\u00e9curit\u00e9 et \u00e0 l\u2019esprit sportif. L\u2019\u00e9ducation physique est une exploration amusante et guid\u00e9e qui permet aux apprenants d\u2019\u00e9tablir des relations avec leurs pairs, d\u2019acqu\u00e9rir la capacit\u00e9 de g\u00e9rer les conflits et de faire l\u2019exp\u00e9rience de nouvelles possibilit\u00e9s de jeu actif. Il est recommand\u00e9 de faire 30&nbsp;minutes d\u2019\u00e9ducation physique structur\u00e9e par jour pour am\u00e9liorer l\u2019endurance, la force, l\u2019\u00e9quilibre et la souplesse. Cela vient soutenir la sant\u00e9 et le mieux-\u00eatre imm\u00e9diats et \u00e0 long terme.<\/p>\n<\/div>\n\n<div class=\"g-container\">\n<p class=\"has-white-color has-text-color has-background has-link-color wp-elements-da4d80c1614482e7aab2a5a41ba6d7c4\" style=\"background:linear-gradient(135deg,rgb(1,105,96) 0%,rgb(255,255,255) 100%)\"><strong>Pour le personnel \u00e9ducatif :<\/strong><\/p>\n<\/div>\n\n<div class=\"g-container\">\n<div class=\"wp-block-columns is-layout-flex wp-container-core-columns-is-layout-9d6595d7 wp-block-columns-is-layout-flex\">\n<div class=\"wp-block-column is-layout-flow wp-block-column-is-layout-flow\"><div class=\"g-container\">\n<ul class=\"wp-block-list\">\n<li><a href=\"https:\/\/nbed.sharepoint.com\/:b:\/r\/sites\/InDevelopment\/Physical%20Education\/Companion%20Guides\/PhysicalEducationK-9_CompGuide_20250714_v3.0_Final_2028.pdf?csf=1&amp;web=1&amp;e=2AwMgW\" data-type=\"link\" data-id=\"https:\/\/nbed.sharepoint.com\/:b:\/r\/sites\/InDevelopment\/Physical%20Education\/Companion%20Guides\/PhysicalEducationK-9_CompGuide_20250714_v3.0_Final_2028.pdf?csf=1&amp;web=1&amp;e=2AwMgW\" target=\"_blank\" rel=\"noreferrer noopener\"><a href=\"https:\/\/nbed.sharepoint.com\/:b:\/r\/sites\/InDevelopment\/Physical%20Education\/Companion%20Guides\/PhysicalEducationK-9_CompGuide_20250714_v3.0_Final_2028.pdf?csf=1&amp;web=1&amp;e=2AwMgW\">Document d&rsquo;accompagnement &#8211; \u00c9ducation physique K-9 (anglais)<\/a><\/a><\/li>\n<\/ul>\n<\/div><\/div>\n\n\n\n<div class=\"wp-block-column is-layout-flow wp-block-column-is-layout-flow\"><div class=\"g-container\">\n<p><strong>Lignes directrices relatives \u00e0 la s\u00e9curit\u00e9 en \u00e9ducation physique<\/strong> :<\/p>\n<\/div>\n\n<div class=\"g-container\">\n<ul class=\"wp-block-list\">\n<li><a href=\"https:\/\/www2.gnb.ca\/content\/dam\/gnb\/Departments\/ed\/pdf\/K12\/curric\/Health-PhysicalEducation\/SafetyGuidelinesElementaryMiddleCurricular.pdf\" target=\"_blank\" rel=\"noreferrer noopener\">Curricular<\/a>&nbsp;(anglais seulement)<\/li>\n\n\n\n<li><a href=\"https:\/\/www2.gnb.ca\/content\/dam\/gnb\/Departments\/ed\/pdf\/K12\/curric\/Health-PhysicalEducation\/SafetyGuidelinesElementaryMSIntramural.pdf\" target=\"_blank\" rel=\"noreferrer noopener\">Intramural<\/a>&nbsp;(anglais seulement)<\/li>\n\n\n\n<li><a href=\"https:\/\/www2.gnb.ca\/content\/dam\/gnb\/Departments\/ed\/pdf\/K12\/curric\/Health-PhysicalEducation\/SafetyGuidelinesElementaryMSInterschoolAthletics.pdf\" target=\"_blank\" rel=\"noreferrer noopener\">Interschool&nbsp;<\/a>(anglais seulement)<\/li>\n<\/ul>\n<\/div><\/div>\n<\/div>\n<\/div>","protected":false},"excerpt":{"rendered":"<p>Les apprenants participent \u00e0 des jeux structur\u00e9s et autoguid\u00e9s dans des environnements d\u2019apprentissage int\u00e9rieurs et ext\u00e9rieurs. Au moyen d\u2019activit\u00e9s, les apprenants acqui\u00e8rent une conscience du corps et de l\u2019espace et des habilet\u00e9s motrices fondamentales. Les apprenants explorent une vari\u00e9t\u00e9 d\u2019habilet\u00e9s, de strat\u00e9gies et de tactiques motrices qui peuvent \u00eatre utilis\u00e9es dans des jeux et des [&hellip;]<\/p>\n","protected":false},"author":6,"featured_media":0,"parent":1737,"menu_order":0,"comment_status":"closed","ping_status":"closed","template":"pages\/template-subject.php","meta":{"_acf_changed":false,"footnotes":""},"class_list":["post-1814","page","type-page","status-publish","hentry"],"acf":[],"_links":{"self":[{"href":"https:\/\/curriculum.nbed.ca\/fr\/wp-json\/wp\/v2\/pages\/1814","targetHints":{"allow":["GET"]}}],"collection":[{"href":"https:\/\/curriculum.nbed.ca\/fr\/wp-json\/wp\/v2\/pages"}],"about":[{"href":"https:\/\/curriculum.nbed.ca\/fr\/wp-json\/wp\/v2\/types\/page"}],"author":[{"embeddable":true,"href":"https:\/\/curriculum.nbed.ca\/fr\/wp-json\/wp\/v2\/users\/6"}],"replies":[{"embeddable":true,"href":"https:\/\/curriculum.nbed.ca\/fr\/wp-json\/wp\/v2\/comments?post=1814"}],"version-history":[{"count":22,"href":"https:\/\/curriculum.nbed.ca\/fr\/wp-json\/wp\/v2\/pages\/1814\/revisions"}],"predecessor-version":[{"id":11275,"href":"https:\/\/curriculum.nbed.ca\/fr\/wp-json\/wp\/v2\/pages\/1814\/revisions\/11275"}],"up":[{"embeddable":true,"href":"https:\/\/curriculum.nbed.ca\/fr\/wp-json\/wp\/v2\/pages\/1737"}],"wp:attachment":[{"href":"https:\/\/curriculum.nbed.ca\/fr\/wp-json\/wp\/v2\/media?parent=1814"}],"curies":[{"name":"wp","href":"https:\/\/api.w.org\/{rel}","templated":true}]}}