{"id":1795,"date":"2023-04-03T14:49:39","date_gmt":"2023-04-03T14:49:39","guid":{"rendered":"https:\/\/curriculum.nbed.ca\/?page_id=1795"},"modified":"2025-12-24T14:39:58","modified_gmt":"2025-12-24T14:39:58","slug":"music","status":"publish","type":"page","link":"https:\/\/curriculum.nbed.ca\/fr\/domaines-dapprentissage\/primaire\/music\/","title":{"rendered":"Musique"},"content":{"rendered":"<div class=\"g-container\">\n<p>Les apprenants explorent les fondements de la lecture et de l\u2019\u00e9criture de musique et participent \u00e0 des activit\u00e9s guid\u00e9es qui comprennent des \u00e9l\u00e9ments musicaux. Ils pratiquent l\u2019\u00e9coute active \u00e0 l\u2019aide de cartes d\u2019\u00e9coute, jouent avec des instruments et les d\u00e9couvrent, y compris leur voix et les percussions corporelles, et travaillent avec d\u2019autres pour faire, chanter et jouer de la musique. Les apprenants composent des m\u00e9lodies et rythmes courts par eux-m\u00eames, chantent avec justesse et reconnaissent diff\u00e9rents instruments au son.<\/p>\n<\/div>\n\n<div class=\"g-container\">\n<p class=\"has-white-color has-text-color has-background has-link-color wp-elements-da4d80c1614482e7aab2a5a41ba6d7c4\" style=\"background:linear-gradient(135deg,rgb(1,105,96) 0%,rgb(255,255,255) 100%)\"><strong>Pour le personnel \u00e9ducatif :<\/strong><\/p>\n<\/div>\n\n<div class=\"g-container\">\n<div class=\"wp-block-columns is-layout-flex wp-container-core-columns-is-layout-9d6595d7 wp-block-columns-is-layout-flex\">\n<div class=\"wp-block-column is-layout-flow wp-block-column-is-layout-flow\"><div class=\"g-container\">\n<ul class=\"wp-block-list\">\n<li><a href=\"https:\/\/nbed.sharepoint.com\/:b:\/r\/sites\/InDevelopment\/Creative%20Arts\/Companion%20Guides\/MusicK-8_CompGuide_202507_v5.0_Final_2028.pdf?csf=1&amp;web=1&amp;e=9Xs0dz\" data-type=\"link\" data-id=\"https:\/\/nbed.sharepoint.com\/:b:\/r\/sites\/InDevelopment\/Creative%20Arts\/Companion%20Guides\/MusicK-8_CompGuide_202507_v5.0_Final_2028.pdf?csf=1&amp;web=1&amp;e=9Xs0dz\" target=\"_blank\" rel=\"noreferrer noopener\"><a href=\"https:\/\/nbed.sharepoint.com\/:b:\/r\/sites\/InDevelopment\/Creative%20Arts\/Companion%20Guides\/MusicK-8_CompGuide_202507_v5.0_Final_2028.pdf?csf=1&amp;web=1&amp;e=9Xs0dz\">Document d&rsquo;accompagnement &#8211; Musique K-8 (anglais)<\/a><\/a><\/li>\n<\/ul>\n<\/div><\/div>\n\n\n\n<div class=\"wp-block-column is-layout-flow wp-block-column-is-layout-flow\"><div class=\"g-container\">\n<p>\u2794 <strong>PL Hub:<\/strong> <a href=\"https:\/\/plhub.nbed.ca\/curriculum-learning-areas\/?dfg_page=1&amp;dfg_filter=246\" data-type=\"link\" data-id=\"https:\/\/plhub.nbed.ca\/learning-areas\/music\/\" target=\"_blank\" rel=\"noreferrer noopener\">Creative Arts<\/a><\/p>\n<\/div><\/div>\n<\/div>\n<\/div>","protected":false},"excerpt":{"rendered":"<p>Les apprenants explorent les fondements de la lecture et de l\u2019\u00e9criture de musique et participent \u00e0 des activit\u00e9s guid\u00e9es qui comprennent des \u00e9l\u00e9ments musicaux. Ils pratiquent l\u2019\u00e9coute active \u00e0 l\u2019aide de cartes d\u2019\u00e9coute, jouent avec des instruments et les d\u00e9couvrent, y compris leur voix et les percussions corporelles, et travaillent avec d\u2019autres pour faire, chanter [&hellip;]<\/p>\n","protected":false},"author":6,"featured_media":0,"parent":1737,"menu_order":0,"comment_status":"closed","ping_status":"closed","template":"pages\/template-subject.php","meta":{"_acf_changed":false,"footnotes":""},"class_list":["post-1795","page","type-page","status-publish","hentry"],"acf":[],"_links":{"self":[{"href":"https:\/\/curriculum.nbed.ca\/fr\/wp-json\/wp\/v2\/pages\/1795","targetHints":{"allow":["GET"]}}],"collection":[{"href":"https:\/\/curriculum.nbed.ca\/fr\/wp-json\/wp\/v2\/pages"}],"about":[{"href":"https:\/\/curriculum.nbed.ca\/fr\/wp-json\/wp\/v2\/types\/page"}],"author":[{"embeddable":true,"href":"https:\/\/curriculum.nbed.ca\/fr\/wp-json\/wp\/v2\/users\/6"}],"replies":[{"embeddable":true,"href":"https:\/\/curriculum.nbed.ca\/fr\/wp-json\/wp\/v2\/comments?post=1795"}],"version-history":[{"count":22,"href":"https:\/\/curriculum.nbed.ca\/fr\/wp-json\/wp\/v2\/pages\/1795\/revisions"}],"predecessor-version":[{"id":11273,"href":"https:\/\/curriculum.nbed.ca\/fr\/wp-json\/wp\/v2\/pages\/1795\/revisions\/11273"}],"up":[{"embeddable":true,"href":"https:\/\/curriculum.nbed.ca\/fr\/wp-json\/wp\/v2\/pages\/1737"}],"wp:attachment":[{"href":"https:\/\/curriculum.nbed.ca\/fr\/wp-json\/wp\/v2\/media?parent=1795"}],"curies":[{"name":"wp","href":"https:\/\/api.w.org\/{rel}","templated":true}]}}