{"id":1763,"date":"2023-04-03T14:45:41","date_gmt":"2023-04-03T14:45:41","guid":{"rendered":"https:\/\/curriculum.nbed.ca\/?page_id=1763"},"modified":"2024-10-10T19:42:12","modified_gmt":"2024-10-10T19:42:12","slug":"experiences-dapprentissage-du-francais","status":"publish","type":"page","link":"https:\/\/curriculum.nbed.ca\/fr\/domaines-dapprentissage\/primaire\/francais-langue-seconde\/experiences-dapprentissage-du-francais\/","title":{"rendered":"Exp\u00e9riences d&rsquo;apprentissage du fran\u00e7ais"},"content":{"rendered":"<div class=\"g-container\">\n<p>Exp\u00e9riences d\u2019apprentissage du fran\u00e7ais vise \u00e0 cr\u00e9er un environnement positif et enrichissant pour que les apprenants d\u00e9veloppent leurs comp\u00e9tences en fran\u00e7ais. En int\u00e9grant le fran\u00e7ais dans leur routine, les apprenants peuvent naturellement et authentiquement d\u00e9velopper leurs comp\u00e9tences. Le programme offre une exposition pr\u00e9coce \u00e0 la langue fran\u00e7aise et offre des exp\u00e9riences engageantes pour cultiver un int\u00e9r\u00eat \u00e0 vie pour la culture fran\u00e7aise, tout en soulignant les avantages d\u2019apprendre une langue suppl\u00e9mentaire.<\/p>\n<\/div>\n\n<div class=\"g-container\">\n<p>Le programme met fortement l\u2019accent sur la promotion de la compr\u00e9hension et de l\u2019appr\u00e9ciation de la culture fran\u00e7aise. Les apprenants seront expos\u00e9s \u00e0 divers aspects de la culture fran\u00e7aise, tels que les coutumes, les traditions, l\u2019art, la musique et la cuisine. Cette exposition vise \u00e0 \u00e9largir leur conscience culturelle et \u00e0 favoriser un lien plus profond avec la francophonie.<\/p>\n<\/div>","protected":false},"excerpt":{"rendered":"<p>Exp\u00e9riences d\u2019apprentissage du fran\u00e7ais vise \u00e0 cr\u00e9er un environnement positif et enrichissant pour que les apprenants d\u00e9veloppent leurs comp\u00e9tences en fran\u00e7ais. En int\u00e9grant le fran\u00e7ais dans leur routine, les apprenants peuvent naturellement et authentiquement d\u00e9velopper leurs comp\u00e9tences. Le programme offre une exposition pr\u00e9coce \u00e0 la langue fran\u00e7aise et offre des exp\u00e9riences engageantes pour cultiver un [&hellip;]<\/p>\n","protected":false},"author":6,"featured_media":0,"parent":8845,"menu_order":0,"comment_status":"closed","ping_status":"closed","template":"pages\/template-subject.php","meta":{"_acf_changed":false,"footnotes":""},"class_list":["post-1763","page","type-page","status-publish","hentry"],"acf":[],"_links":{"self":[{"href":"https:\/\/curriculum.nbed.ca\/fr\/wp-json\/wp\/v2\/pages\/1763","targetHints":{"allow":["GET"]}}],"collection":[{"href":"https:\/\/curriculum.nbed.ca\/fr\/wp-json\/wp\/v2\/pages"}],"about":[{"href":"https:\/\/curriculum.nbed.ca\/fr\/wp-json\/wp\/v2\/types\/page"}],"author":[{"embeddable":true,"href":"https:\/\/curriculum.nbed.ca\/fr\/wp-json\/wp\/v2\/users\/6"}],"replies":[{"embeddable":true,"href":"https:\/\/curriculum.nbed.ca\/fr\/wp-json\/wp\/v2\/comments?post=1763"}],"version-history":[{"count":8,"href":"https:\/\/curriculum.nbed.ca\/fr\/wp-json\/wp\/v2\/pages\/1763\/revisions"}],"predecessor-version":[{"id":8858,"href":"https:\/\/curriculum.nbed.ca\/fr\/wp-json\/wp\/v2\/pages\/1763\/revisions\/8858"}],"up":[{"embeddable":true,"href":"https:\/\/curriculum.nbed.ca\/fr\/wp-json\/wp\/v2\/pages\/8845"}],"wp:attachment":[{"href":"https:\/\/curriculum.nbed.ca\/fr\/wp-json\/wp\/v2\/media?parent=1763"}],"curies":[{"name":"wp","href":"https:\/\/api.w.org\/{rel}","templated":true}]}}