{"id":1757,"date":"2023-04-03T14:44:07","date_gmt":"2023-04-03T14:44:07","guid":{"rendered":"https:\/\/curriculum.nbed.ca\/?page_id=1757"},"modified":"2024-10-08T18:08:05","modified_gmt":"2024-10-08T18:08:05","slug":"explorer-votre-monde","status":"publish","type":"page","link":"https:\/\/curriculum.nbed.ca\/fr\/domaines-dapprentissage\/primaire\/explorer-votre-monde\/","title":{"rendered":"Explorer votre monde"},"content":{"rendered":"<div class=\"g-container\">\n<p>L\u2019exploration permet aux apprenants d\u2019enqu\u00eater, de jouer, de grandir, de faire semblant, d\u2019inventer et d\u2019\u00e9tablir des relations avec les autres et avec l\u2019environnement. Les apprenants choisissent des sujets qui les int\u00e9ressent et les amusent et explorent des th\u00e8mes li\u00e9s aux sciences, aux sciences humaines, \u00e0 la sant\u00e9 et au mieux-\u00eatre personnel. Ils cultivent des int\u00e9r\u00eats, un bien-\u00eatre social et \u00e9motionnel et des strat\u00e9gies de s\u00e9curit\u00e9 personnelle qui aident un enfant \u00e0 se sentir valoris\u00e9, en s\u00e9curit\u00e9 et pr\u00eat \u00e0 apprendre. Les apprenants apprennent \u00e0 conna\u00eetre leurs pairs, \u00e0 trouver et \u00e0 r\u00e9gler des probl\u00e8mes et \u00e0 d\u00e9montrer leur apprentissage tout en ressentant et en exprimant une vari\u00e9t\u00e9 d\u2019\u00e9motions. L\u2019apprentissage par des exp\u00e9riences authentiques et le jeu motive les jeunes enfants \u00e0 \u00eatre curieux et \u00e0 vouloir en apprendre davantage. Ces possibilit\u00e9s d\u2019apprentissage permettent aux enfants de relier leurs int\u00e9r\u00eats, leurs cultures et leurs communaut\u00e9s \u00e0 leurs exp\u00e9riences et au monde qui les entoure.<\/p>\n<\/div>","protected":false},"excerpt":{"rendered":"<p>L\u2019exploration permet aux apprenants d\u2019enqu\u00eater, de jouer, de grandir, de faire semblant, d\u2019inventer et d\u2019\u00e9tablir des relations avec les autres et avec l\u2019environnement. Les apprenants choisissent des sujets qui les int\u00e9ressent et les amusent et explorent des th\u00e8mes li\u00e9s aux sciences, aux sciences humaines, \u00e0 la sant\u00e9 et au mieux-\u00eatre personnel. Ils cultivent des int\u00e9r\u00eats, [&hellip;]<\/p>\n","protected":false},"author":6,"featured_media":0,"parent":1737,"menu_order":0,"comment_status":"closed","ping_status":"closed","template":"pages\/template-subject.php","meta":{"_acf_changed":false,"footnotes":""},"class_list":["post-1757","page","type-page","status-publish","hentry"],"acf":[],"_links":{"self":[{"href":"https:\/\/curriculum.nbed.ca\/fr\/wp-json\/wp\/v2\/pages\/1757","targetHints":{"allow":["GET"]}}],"collection":[{"href":"https:\/\/curriculum.nbed.ca\/fr\/wp-json\/wp\/v2\/pages"}],"about":[{"href":"https:\/\/curriculum.nbed.ca\/fr\/wp-json\/wp\/v2\/types\/page"}],"author":[{"embeddable":true,"href":"https:\/\/curriculum.nbed.ca\/fr\/wp-json\/wp\/v2\/users\/6"}],"replies":[{"embeddable":true,"href":"https:\/\/curriculum.nbed.ca\/fr\/wp-json\/wp\/v2\/comments?post=1757"}],"version-history":[{"count":21,"href":"https:\/\/curriculum.nbed.ca\/fr\/wp-json\/wp\/v2\/pages\/1757\/revisions"}],"predecessor-version":[{"id":8757,"href":"https:\/\/curriculum.nbed.ca\/fr\/wp-json\/wp\/v2\/pages\/1757\/revisions\/8757"}],"up":[{"embeddable":true,"href":"https:\/\/curriculum.nbed.ca\/fr\/wp-json\/wp\/v2\/pages\/1737"}],"wp:attachment":[{"href":"https:\/\/curriculum.nbed.ca\/fr\/wp-json\/wp\/v2\/media?parent=1757"}],"curies":[{"name":"wp","href":"https:\/\/api.w.org\/{rel}","templated":true}]}}