{"id":1655,"date":"2023-04-03T14:59:31","date_gmt":"2023-04-03T14:59:31","guid":{"rendered":"https:\/\/curriculum.nbed.ca\/technology\/"},"modified":"2023-08-14T13:49:11","modified_gmt":"2023-08-14T13:49:11","slug":"technology","status":"publish","type":"page","link":"https:\/\/curriculum.nbed.ca\/fr\/domaines-dapprentissage\/secondaire\/apprentissage-lie-a-la-carriere\/technologies-numeriques-et-de-l-information\/technology\/","title":{"rendered":"Technologie 9"},"content":{"rendered":"<div class=\"g-container\">\n<p>Le cours de technologie, en 9<sup>e<\/sup>&nbsp;ann\u00e9e, renforce les comp\u00e9tences de base pr\u00e9sent\u00e9es dans le programme de technologie du bloc interm\u00e9diaire. Les apprenants commencent leur parcours par une introduction aux volets d\u2019apprentissage de niveau avanc\u00e9 dans le num\u00e9rique et les m\u00e9tiers sp\u00e9cialis\u00e9s. Une fois l\u2019apprentissage pr\u00e9alable requis termin\u00e9, les apprenants combinent les comp\u00e9tences en technologie de l\u2019information et les comp\u00e9tences appliqu\u00e9es pour r\u00e9soudre et explorer des probl\u00e8mes li\u00e9s au secteur. On met l\u2019accent sur l\u2019apprentissage par projets en soulignant la r\u00e9flexion conceptuelle et la gestion de projet. Les derniers projets de synth\u00e8se sont pr\u00e9sent\u00e9s dans le cadre d\u2019expos\u00e9s soulignant la conception, la pens\u00e9e syst\u00e9matique et l\u2019esprit d\u2019entreprise.<\/p>\n<\/div>","protected":false},"excerpt":{"rendered":"<p>Le cours de technologie, en 9e&nbsp;ann\u00e9e, renforce les comp\u00e9tences de base pr\u00e9sent\u00e9es dans le programme de technologie du bloc interm\u00e9diaire. Les apprenants commencent leur parcours par une introduction aux volets d\u2019apprentissage de niveau avanc\u00e9 dans le num\u00e9rique et les m\u00e9tiers sp\u00e9cialis\u00e9s. Une fois l\u2019apprentissage pr\u00e9alable requis termin\u00e9, les apprenants combinent les comp\u00e9tences en technologie de [&hellip;]<\/p>\n","protected":false},"author":6,"featured_media":0,"parent":4411,"menu_order":0,"comment_status":"closed","ping_status":"closed","template":"pages\/template-subject.php","meta":{"_acf_changed":false,"footnotes":""},"class_list":["post-1655","page","type-page","status-publish","hentry"],"acf":[],"_links":{"self":[{"href":"https:\/\/curriculum.nbed.ca\/fr\/wp-json\/wp\/v2\/pages\/1655","targetHints":{"allow":["GET"]}}],"collection":[{"href":"https:\/\/curriculum.nbed.ca\/fr\/wp-json\/wp\/v2\/pages"}],"about":[{"href":"https:\/\/curriculum.nbed.ca\/fr\/wp-json\/wp\/v2\/types\/page"}],"author":[{"embeddable":true,"href":"https:\/\/curriculum.nbed.ca\/fr\/wp-json\/wp\/v2\/users\/6"}],"replies":[{"embeddable":true,"href":"https:\/\/curriculum.nbed.ca\/fr\/wp-json\/wp\/v2\/comments?post=1655"}],"version-history":[{"count":12,"href":"https:\/\/curriculum.nbed.ca\/fr\/wp-json\/wp\/v2\/pages\/1655\/revisions"}],"predecessor-version":[{"id":4758,"href":"https:\/\/curriculum.nbed.ca\/fr\/wp-json\/wp\/v2\/pages\/1655\/revisions\/4758"}],"up":[{"embeddable":true,"href":"https:\/\/curriculum.nbed.ca\/fr\/wp-json\/wp\/v2\/pages\/4411"}],"wp:attachment":[{"href":"https:\/\/curriculum.nbed.ca\/fr\/wp-json\/wp\/v2\/media?parent=1655"}],"curies":[{"name":"wp","href":"https:\/\/api.w.org\/{rel}","templated":true}]}}