{"id":1642,"date":"2023-04-03T14:52:17","date_gmt":"2023-04-03T14:52:17","guid":{"rendered":"https:\/\/curriculum.nbed.ca\/sport-and-recreation-leadership\/"},"modified":"2023-08-28T14:28:23","modified_gmt":"2023-08-28T14:28:23","slug":"leadership-sportif-et-recreatif-120","status":"publish","type":"page","link":"https:\/\/curriculum.nbed.ca\/fr\/domaines-dapprentissage\/secondaire\/mieux-etre-education-physique\/leadership-sportif-et-recreatif-120\/","title":{"rendered":"Leadership sportif et r\u00e9cr\u00e9atif 120"},"content":{"rendered":"<div class=\"g-container\">\n<p>Ce cours a pour vision d\u2019inciter les apprenants \u00e0 planifier, \u00e0 organiser et \u00e0 g\u00e9rer avec succ\u00e8s leur activit\u00e9, leur tournoi et leur programme. Les enseignants offriront aux apprenants des occasions d\u2019acqu\u00e9rir des aptitudes en leadership en sport et en loisirs au sein de leur \u00e9cole, de leur communaut\u00e9 et au-del\u00e0.<\/p>\n<\/div>\n\n<div class=\"g-container\">\n<p>Le potentiel de leadership de l\u2019apprenant s\u2019accro\u00eet lorsque des initiatives servent \u00e0 renforcer l\u2019acquisition des aptitudes relatives aux r\u00f4les de leadership. Ce cours vise \u00e0 utiliser les activit\u00e9s sportives et r\u00e9cr\u00e9atives comme outil pour cr\u00e9er des exp\u00e9riences concr\u00e8tes de leadership et renforcer le potentiel de leadership.<\/p>\n<\/div>\n\n<div class=\"g-container\">\n<p>Les apprenants exploreront divers r\u00f4les dans une dynamique d\u2019\u00e9quipe&nbsp;: direction, encadrement et collaboration positive dans le cadre d\u2019exp\u00e9riences inclusives. Ce cours met l\u2019accent sur la planification, le rendement, l\u2019\u00e9valuation et la r\u00e9flexion. La planification et l\u2019organisation d\u2019activit\u00e9s, de tournois et de programmes exigeront des apprenants qu\u2019ils y consacrent du temps en dehors des heures de cours (avant l\u2019\u00e9cole, apr\u00e8s l\u2019\u00e9cole, le soir ou la fin de semaine).<\/p>\n<\/div>","protected":false},"excerpt":{"rendered":"<p>Ce cours a pour vision d\u2019inciter les apprenants \u00e0 planifier, \u00e0 organiser et \u00e0 g\u00e9rer avec succ\u00e8s leur activit\u00e9, leur tournoi et leur programme. Les enseignants offriront aux apprenants des occasions d\u2019acqu\u00e9rir des aptitudes en leadership en sport et en loisirs au sein de leur \u00e9cole, de leur communaut\u00e9 et au-del\u00e0. Le potentiel de leadership [&hellip;]<\/p>\n","protected":false},"author":6,"featured_media":0,"parent":2521,"menu_order":0,"comment_status":"closed","ping_status":"closed","template":"pages\/template-subject.php","meta":{"_acf_changed":false,"footnotes":""},"class_list":["post-1642","page","type-page","status-publish","hentry"],"acf":[],"_links":{"self":[{"href":"https:\/\/curriculum.nbed.ca\/fr\/wp-json\/wp\/v2\/pages\/1642","targetHints":{"allow":["GET"]}}],"collection":[{"href":"https:\/\/curriculum.nbed.ca\/fr\/wp-json\/wp\/v2\/pages"}],"about":[{"href":"https:\/\/curriculum.nbed.ca\/fr\/wp-json\/wp\/v2\/types\/page"}],"author":[{"embeddable":true,"href":"https:\/\/curriculum.nbed.ca\/fr\/wp-json\/wp\/v2\/users\/6"}],"replies":[{"embeddable":true,"href":"https:\/\/curriculum.nbed.ca\/fr\/wp-json\/wp\/v2\/comments?post=1642"}],"version-history":[{"count":7,"href":"https:\/\/curriculum.nbed.ca\/fr\/wp-json\/wp\/v2\/pages\/1642\/revisions"}],"predecessor-version":[{"id":6292,"href":"https:\/\/curriculum.nbed.ca\/fr\/wp-json\/wp\/v2\/pages\/1642\/revisions\/6292"}],"up":[{"embeddable":true,"href":"https:\/\/curriculum.nbed.ca\/fr\/wp-json\/wp\/v2\/pages\/2521"}],"wp:attachment":[{"href":"https:\/\/curriculum.nbed.ca\/fr\/wp-json\/wp\/v2\/media?parent=1642"}],"curies":[{"name":"wp","href":"https:\/\/api.w.org\/{rel}","templated":true}]}}