{"id":1592,"date":"2023-04-03T14:58:55","date_gmt":"2023-04-03T14:58:55","guid":{"rendered":"https:\/\/curriculum.nbed.ca\/spanish\/"},"modified":"2025-12-09T14:51:01","modified_gmt":"2025-12-09T14:51:01","slug":"espagnol-120","status":"publish","type":"page","link":"https:\/\/curriculum.nbed.ca\/fr\/domaines-dapprentissage\/secondaire\/langues-et-arts-de-la-langue\/espagnol-120\/","title":{"rendered":"Espagnol 120"},"content":{"rendered":"<div class=\"g-container\">\n<p>Les apprenants devront r\u00e9pondre aux attentes du Cadre europ\u00e9en commun, adapt\u00e9 par le CAMEF, applicables au niveau de langue&nbsp;A1.2. Les r\u00e9sultats du niveau&nbsp;A2.1 seront fournis, et certains pourront servir \u00e0 prolonger les activit\u00e9s et \u00e0 offrir de l\u2019enrichissement aux apprenants et aux enseignants, au besoin.<\/p>\n<\/div>\n\n<div class=\"g-container\">\n<ul class=\"wp-block-list\">\n<li>Ce cours peut satisfaire aux exigences de langue seconde ou octroyer des cr\u00e9dits aux \u00e9l\u00e8ves de 11e ou 12e ann\u00e9e. Le cours Espagnol 110 est le seul cours pr\u00e9alable.<\/li>\n<\/ul>\n<\/div>","protected":false},"excerpt":{"rendered":"<p>Les apprenants devront r\u00e9pondre aux attentes du Cadre europ\u00e9en commun, adapt\u00e9 par le CAMEF, applicables au niveau de langue&nbsp;A1.2. Les r\u00e9sultats du niveau&nbsp;A2.1 seront fournis, et certains pourront servir \u00e0 prolonger les activit\u00e9s et \u00e0 offrir de l\u2019enrichissement aux apprenants et aux enseignants, au besoin.<\/p>\n","protected":false},"author":6,"featured_media":0,"parent":2464,"menu_order":0,"comment_status":"closed","ping_status":"closed","template":"pages\/template-subject.php","meta":{"_acf_changed":false,"footnotes":""},"class_list":["post-1592","page","type-page","status-publish","hentry"],"acf":[],"_links":{"self":[{"href":"https:\/\/curriculum.nbed.ca\/fr\/wp-json\/wp\/v2\/pages\/1592","targetHints":{"allow":["GET"]}}],"collection":[{"href":"https:\/\/curriculum.nbed.ca\/fr\/wp-json\/wp\/v2\/pages"}],"about":[{"href":"https:\/\/curriculum.nbed.ca\/fr\/wp-json\/wp\/v2\/types\/page"}],"author":[{"embeddable":true,"href":"https:\/\/curriculum.nbed.ca\/fr\/wp-json\/wp\/v2\/users\/6"}],"replies":[{"embeddable":true,"href":"https:\/\/curriculum.nbed.ca\/fr\/wp-json\/wp\/v2\/comments?post=1592"}],"version-history":[{"count":12,"href":"https:\/\/curriculum.nbed.ca\/fr\/wp-json\/wp\/v2\/pages\/1592\/revisions"}],"predecessor-version":[{"id":11197,"href":"https:\/\/curriculum.nbed.ca\/fr\/wp-json\/wp\/v2\/pages\/1592\/revisions\/11197"}],"up":[{"embeddable":true,"href":"https:\/\/curriculum.nbed.ca\/fr\/wp-json\/wp\/v2\/pages\/2464"}],"wp:attachment":[{"href":"https:\/\/curriculum.nbed.ca\/fr\/wp-json\/wp\/v2\/media?parent=1592"}],"curies":[{"name":"wp","href":"https:\/\/api.w.org\/{rel}","templated":true}]}}