{"id":1590,"date":"2023-04-03T14:58:19","date_gmt":"2023-04-03T14:58:19","guid":{"rendered":"https:\/\/curriculum.nbed.ca\/science\/"},"modified":"2025-08-27T17:49:54","modified_gmt":"2025-08-27T17:49:54","slug":"sciences-10","status":"publish","type":"page","link":"https:\/\/curriculum.nbed.ca\/fr\/domaines-dapprentissage\/secondaire\/sciences\/sciences-10\/","title":{"rendered":"Sciences 10"},"content":{"rendered":"<div class=\"g-container\">\n<p>Les apprenants inscrits au cours <strong>Sciences&nbsp;10&nbsp;: la science pour des soci\u00e9t\u00e9s durables<\/strong> examineront le r\u00f4le essentiel que jouent la science et la technologie dans leur vie et dans leur collectivit\u00e9. Tout au long du cours, les \u00e9l\u00e8ves examinent l\u2019application des concepts et des th\u00e9ories scientifiques pour pr\u00e9server l\u2019environnement et les ressources naturelles que nous transformons chimiquement.<\/p>\n<\/div>\n\n<div class=\"g-container\">\n<p>Ils utilisent la pens\u00e9e syst\u00e9mique pour explorer les liens entre la mati\u00e8re et l\u2019\u00e9nergie. La pens\u00e9e syst\u00e9mique aide les \u00e9l\u00e8ves \u00e0 \u00e9tablir des liens entre les r\u00e9actions chimiques et les cycles plan\u00e9taires et \u00e0 introduire les concepts de la chimie dans les discussions sur la durabilit\u00e9. Son utilisation pour \u00e9tudier l\u2019interaction complexe des processus chimiques avec les syst\u00e8mes scientifiques, soci\u00e9taux et environnementaux permet aux \u00e9l\u00e8ves d\u2019acqu\u00e9rir les connaissances essentielles requises pour d\u2019autres cours de sciences.<\/p>\n<\/div>\n\n<div class=\"g-container\">\n<p>En effectuant des recherches, les \u00e9l\u00e8ves examinent la transformation de la mati\u00e8re en produits et en technologies de tous les jours et la circulation de cette mati\u00e8re dans la soci\u00e9t\u00e9. Ils explorent \u00e9galement les th\u00e9ories \u00e9mergentes de la durabilit\u00e9 et de la production d\u2019\u00e9nergie. Les \u00e9l\u00e8ves comprennent mieux les complexit\u00e9s de l\u2019\u00e9volution sociale, appliquent des comp\u00e9tences d\u2019analyse critique \u00e0 la conception de solutions aux probl\u00e8mes de leur collectivit\u00e9 et relient leur apprentissage aux objectifs de d\u00e9veloppement durable.<\/p>\n<\/div>\n\n<div class=\"g-container\">\n<p>Il est fortement recommand\u00e9 aux apprenants de suivre le cours <strong>Sciences&nbsp;10&nbsp;: la science pour des soci\u00e9t\u00e9s durables<\/strong> avant de suivre les cours de sciences de la 11<sup>e<\/sup> ou de la 12<sup>e<\/sup>&nbsp;ann\u00e9e.<\/p>\n<\/div>\n\n<div class=\"g-container\">\n<p class=\"has-white-color has-text-color has-background has-link-color wp-elements-fbde66af71bc0acbcd122401cda88a11\" style=\"background:linear-gradient(135deg,rgb(1,105,96) 0%,rgb(255,255,255) 100%)\"><strong>Pour les \u00e9ducateurs.trices :<\/strong><\/p>\n<\/div>\n\n<div class=\"g-container\">\n<div class=\"wp-block-columns is-layout-flex wp-container-core-columns-is-layout-9d6595d7 wp-block-columns-is-layout-flex\">\n<div class=\"wp-block-column is-layout-flow wp-block-column-is-layout-flow\"><div class=\"g-container\">\n<ul class=\"wp-block-list\">\n<li><a href=\"https:\/\/nbed.sharepoint.com\/:b:\/r\/sites\/Test880\/Shared%20Documents\/1.6%20Immersion%20fran%C3%A7aise%20(6e-12e)\/Documents%20d%27accompagnement%20-%20Companion%20Documents\/FI%20Science%2010\/Sciencesfr10%20CompDoc%2020250507%20Draft%20v0.5%202028_FR.pdf?csf=1&amp;web=1&amp;e=3e1hJy\" data-type=\"link\" data-id=\"https:\/\/nbed.sharepoint.com\/:b:\/r\/sites\/Test880\/Shared%20Documents\/1.6%20Immersion%20fran%C3%A7aise%20(6e-12e)\/Documents%20d%27accompagnement%20-%20Companion%20Documents\/FI%20Science%2010\/Sciencesfr10%20CompDoc%2020250507%20Draft%20v0.5%202028_FR.pdf?csf=1&amp;web=1&amp;e=3e1hJy\" target=\"_blank\" rel=\"noreferrer noopener\">Sciences 10 : La science pour des soci\u00e9t\u00e9s durables GUIDE D&rsquo;ACCOMPAGNEMENT<\/a> [NBED FSL Central]<\/li>\n<\/ul>\n<\/div><\/div>\n\n\n\n<div class=\"wp-block-column is-layout-flow wp-block-column-is-layout-flow\"><div class=\"g-container\">\n<p>\u2794 <strong>PL Hub:<\/strong> <a href=\"https:\/\/plhub.nbed.ca\/learning-areas\/science\/\" data-type=\"link\" data-id=\"https:\/\/plhub.nbed.ca\/learning-areas\/science\/\" target=\"_blank\" rel=\"noreferrer noopener\">Science<\/a><\/p>\n<\/div><\/div>\n<\/div>\n<\/div>","protected":false},"excerpt":{"rendered":"<p>Les apprenants inscrits au cours Sciences&nbsp;10&nbsp;: la science pour des soci\u00e9t\u00e9s durables examineront le r\u00f4le essentiel que jouent la science et la technologie dans leur vie et dans leur collectivit\u00e9. Tout au long du cours, les \u00e9l\u00e8ves examinent l\u2019application des concepts et des th\u00e9ories scientifiques pour pr\u00e9server l\u2019environnement et les ressources naturelles que nous transformons [&hellip;]<\/p>\n","protected":false},"author":6,"featured_media":0,"parent":2496,"menu_order":0,"comment_status":"closed","ping_status":"closed","template":"pages\/template-subject.php","meta":{"_acf_changed":false,"footnotes":""},"class_list":["post-1590","page","type-page","status-publish","hentry"],"acf":[],"_links":{"self":[{"href":"https:\/\/curriculum.nbed.ca\/fr\/wp-json\/wp\/v2\/pages\/1590","targetHints":{"allow":["GET"]}}],"collection":[{"href":"https:\/\/curriculum.nbed.ca\/fr\/wp-json\/wp\/v2\/pages"}],"about":[{"href":"https:\/\/curriculum.nbed.ca\/fr\/wp-json\/wp\/v2\/types\/page"}],"author":[{"embeddable":true,"href":"https:\/\/curriculum.nbed.ca\/fr\/wp-json\/wp\/v2\/users\/6"}],"replies":[{"embeddable":true,"href":"https:\/\/curriculum.nbed.ca\/fr\/wp-json\/wp\/v2\/comments?post=1590"}],"version-history":[{"count":17,"href":"https:\/\/curriculum.nbed.ca\/fr\/wp-json\/wp\/v2\/pages\/1590\/revisions"}],"predecessor-version":[{"id":10751,"href":"https:\/\/curriculum.nbed.ca\/fr\/wp-json\/wp\/v2\/pages\/1590\/revisions\/10751"}],"up":[{"embeddable":true,"href":"https:\/\/curriculum.nbed.ca\/fr\/wp-json\/wp\/v2\/pages\/2496"}],"wp:attachment":[{"href":"https:\/\/curriculum.nbed.ca\/fr\/wp-json\/wp\/v2\/media?parent=1590"}],"curies":[{"name":"wp","href":"https:\/\/api.w.org\/{rel}","templated":true}]}}