{"id":1532,"date":"2023-04-03T14:55:24","date_gmt":"2023-04-03T14:55:24","guid":{"rendered":"https:\/\/curriculum.nbed.ca\/physics\/"},"modified":"2023-09-07T12:05:00","modified_gmt":"2023-09-07T12:05:00","slug":"physique-111-2","status":"publish","type":"page","link":"https:\/\/curriculum.nbed.ca\/fr\/domaines-dapprentissage\/secondaire\/sciences\/physique-111-2\/","title":{"rendered":"Physique 111\/2"},"content":{"rendered":"<div class=\"g-container\">\n<p>Ce cours est con\u00e7u pour aider les apprenants qui pr\u00e9voient de suivre des programmes universitaires ou coll\u00e9giaux dans le domaine des sciences, de la kin\u00e9siologie, de l\u2019informatique, de l\u2019ing\u00e9nierie et de la technologie. Les apprenants peuvent s\u2019attendre \u00e0 participer \u00e0 diverses pratiques p\u00e9dagogiques et activit\u00e9s de groupe stimulantes, comme des d\u00e9monstrations et des recherches. Les apprenants acquerront des aptitudes en litt\u00e9ratie scientifique, y compris la pens\u00e9e critique, la r\u00e9solution de probl\u00e8mes et la collaboration. L\u2019alg\u00e8bre, la pens\u00e9e syst\u00e9mique et la technologie seront utilis\u00e9es comme outils pour \u00e9veiller la curiosit\u00e9 et am\u00e9liorer la compr\u00e9hension de l\u2019univers physique. Sujets abord\u00e9s&nbsp;: comment les choses bougent (cin\u00e9matique), pourquoi elles bougent (dynamique), la conversion d\u2019\u00e9nergie et les ondes.<\/p>\n<\/div>\n\n<div class=\"g-container\">\n<p>Il est fortement recommand\u00e9 aux apprenants de suivre le cours <strong>Sciences&nbsp;10&nbsp;: La science pour des soci\u00e9t\u00e9s durables<\/strong> avant de suivre les cours de sciences de la 11<sup>e<\/sup> ou de la 12<sup>e<\/sup>&nbsp;ann\u00e9e.<\/p>\n<\/div>\n\n<div class=\"g-container\">\n<p>\u00c0 tous les niveaux de <strong>Physique 111\/2<\/strong>, on attend des \u00e9ducateurs qu&rsquo;ils adaptent le mat\u00e9riel de cours en ce qui concerne l&rsquo;\u00e9tendue, de profondeur et de port\u00e9e de l\u2019enqu\u00eate en fonction du niveau du curriculum. L&rsquo;objectif pour les apprenants est de faire preuve d&rsquo;esprit critique et de mettre en \u0153uvre des comp\u00e9tences pertinentes et n\u00e9cessaires dans le domaine d&rsquo;apprentissage. Le cours de niveau 1 ne diff\u00e8re pas par le nombre de descripteurs de comp\u00e9tences ; en revanche, les attentes y sont plus \u00e9lev\u00e9es en ce qui concerne la profondeur de la compr\u00e9hension et d&rsquo;auto-efficacit\u00e9 de l&rsquo;apprenant. Les enseignants devraient offrir plus d&rsquo;opportunit\u00e9s dans le cours de niveau 1 pour participer \u00e0 des activit\u00e9s de fonctions cognitives sup\u00e9rieures.\u00a0<\/p>\n<\/div>","protected":false},"excerpt":{"rendered":"<p>Ce cours est con\u00e7u pour aider les apprenants qui pr\u00e9voient de suivre des programmes universitaires ou coll\u00e9giaux dans le domaine des sciences, de la kin\u00e9siologie, de l\u2019informatique, de l\u2019ing\u00e9nierie et de la technologie. Les apprenants peuvent s\u2019attendre \u00e0 participer \u00e0 diverses pratiques p\u00e9dagogiques et activit\u00e9s de groupe stimulantes, comme des d\u00e9monstrations et des recherches. Les [&hellip;]<\/p>\n","protected":false},"author":6,"featured_media":0,"parent":2496,"menu_order":0,"comment_status":"closed","ping_status":"closed","template":"pages\/template-subject.php","meta":{"_acf_changed":false,"footnotes":""},"class_list":["post-1532","page","type-page","status-publish","hentry"],"acf":[],"_links":{"self":[{"href":"https:\/\/curriculum.nbed.ca\/fr\/wp-json\/wp\/v2\/pages\/1532","targetHints":{"allow":["GET"]}}],"collection":[{"href":"https:\/\/curriculum.nbed.ca\/fr\/wp-json\/wp\/v2\/pages"}],"about":[{"href":"https:\/\/curriculum.nbed.ca\/fr\/wp-json\/wp\/v2\/types\/page"}],"author":[{"embeddable":true,"href":"https:\/\/curriculum.nbed.ca\/fr\/wp-json\/wp\/v2\/users\/6"}],"replies":[{"embeddable":true,"href":"https:\/\/curriculum.nbed.ca\/fr\/wp-json\/wp\/v2\/comments?post=1532"}],"version-history":[{"count":22,"href":"https:\/\/curriculum.nbed.ca\/fr\/wp-json\/wp\/v2\/pages\/1532\/revisions"}],"predecessor-version":[{"id":6784,"href":"https:\/\/curriculum.nbed.ca\/fr\/wp-json\/wp\/v2\/pages\/1532\/revisions\/6784"}],"up":[{"embeddable":true,"href":"https:\/\/curriculum.nbed.ca\/fr\/wp-json\/wp\/v2\/pages\/2496"}],"wp:attachment":[{"href":"https:\/\/curriculum.nbed.ca\/fr\/wp-json\/wp\/v2\/media?parent=1532"}],"curies":[{"name":"wp","href":"https:\/\/api.w.org\/{rel}","templated":true}]}}