{"id":1329,"date":"2023-04-26T16:11:59","date_gmt":"2023-04-26T16:11:59","guid":{"rendered":"https:\/\/curriculum.nbed.ca\/number-relations-and-functions\/"},"modified":"2023-08-22T11:58:02","modified_gmt":"2023-08-22T11:58:02","slug":"nombre-relations-et-fonctions-10","status":"publish","type":"page","link":"https:\/\/curriculum.nbed.ca\/fr\/domaines-dapprentissage\/secondaire\/mathematiques\/nombre-relations-et-fonctions-10\/","title":{"rendered":"Nombre, relations et fonctions\u00a010"},"content":{"rendered":"<div class=\"g-container\">\n<p>Le cours <strong>Nombre, relations et fonctions 10<\/strong> fournit des bases pour le raisonnement math\u00e9matique complexe et le calcul diff\u00e9rentiel et int\u00e9gral et comprend les propri\u00e9t\u00e9s des nombres, l\u2019alg\u00e8bre et les fonctions. Les apprenants analyseront les nombres et mod\u00e9liseront la factorisation; traceront et d\u00e9criront les relations entre les variables; analyseront les fonctions; et appliqueront leur compr\u00e9hension des syst\u00e8mes d\u2019\u00e9quations lin\u00e9aires pour r\u00e9soudre des probl\u00e8mes. Les apprenants mettront en pratique leurs acquis du programme de math\u00e9matiques de la maternelle \u00e0 la 9e ann\u00e9e. Ce cours ouvre la voie \u00e0 des \u00e9tudes plus pouss\u00e9es en math\u00e9matiques et pr\u00e9pare au calcul diff\u00e9rentiel et int\u00e9gral.<\/p>\n<\/div>\n\n<div class=\"g-container\">\n<p>Sujets abord\u00e9s : facteurs premiers, facteurs communs, racines carr\u00e9es et cubiques, nombres irrationnels, exposants entiers et rationnels, expressions polynomiales, factorisation de trin\u00f4mes, relations et fonctions lin\u00e9aires, pente, formule de distance et formule du point milieu.<\/p>\n<\/div>\n\n<div class=\"g-container\">\n<p>Il est recommand\u00e9 de suivre le cours <strong>Math\u00e9matiques 9<\/strong> avant de s\u2019inscrire au cours <strong>Nombre, relations et fonctions 10<\/strong>.<\/p>\n<\/div>\n\n<div class=\"g-container\">\n<p><\/p>\n<\/div>","protected":false},"excerpt":{"rendered":"<p>Le cours Nombre, relations et fonctions 10 fournit des bases pour le raisonnement math\u00e9matique complexe et le calcul diff\u00e9rentiel et int\u00e9gral et comprend les propri\u00e9t\u00e9s des nombres, l\u2019alg\u00e8bre et les fonctions. Les apprenants analyseront les nombres et mod\u00e9liseront la factorisation; traceront et d\u00e9criront les relations entre les variables; analyseront les fonctions; et appliqueront leur compr\u00e9hension [&hellip;]<\/p>\n","protected":false},"author":6,"featured_media":0,"parent":2487,"menu_order":0,"comment_status":"closed","ping_status":"closed","template":"pages\/template-subject.php","meta":{"_acf_changed":false,"footnotes":""},"class_list":["post-1329","page","type-page","status-publish","hentry"],"acf":[],"_links":{"self":[{"href":"https:\/\/curriculum.nbed.ca\/fr\/wp-json\/wp\/v2\/pages\/1329","targetHints":{"allow":["GET"]}}],"collection":[{"href":"https:\/\/curriculum.nbed.ca\/fr\/wp-json\/wp\/v2\/pages"}],"about":[{"href":"https:\/\/curriculum.nbed.ca\/fr\/wp-json\/wp\/v2\/types\/page"}],"author":[{"embeddable":true,"href":"https:\/\/curriculum.nbed.ca\/fr\/wp-json\/wp\/v2\/users\/6"}],"replies":[{"embeddable":true,"href":"https:\/\/curriculum.nbed.ca\/fr\/wp-json\/wp\/v2\/comments?post=1329"}],"version-history":[{"count":8,"href":"https:\/\/curriculum.nbed.ca\/fr\/wp-json\/wp\/v2\/pages\/1329\/revisions"}],"predecessor-version":[{"id":5354,"href":"https:\/\/curriculum.nbed.ca\/fr\/wp-json\/wp\/v2\/pages\/1329\/revisions\/5354"}],"up":[{"embeddable":true,"href":"https:\/\/curriculum.nbed.ca\/fr\/wp-json\/wp\/v2\/pages\/2487"}],"wp:attachment":[{"href":"https:\/\/curriculum.nbed.ca\/fr\/wp-json\/wp\/v2\/media?parent=1329"}],"curies":[{"name":"wp","href":"https:\/\/api.w.org\/{rel}","templated":true}]}}