{"id":1321,"date":"2023-04-03T14:57:50","date_gmt":"2023-04-03T14:57:50","guid":{"rendered":"https:\/\/curriculum.nbed.ca\/marketing\/"},"modified":"2023-08-23T17:23:14","modified_gmt":"2023-08-23T17:23:14","slug":"marketing-120","status":"publish","type":"page","link":"https:\/\/curriculum.nbed.ca\/fr\/domaines-dapprentissage\/secondaire\/apprentissage-lie-a-la-carriere\/lapprentissage-professionnel-et-lie-a-la-carriere\/marketing-120\/","title":{"rendered":"Marketing 120"},"content":{"rendered":"<div class=\"g-container\">\n<p>La connaissance des techniques et des strat\u00e9gies de marketing permet aux apprenants d\u2019\u00e9laborer des plans de marketing qui attirent le consommateur, en cernant les diff\u00e9rents d\u00e9sirs, besoins et exp\u00e9riences du public cible et en y r\u00e9fl\u00e9chissant. La compr\u00e9hension de l\u2019objectif du marketing et des strat\u00e9gies utilis\u00e9es pour susciter une r\u00e9ponse \u00e9motionnelle chez les consommateurs peut aider \u00e0 pr\u00e9parer les apprenants \u00e0 interagir positivement avec les m\u00e9dias num\u00e9riques. Les apprenants acquerront des aptitudes pour d\u00e9coder les donn\u00e9es et leur pr\u00e9sentation visuelle afin de favoriser une pens\u00e9e critique lorsqu\u2019ils interagissent avec les renseignements qui les entourent. L\u2019utilisation de diff\u00e9rentes approches de marketing encouragera les apprenants \u00e0 am\u00e9liorer leurs aptitudes en communication et en n\u00e9gociation, des aptitudes transposables en dehors de la salle de classe et apr\u00e8s l\u2019obtention du dipl\u00f4me.<\/p>\n<\/div>","protected":false},"excerpt":{"rendered":"<p>La connaissance des techniques et des strat\u00e9gies de marketing permet aux apprenants d\u2019\u00e9laborer des plans de marketing qui attirent le consommateur, en cernant les diff\u00e9rents d\u00e9sirs, besoins et exp\u00e9riences du public cible et en y r\u00e9fl\u00e9chissant. La compr\u00e9hension de l\u2019objectif du marketing et des strat\u00e9gies utilis\u00e9es pour susciter une r\u00e9ponse \u00e9motionnelle chez les consommateurs peut [&hellip;]<\/p>\n","protected":false},"author":6,"featured_media":0,"parent":4384,"menu_order":0,"comment_status":"closed","ping_status":"closed","template":"pages\/template-subject.php","meta":{"_acf_changed":false,"footnotes":""},"class_list":["post-1321","page","type-page","status-publish","hentry"],"acf":[],"_links":{"self":[{"href":"https:\/\/curriculum.nbed.ca\/fr\/wp-json\/wp\/v2\/pages\/1321","targetHints":{"allow":["GET"]}}],"collection":[{"href":"https:\/\/curriculum.nbed.ca\/fr\/wp-json\/wp\/v2\/pages"}],"about":[{"href":"https:\/\/curriculum.nbed.ca\/fr\/wp-json\/wp\/v2\/types\/page"}],"author":[{"embeddable":true,"href":"https:\/\/curriculum.nbed.ca\/fr\/wp-json\/wp\/v2\/users\/6"}],"replies":[{"embeddable":true,"href":"https:\/\/curriculum.nbed.ca\/fr\/wp-json\/wp\/v2\/comments?post=1321"}],"version-history":[{"count":7,"href":"https:\/\/curriculum.nbed.ca\/fr\/wp-json\/wp\/v2\/pages\/1321\/revisions"}],"predecessor-version":[{"id":5721,"href":"https:\/\/curriculum.nbed.ca\/fr\/wp-json\/wp\/v2\/pages\/1321\/revisions\/5721"}],"up":[{"embeddable":true,"href":"https:\/\/curriculum.nbed.ca\/fr\/wp-json\/wp\/v2\/pages\/4384"}],"wp:attachment":[{"href":"https:\/\/curriculum.nbed.ca\/fr\/wp-json\/wp\/v2\/media?parent=1321"}],"curies":[{"name":"wp","href":"https:\/\/api.w.org\/{rel}","templated":true}]}}