{"id":1303,"date":"2023-04-03T14:57:14","date_gmt":"2023-04-03T14:57:14","guid":{"rendered":"https:\/\/curriculum.nbed.ca\/french-as-an-additional-language\/"},"modified":"2025-10-31T17:57:39","modified_gmt":"2025-10-31T17:57:39","slug":"francais-langue-additionnelle-110-essentiels-a1-2","status":"publish","type":"page","link":"https:\/\/curriculum.nbed.ca\/fr\/domaines-dapprentissage\/secondaire\/langues-et-arts-de-la-langue\/francais-langue-seconde\/francais-langue-additionnelle-110-essentiels-a1-2\/","title":{"rendered":"Fran\u00e7ais langue additionnelle 110 Essentiels A1.2"},"content":{"rendered":"<div class=\"g-container\">\n<p>Ce cours pour d\u00e9butants s&rsquo;appuie sur les bases du cours FLA 110 A1.1 et permet aux apprenants d&rsquo;acqu\u00e9rir des comp\u00e9tences essentielles en fran\u00e7ais dans les domaines de l&rsquo;\u00e9coute, de l&rsquo;expression orale, de la lecture et de l&rsquo;\u00e9criture, en mettant l&rsquo;accent sur le d\u00e9veloppement de l&rsquo;alphab\u00e9tisation et des comp\u00e9tences communicatives. En outre, ce cours donne aux apprenants l&rsquo;occasion d&rsquo;apprendre les interactions sociales courantes et les comp\u00e9tences n\u00e9cessaires pour r\u00e9pondre aux besoins quotidiens.<\/p>\n<\/div>\n\n<div class=\"g-container\">\n<p>Ce cours peut satisfaire aux exigences de FSL pour la 9e ou 10e ann\u00e9e ou octroyer des cr\u00e9dits aux \u00e9l\u00e8ves de 11e ou 12e ann\u00e9e. Le public cible comprend les nouveaux arrivants, les Autochtones qui n\u2019ont pas suivi de cours de fran\u00e7ais intensif\/post-intensif ou d\u2019autres personnes qui commencent l\u2019apprentissage du fran\u00e7ais.<\/p>\n<\/div>\n\n<div class=\"g-container\">\n<p>Il n\u2019y a pas de pr\u00e9requis. Par cons\u00e9quent, les apprenants auront la possibilit\u00e9 de satisfaire aux exigences d\u2019obtention du dipl\u00f4me en langue seconde sans \u00eatre d\u00e9savantag\u00e9s de mani\u00e8re disproportionn\u00e9e en raison de leurs ant\u00e9c\u00e9dents scolaires. Plus important encore, ils seront initi\u00e9s \u00e0 l\u2019une de nos langues officielles d\u2019une mani\u00e8re r\u00e9ussie, motivante et agr\u00e9able.<\/p>\n<\/div>\n\n<div class=\"g-container\">\n<p><\/p>\n<\/div>\n\n<div class=\"g-container\">\n<p><\/p>\n<\/div>","protected":false},"excerpt":{"rendered":"<p>Ce cours pour d\u00e9butants s&rsquo;appuie sur les bases du cours FLA 110 A1.1 et permet aux apprenants d&rsquo;acqu\u00e9rir des comp\u00e9tences essentielles en fran\u00e7ais dans les domaines de l&rsquo;\u00e9coute, de l&rsquo;expression orale, de la lecture et de l&rsquo;\u00e9criture, en mettant l&rsquo;accent sur le d\u00e9veloppement de l&rsquo;alphab\u00e9tisation et des comp\u00e9tences communicatives. En outre, ce cours donne aux [&hellip;]<\/p>\n","protected":false},"author":6,"featured_media":0,"parent":8870,"menu_order":0,"comment_status":"closed","ping_status":"closed","template":"pages\/template-subject.php","meta":{"_acf_changed":false,"footnotes":""},"class_list":["post-1303","page","type-page","status-publish","hentry"],"acf":[],"_links":{"self":[{"href":"https:\/\/curriculum.nbed.ca\/fr\/wp-json\/wp\/v2\/pages\/1303","targetHints":{"allow":["GET"]}}],"collection":[{"href":"https:\/\/curriculum.nbed.ca\/fr\/wp-json\/wp\/v2\/pages"}],"about":[{"href":"https:\/\/curriculum.nbed.ca\/fr\/wp-json\/wp\/v2\/types\/page"}],"author":[{"embeddable":true,"href":"https:\/\/curriculum.nbed.ca\/fr\/wp-json\/wp\/v2\/users\/6"}],"replies":[{"embeddable":true,"href":"https:\/\/curriculum.nbed.ca\/fr\/wp-json\/wp\/v2\/comments?post=1303"}],"version-history":[{"count":9,"href":"https:\/\/curriculum.nbed.ca\/fr\/wp-json\/wp\/v2\/pages\/1303\/revisions"}],"predecessor-version":[{"id":11002,"href":"https:\/\/curriculum.nbed.ca\/fr\/wp-json\/wp\/v2\/pages\/1303\/revisions\/11002"}],"up":[{"embeddable":true,"href":"https:\/\/curriculum.nbed.ca\/fr\/wp-json\/wp\/v2\/pages\/8870"}],"wp:attachment":[{"href":"https:\/\/curriculum.nbed.ca\/fr\/wp-json\/wp\/v2\/media?parent=1303"}],"curies":[{"name":"wp","href":"https:\/\/api.w.org\/{rel}","templated":true}]}}