{"id":1298,"date":"2023-04-26T13:09:20","date_gmt":"2023-04-26T13:09:20","guid":{"rendered":"https:\/\/curriculum.nbed.ca\/geometry-measurement-and-finance\/"},"modified":"2025-11-07T20:05:32","modified_gmt":"2025-11-07T20:05:32","slug":"geometrie-mesure-et-finances-10","status":"publish","type":"page","link":"https:\/\/curriculum.nbed.ca\/fr\/domaines-dapprentissage\/secondaire\/mathematiques\/geometrie-mesure-et-finances-10\/","title":{"rendered":"G\u00e9om\u00e9trie, mesure et finances 10"},"content":{"rendered":"<div class=\"g-container\">\n<p>Le cours <strong>G\u00e9om\u00e9trie, mesure et finances&nbsp;10<\/strong> fournit les bases n\u00e9cessaires \u00e0 la poursuite de l\u2019\u00e9tude des math\u00e9matiques et de ses diff\u00e9rentes disciplines. Il comprend des notions de g\u00e9om\u00e9trie et de mesure et accro\u00eet la litt\u00e9ratie financi\u00e8re. Les apprenants mettent en relation les propri\u00e9t\u00e9s et principes des droites et des angles, comparent et appliquent les syst\u00e8mes de mesure, appliquent la litt\u00e9ratie financi\u00e8re \u00e0 leurs d\u00e9cisions et \u00e0 leur mieux-\u00eatre et utilisent des formules pour r\u00e9soudre des probl\u00e8mes. Ils appliquent les apprentissages en math\u00e9matiques de la maternelle \u00e0 la 9<sup>e<\/sup>&nbsp;ann\u00e9e et les apprentissages relatifs aux d\u00e9cisions financi\u00e8res personnelles et au mieux-\u00eatre du programme de mieux-\u00eatre personnel de la 6<sup>e<\/sup> \u00e0 la 8<sup>e<\/sup>&nbsp;ann\u00e9e. <strong>G\u00e9om\u00e9trie, mesure et finances&nbsp;10<\/strong><em> <\/em>est le dernier cours de math\u00e9matiques obligatoire au Nouveau-Brunswick.<\/p>\n<\/div>\n\n<div class=\"g-container\">\n<p>Mati\u00e8re \u00e0 l\u2019\u00e9tude&nbsp;: th\u00e9or\u00e8me de Pythagore, polygones, angles, rapports trigonom\u00e9triques, syst\u00e8mes de mesure m\u00e9trique et imp\u00e9rial, aire et volume, fixation de prix unitaire, change de devises, revenu (salaire brut et net), cartes de cr\u00e9dit, pr\u00eats et int\u00e9r\u00eats.<\/p>\n<\/div>\n\n<div class=\"g-container\">\n<p>Pr\u00e9alable recommand\u00e9&nbsp;: <strong>Math\u00e9matiques de 9<sup>e<\/sup>&nbsp;ann\u00e9e<\/strong>.<\/p>\n<\/div>\n\n<div class=\"g-container\">\n<p class=\"has-white-color has-text-color has-background has-link-color wp-elements-dbae045a234cf63a16d1d6047f2530dc\" style=\"background:linear-gradient(135deg,rgb(1,105,96) 0%,rgb(255,255,255) 100%)\"><strong><strong>Pour les \u00e9ducateurs :<\/strong><\/strong><\/p>\n<\/div>\n\n<div class=\"g-container\">\n<div class=\"wp-block-columns is-layout-flex wp-container-core-columns-is-layout-9d6595d7 wp-block-columns-is-layout-flex\">\n<div class=\"wp-block-column is-layout-flow wp-block-column-is-layout-flow\"><div class=\"g-container\">\n<ul class=\"wp-block-list\">\n<li><a href=\"https:\/\/nbed.sharepoint.com\/:b:\/r\/sites\/InDevelopment\/Mathematics\/Companion%20Guides\/FIGMFMath10%20CompDoc%2020250728%20v0.2%20Draft%202028_FR.pdf?csf=1&amp;web=1&amp;e=6f2SkH\" data-type=\"link\" data-id=\"https:\/\/nbed.sharepoint.com\/:b:\/r\/sites\/InDevelopment\/Mathematics\/Companion%20Guides\/FIGMFMath10%20CompDoc%2020250728%20v0.2%20Draft%202028_FR.pdf?csf=1&amp;web=1&amp;e=6f2SkH\" target=\"_blank\" rel=\"noreferrer noopener\">Document d\u2019accompagnement pour G\u00e9om\u00e9trie, mesure et finances 10<\/a><\/li>\n<\/ul>\n<\/div><\/div>\n\n\n\n<div class=\"wp-block-column is-layout-flow wp-block-column-is-layout-flow\"><div class=\"g-container\">\n<p><\/p>\n<\/div><\/div>\n<\/div>\n<\/div>","protected":false},"excerpt":{"rendered":"<p>Le cours G\u00e9om\u00e9trie, mesure et finances&nbsp;10 fournit les bases n\u00e9cessaires \u00e0 la poursuite de l\u2019\u00e9tude des math\u00e9matiques et de ses diff\u00e9rentes disciplines. Il comprend des notions de g\u00e9om\u00e9trie et de mesure et accro\u00eet la litt\u00e9ratie financi\u00e8re. Les apprenants mettent en relation les propri\u00e9t\u00e9s et principes des droites et des angles, comparent et appliquent les syst\u00e8mes [&hellip;]<\/p>\n","protected":false},"author":6,"featured_media":0,"parent":2487,"menu_order":0,"comment_status":"closed","ping_status":"closed","template":"pages\/template-subject.php","meta":{"_acf_changed":false,"footnotes":""},"class_list":["post-1298","page","type-page","status-publish","hentry"],"acf":[],"_links":{"self":[{"href":"https:\/\/curriculum.nbed.ca\/fr\/wp-json\/wp\/v2\/pages\/1298","targetHints":{"allow":["GET"]}}],"collection":[{"href":"https:\/\/curriculum.nbed.ca\/fr\/wp-json\/wp\/v2\/pages"}],"about":[{"href":"https:\/\/curriculum.nbed.ca\/fr\/wp-json\/wp\/v2\/types\/page"}],"author":[{"embeddable":true,"href":"https:\/\/curriculum.nbed.ca\/fr\/wp-json\/wp\/v2\/users\/6"}],"replies":[{"embeddable":true,"href":"https:\/\/curriculum.nbed.ca\/fr\/wp-json\/wp\/v2\/comments?post=1298"}],"version-history":[{"count":8,"href":"https:\/\/curriculum.nbed.ca\/fr\/wp-json\/wp\/v2\/pages\/1298\/revisions"}],"predecessor-version":[{"id":11054,"href":"https:\/\/curriculum.nbed.ca\/fr\/wp-json\/wp\/v2\/pages\/1298\/revisions\/11054"}],"up":[{"embeddable":true,"href":"https:\/\/curriculum.nbed.ca\/fr\/wp-json\/wp\/v2\/pages\/2487"}],"wp:attachment":[{"href":"https:\/\/curriculum.nbed.ca\/fr\/wp-json\/wp\/v2\/media?parent=1298"}],"curies":[{"name":"wp","href":"https:\/\/api.w.org\/{rel}","templated":true}]}}