{"id":1292,"date":"2023-04-26T12:57:54","date_gmt":"2023-04-26T12:57:54","guid":{"rendered":"https:\/\/curriculum.nbed.ca\/foundations-of-mathematics\/"},"modified":"2023-08-26T16:11:37","modified_gmt":"2023-08-26T16:11:37","slug":"fondements-des-mathematiques-110","status":"publish","type":"page","link":"https:\/\/curriculum.nbed.ca\/fr\/domaines-dapprentissage\/secondaire\/mathematiques\/fondements-des-mathematiques-110\/","title":{"rendered":"Fondements des math\u00e9matiques 110"},"content":{"rendered":"<div class=\"g-container\">\n<p>Le cours <strong>Fondements des math\u00e9matiques 110<\/strong> fournit les bases d\u2019un raisonnement math\u00e9matique plus complexe et comprend l\u2019\u00e9tude des aspects philosophiques ou logiques de cette discipline. Les apprenants doivent cr\u00e9er des \u00e9nonc\u00e9s math\u00e9matiques et communiquer leur validit\u00e9 \u00e0 l\u2019aide de leurs aptitudes de raisonnement; penser de fa\u00e7on critique et appliquer leurs connaissances pour r\u00e9soudre des probl\u00e8mes g\u00e9om\u00e9triques; \u00e9tablir un lien entre les \u00e9quations alg\u00e9briques et leurs repr\u00e9sentations visuelles sur un graphique \u00e0 l\u2019aide de fonctions lin\u00e9aires et quadratiques; \u00e9laborer une approche personnelle des finances en utilisant sa compr\u00e9hension des nombres; explorer la mani\u00e8re dont les technologies peuvent soutenir les travaux math\u00e9matiques. Les apprenants doivent mettre en application leurs connaissances pr\u00e9alables de la factorisation, des graphiques lin\u00e9aires, des rapports trigonom\u00e9triques et des propri\u00e9t\u00e9s des lignes parall\u00e8les. Ce cours ouvre la voie \u00e0 des \u00e9tudes plus pouss\u00e9es en math\u00e9matiques et pr\u00e9pare au calcul diff\u00e9rentiel et int\u00e9gral.<\/p>\n<\/div>\n\n<div class=\"g-container\">\n<p>Sujets abord\u00e9s : raisonnement num\u00e9rique et logique, angles et triangles, lois du sinus et du cosinus, syst\u00e8mes d\u2019in\u00e9quations lin\u00e9aires, fonctions quadratiques, location et achat, et portefeuilles de placement.<\/p>\n<\/div>\n\n<div class=\"g-container\">\n<p>Les cours <strong>G\u00e9om\u00e9trie, mesure et finances 10<\/strong> et <strong>Nombres, relations et fonctions 10<\/strong> sont recommand\u00e9s avant de s\u2019inscrire au cours <strong>Fondements des math\u00e9matiques 110<\/strong>.<\/p>\n<\/div>","protected":false},"excerpt":{"rendered":"<p>Le cours Fondements des math\u00e9matiques 110 fournit les bases d\u2019un raisonnement math\u00e9matique plus complexe et comprend l\u2019\u00e9tude des aspects philosophiques ou logiques de cette discipline. Les apprenants doivent cr\u00e9er des \u00e9nonc\u00e9s math\u00e9matiques et communiquer leur validit\u00e9 \u00e0 l\u2019aide de leurs aptitudes de raisonnement; penser de fa\u00e7on critique et appliquer leurs connaissances pour r\u00e9soudre des probl\u00e8mes [&hellip;]<\/p>\n","protected":false},"author":6,"featured_media":0,"parent":2487,"menu_order":0,"comment_status":"closed","ping_status":"closed","template":"pages\/template-subject.php","meta":{"_acf_changed":false,"footnotes":""},"class_list":["post-1292","page","type-page","status-publish","hentry"],"acf":[],"_links":{"self":[{"href":"https:\/\/curriculum.nbed.ca\/fr\/wp-json\/wp\/v2\/pages\/1292","targetHints":{"allow":["GET"]}}],"collection":[{"href":"https:\/\/curriculum.nbed.ca\/fr\/wp-json\/wp\/v2\/pages"}],"about":[{"href":"https:\/\/curriculum.nbed.ca\/fr\/wp-json\/wp\/v2\/types\/page"}],"author":[{"embeddable":true,"href":"https:\/\/curriculum.nbed.ca\/fr\/wp-json\/wp\/v2\/users\/6"}],"replies":[{"embeddable":true,"href":"https:\/\/curriculum.nbed.ca\/fr\/wp-json\/wp\/v2\/comments?post=1292"}],"version-history":[{"count":8,"href":"https:\/\/curriculum.nbed.ca\/fr\/wp-json\/wp\/v2\/pages\/1292\/revisions"}],"predecessor-version":[{"id":6035,"href":"https:\/\/curriculum.nbed.ca\/fr\/wp-json\/wp\/v2\/pages\/1292\/revisions\/6035"}],"up":[{"embeddable":true,"href":"https:\/\/curriculum.nbed.ca\/fr\/wp-json\/wp\/v2\/pages\/2487"}],"wp:attachment":[{"href":"https:\/\/curriculum.nbed.ca\/fr\/wp-json\/wp\/v2\/media?parent=1292"}],"curies":[{"name":"wp","href":"https:\/\/api.w.org\/{rel}","templated":true}]}}