{"id":1271,"date":"2023-04-03T14:41:39","date_gmt":"2023-04-03T14:41:39","guid":{"rendered":"https:\/\/curriculum.nbed.ca\/english-language-arts-extended\/"},"modified":"2025-11-05T19:38:08","modified_gmt":"2025-11-05T19:38:08","slug":"arts-de-la-langue-anglaise-10-enrichi","status":"publish","type":"page","link":"https:\/\/curriculum.nbed.ca\/fr\/domaines-dapprentissage\/secondaire\/langues-et-arts-de-la-langue\/arts-de-la-langue-anglaise-10-enrichi\/","title":{"rendered":"Arts de la langue anglaise 10 enrichi"},"content":{"rendered":"<div class=\"g-container\">\n<p><strong>Arts de la langue anglaise 10 enrichi<\/strong> est un cours au choix d\u2019un semestre valant 4 heures-cr\u00e9dits. Il est con\u00e7u pour approfondir les apprentissages d\u2019un \u00e9l\u00e8ve en arts de la langue anglaise (ALA) en fonction de ses int\u00e9r\u00eats, de ses besoins et de ses forces.<\/p>\n<\/div>\n\n<div class=\"g-container\">\n<p>En 10e ann\u00e9e, les \u00e9l\u00e8ves en arts de la langue anglaise doivent \u00e9couter, voir et lire de l\u2019information et des textes litt\u00e9raires de plus en plus complexes qui repr\u00e9sentent un \u00e9ventail de registres et en discuter, pour le plaisir, l\u2019apprentissage et la compr\u00e9hension personnelle, de fa\u00e7on collaborative et autonome. En mettant l\u2019accent sur du contenu canadien, y compris des \u0153uvres de personnes noires, autochtones et racialis\u00e9es, les \u00e9l\u00e8ves seront expos\u00e9es \u00e0 une gamme vari\u00e9e de textes repr\u00e9sentant diverses voix et perspectives (LGBTQ2S+, neurodiversit\u00e9, \u00e2ge, genre, ethnicit\u00e9, culture, religion et capacit\u00e9).<\/p>\n<\/div>\n\n<div class=\"g-container\">\n<p>Les \u00e9l\u00e8ves montrent une sophistication croissante dans le choix des strat\u00e9gies particuli\u00e8res pour r\u00e9pondre \u00e0 leurs besoins par l\u2019interaction, la lecture et la repr\u00e9sentation. Ils comprennent le processus et les strat\u00e9gies d\u2019apprentissage qui fonctionnent pour eux lors de la cr\u00e9ation de divers textes. Un texte, ce n\u2019est pas que des mots; il peut s\u2019agir d\u2019un r\u00e9cit oral, d\u2019une trame sonore, d\u2019une \u0153uvre d\u2019art, d\u2019une \u00e9quation math\u00e9matique, d\u2019une danse, d\u2019une formule chimique, d\u2019un jeu, d\u2019un r\u00e9seau de pages Web interreli\u00e9es, d\u2019une publicit\u00e9, d\u2019une vid\u00e9o, d\u2019une tenue, etc. Les le\u00e7ons sont con\u00e7ues pour tenir compte des diff\u00e9rences et offrir du soutien, afin que tous les apprenants aient acc\u00e8s \u00e0 une exp\u00e9rience d\u2019apprentissage \u00e9quitable.<\/p>\n<\/div>","protected":false},"excerpt":{"rendered":"<p>Arts de la langue anglaise 10 enrichi est un cours au choix d\u2019un semestre valant 4 heures-cr\u00e9dits. Il est con\u00e7u pour approfondir les apprentissages d\u2019un \u00e9l\u00e8ve en arts de la langue anglaise (ALA) en fonction de ses int\u00e9r\u00eats, de ses besoins et de ses forces. En 10e ann\u00e9e, les \u00e9l\u00e8ves en arts de la langue [&hellip;]<\/p>\n","protected":false},"author":6,"featured_media":0,"parent":2464,"menu_order":0,"comment_status":"closed","ping_status":"closed","template":"pages\/template-subject.php","meta":{"_acf_changed":false,"footnotes":""},"class_list":["post-1271","page","type-page","status-publish","hentry"],"acf":[],"_links":{"self":[{"href":"https:\/\/curriculum.nbed.ca\/fr\/wp-json\/wp\/v2\/pages\/1271","targetHints":{"allow":["GET"]}}],"collection":[{"href":"https:\/\/curriculum.nbed.ca\/fr\/wp-json\/wp\/v2\/pages"}],"about":[{"href":"https:\/\/curriculum.nbed.ca\/fr\/wp-json\/wp\/v2\/types\/page"}],"author":[{"embeddable":true,"href":"https:\/\/curriculum.nbed.ca\/fr\/wp-json\/wp\/v2\/users\/6"}],"replies":[{"embeddable":true,"href":"https:\/\/curriculum.nbed.ca\/fr\/wp-json\/wp\/v2\/comments?post=1271"}],"version-history":[{"count":16,"href":"https:\/\/curriculum.nbed.ca\/fr\/wp-json\/wp\/v2\/pages\/1271\/revisions"}],"predecessor-version":[{"id":11037,"href":"https:\/\/curriculum.nbed.ca\/fr\/wp-json\/wp\/v2\/pages\/1271\/revisions\/11037"}],"up":[{"embeddable":true,"href":"https:\/\/curriculum.nbed.ca\/fr\/wp-json\/wp\/v2\/pages\/2464"}],"wp:attachment":[{"href":"https:\/\/curriculum.nbed.ca\/fr\/wp-json\/wp\/v2\/media?parent=1271"}],"curies":[{"name":"wp","href":"https:\/\/api.w.org\/{rel}","templated":true}]}}