{"id":11575,"date":"2023-04-03T14:59:16","date_gmt":"2023-04-03T14:59:16","guid":{"rendered":"https:\/\/curriculum.nbed.ca\/domaines-dapprentissage\/intermediaire\/technology2\/"},"modified":"2026-02-19T18:25:17","modified_gmt":"2026-02-19T18:25:17","slug":"technology","status":"publish","type":"page","link":"https:\/\/curriculum.nbed.ca\/fr\/domaines-dapprentissage\/intermediaire\/technology\/","title":{"rendered":"Technologie"},"content":{"rendered":"<div class=\"g-container\">\n<p>Le cours de technologie met l\u2019accent sur l\u2019acquisition par les apprenants des comp\u00e9tences requises pour le mieux-\u00eatre personnel, l\u2019autonomie ainsi que des habilet\u00e9s fondamentales pour l\u2019apprentissage futur des technologies. Les apprenants acquerront des comp\u00e9tences sur les technologies num\u00e9riques et appliqu\u00e9es pour r\u00e9pondre \u00e0 leurs besoins imm\u00e9diats et futurs alors qu\u2019ils am\u00e9liorent leur conscience d\u2019eux-m\u00eames et leur autonomie. En travaillant sur des situations d\u2019apprentissage par projets et par probl\u00e8mes, les apprenants appliquent les processus de r\u00e9flexion conceptuelle et la pens\u00e9e informatique aux questions qui les touchent. Les apprenants font l\u2019exp\u00e9rience de divers domaines de comp\u00e9tences technologiques et interagissent avec ceux-ci, notamment la programmation, la r\u00e9seautique, la cuisine, la production alimentaire, la conception, la r\u00e9paration et l\u2019entretien d\u2019articles li\u00e9s au monde technique. Ce perfectionnement des comp\u00e9tences permettra aux apprenants de consolider leurs points forts et de se sensibiliser \u00e0 de nombreuses comp\u00e9tences technologiques en vue d\u2019une sp\u00e9cialisation dans les ann\u00e9es \u00e0 venir.<\/p>\n<\/div>\n\n<div class=\"g-container\">\n<div style=\"height:36px\" aria-hidden=\"true\" class=\"wp-block-spacer\"><\/div>\n<\/div>","protected":false},"excerpt":{"rendered":"<p>Le cours de technologie met l\u2019accent sur l\u2019acquisition par les apprenants des comp\u00e9tences requises pour le mieux-\u00eatre personnel, l\u2019autonomie ainsi que des habilet\u00e9s fondamentales pour l\u2019apprentissage futur des technologies. Les apprenants acquerront des comp\u00e9tences sur les technologies num\u00e9riques et appliqu\u00e9es pour r\u00e9pondre \u00e0 leurs besoins imm\u00e9diats et futurs alors qu\u2019ils am\u00e9liorent leur conscience d\u2019eux-m\u00eames et [&hellip;]<\/p>\n","protected":false},"author":8,"featured_media":0,"parent":1827,"menu_order":0,"comment_status":"closed","ping_status":"closed","template":"pages\/template-subject.php","meta":{"_acf_changed":false,"footnotes":""},"class_list":["post-11575","page","type-page","status-publish","hentry"],"acf":[],"_links":{"self":[{"href":"https:\/\/curriculum.nbed.ca\/fr\/wp-json\/wp\/v2\/pages\/11575","targetHints":{"allow":["GET"]}}],"collection":[{"href":"https:\/\/curriculum.nbed.ca\/fr\/wp-json\/wp\/v2\/pages"}],"about":[{"href":"https:\/\/curriculum.nbed.ca\/fr\/wp-json\/wp\/v2\/types\/page"}],"author":[{"embeddable":true,"href":"https:\/\/curriculum.nbed.ca\/fr\/wp-json\/wp\/v2\/users\/8"}],"replies":[{"embeddable":true,"href":"https:\/\/curriculum.nbed.ca\/fr\/wp-json\/wp\/v2\/comments?post=11575"}],"version-history":[{"count":9,"href":"https:\/\/curriculum.nbed.ca\/fr\/wp-json\/wp\/v2\/pages\/11575\/revisions"}],"predecessor-version":[{"id":11592,"href":"https:\/\/curriculum.nbed.ca\/fr\/wp-json\/wp\/v2\/pages\/11575\/revisions\/11592"}],"up":[{"embeddable":true,"href":"https:\/\/curriculum.nbed.ca\/fr\/wp-json\/wp\/v2\/pages\/1827"}],"wp:attachment":[{"href":"https:\/\/curriculum.nbed.ca\/fr\/wp-json\/wp\/v2\/media?parent=11575"}],"curies":[{"name":"wp","href":"https:\/\/api.w.org\/{rel}","templated":true}]}}