{"id":10806,"date":"2023-04-03T14:58:19","date_gmt":"2023-04-03T14:58:19","guid":{"rendered":"https:\/\/curriculum.nbed.ca\/domaines-dapprentissage\/secondaire\/sciences\/aquatic-sciences-120\/"},"modified":"2025-09-02T17:30:39","modified_gmt":"2025-09-02T17:30:39","slug":"aquatic-sciences-120","status":"publish","type":"page","link":"https:\/\/curriculum.nbed.ca\/fr\/domaines-dapprentissage\/secondaire\/sciences\/aquatic-sciences-120\/","title":{"rendered":"Sciences aquatiques 120"},"content":{"rendered":"<div class=\"g-container\">\n<p>Le cours Sciences aquatiques 120 initie les personnes apprenantes \u00e0 l&rsquo;\u00e9conomie bleue. Les oc\u00e9ans et les masses d\u2019eau douce couvrent 71&nbsp;% de la surface de la Terre et jouent un r\u00f4le essentiel dans la culture humaine, les syst\u00e8mes alimentaires, les transports et l\u2019\u00e9nergie. Notre d\u00e9pendance \u00e0 l\u2019\u00e9gard des habitats aquatiques exige que nous trouvions un \u00e9quilibre entre les avantages qu\u2019offre cette vaste \u00e9conomie bleue et la gestion durable de ses ressources par l\u2019entremise de m\u00e9canismes scientifiques et de gouvernance. Les personnes apprenantes mettront en pratique l\u2019apprentissage par l\u2019enqu\u00eate tout en explorant les secteurs de l\u2019aquaculture, de la p\u00eache et des syst\u00e8mes aquatiques. Dans ce contexte, les personnes apprenantes d\u00e9veloppent des comp\u00e9tences scientifiques telles que l\u2019observation, le questionnement, la pr\u00e9diction, la collecte et l\u2019analyse de donn\u00e9es, la formulation de conclusions, l\u2019application des connaissances et la communication des r\u00e9sultats. Ce cours offre l\u2019occasion d\u2019explorer divers parcours professionnels dans les domaines de sciences et des technologies, notamment la biologie marine et la gestion de l\u2019environnement, et de d\u00e9couvrir le r\u00f4le essentiel que jouent l\u2019aquaculture et la p\u00eache dans la vie quotidienne. Il met l\u2019accent sur les liens personnels, les pratiques durables et le respect des savoirs autochtones dans des contextes locaux et mondiaux.<\/p>\n<\/div>\n\n<div class=\"g-container\">\n<p>Ce cours est directement li\u00e9 aux objectifs de d\u00e9veloppement durable des Nations Unies&nbsp;: 6)&nbsp;eau propre et assainissement; 11)&nbsp;villes et communaut\u00e9s durables; 12)&nbsp;consommation et production responsables; 13)&nbsp;mesures relatives \u00e0 la lutte contre les changements climatiques; 14)&nbsp;vie aquatique; 15)&nbsp;vie terrestre.<\/p>\n<\/div>\n\n<div class=\"g-container\">\n<p>Il est fortement recommand\u00e9 aux personnes apprenantes de suivre le cours <strong>Sciences 10 : la science pour des soci\u00e9t\u00e9s durables<\/strong> avant de suivre le cours Sciences aquatiques 120.<\/p>\n<\/div>","protected":false},"excerpt":{"rendered":"<p>Le cours Sciences aquatiques 120 initie les personnes apprenantes \u00e0 l&rsquo;\u00e9conomie bleue. Les oc\u00e9ans et les masses d\u2019eau douce couvrent 71&nbsp;% de la surface de la Terre et jouent un r\u00f4le essentiel dans la culture humaine, les syst\u00e8mes alimentaires, les transports et l\u2019\u00e9nergie. Notre d\u00e9pendance \u00e0 l\u2019\u00e9gard des habitats aquatiques exige que nous trouvions un [&hellip;]<\/p>\n","protected":false},"author":8,"featured_media":0,"parent":2496,"menu_order":0,"comment_status":"closed","ping_status":"closed","template":"pages\/template-subject.php","meta":{"_acf_changed":false,"footnotes":""},"class_list":["post-10806","page","type-page","status-publish","hentry"],"acf":[],"_links":{"self":[{"href":"https:\/\/curriculum.nbed.ca\/fr\/wp-json\/wp\/v2\/pages\/10806","targetHints":{"allow":["GET"]}}],"collection":[{"href":"https:\/\/curriculum.nbed.ca\/fr\/wp-json\/wp\/v2\/pages"}],"about":[{"href":"https:\/\/curriculum.nbed.ca\/fr\/wp-json\/wp\/v2\/types\/page"}],"author":[{"embeddable":true,"href":"https:\/\/curriculum.nbed.ca\/fr\/wp-json\/wp\/v2\/users\/8"}],"replies":[{"embeddable":true,"href":"https:\/\/curriculum.nbed.ca\/fr\/wp-json\/wp\/v2\/comments?post=10806"}],"version-history":[{"count":3,"href":"https:\/\/curriculum.nbed.ca\/fr\/wp-json\/wp\/v2\/pages\/10806\/revisions"}],"predecessor-version":[{"id":10810,"href":"https:\/\/curriculum.nbed.ca\/fr\/wp-json\/wp\/v2\/pages\/10806\/revisions\/10810"}],"up":[{"embeddable":true,"href":"https:\/\/curriculum.nbed.ca\/fr\/wp-json\/wp\/v2\/pages\/2496"}],"wp:attachment":[{"href":"https:\/\/curriculum.nbed.ca\/fr\/wp-json\/wp\/v2\/media?parent=10806"}],"curies":[{"name":"wp","href":"https:\/\/api.w.org\/{rel}","templated":true}]}}