{"id":10790,"date":"2023-04-03T14:57:50","date_gmt":"2023-04-03T14:57:50","guid":{"rendered":"https:\/\/curriculum.nbed.ca\/domaines-dapprentissage\/secondaire\/apprentissage-lie-a-la-carriere\/lapprentissage-professionnel-et-lie-a-la-carriere\/financial-accounting-120\/"},"modified":"2025-09-02T12:16:55","modified_gmt":"2025-09-02T12:16:55","slug":"comptabilite-generale-120","status":"publish","type":"page","link":"https:\/\/curriculum.nbed.ca\/fr\/domaines-dapprentissage\/secondaire\/apprentissage-lie-a-la-carriere\/lapprentissage-professionnel-et-lie-a-la-carriere\/comptabilite-generale-120\/","title":{"rendered":"Comptabilit\u00e9 g\u00e9n\u00e9rale\u00a0120"},"content":{"rendered":"<div class=\"g-container\">\n<p>Le cours Comptabilit\u00e9 g\u00e9n\u00e9rale&nbsp;120 permet d\u2019acqu\u00e9rir des connaissances essentielles en mati\u00e8re d\u2019affaires et de comptabilit\u00e9, dont l\u2019\u00e9tude des d\u00e9cisions et des transactions op\u00e9rationnelles, la comptabilisation et le suivi de ressources et d\u2019int\u00e9r\u00eats, ainsi que les m\u00e9thodes et les pratiques comptables concernant les documents source et le contr\u00f4le. Les personnes apprenantes exploreront les technologies et les logiciels de comptabilit\u00e9, d\u00e9montreront des pratiques comptables et communiqueront des rapports financiers.<\/p>\n<\/div>\n\n<div class=\"g-container\">\n<p>Les sujets abord\u00e9s comprennent les transactions op\u00e9rationnelles, les actifs, les passifs et les capitaux propres, les journaux et les comptes, les m\u00e9thodes comptables, les documents source, les contr\u00f4les comptables internes, les bilans, et l\u2019exploration des carri\u00e8res. On recommande de suivre les cours <strong>G\u00e9om\u00e9trie, mesure et finances&nbsp;10<\/strong> et <strong>Fondements des math\u00e9matiques&nbsp;110<\/strong> ou <strong>Math\u00e9matiques pour les finances et le milieu de travail&nbsp;110<\/strong> avant de s\u2019inscrire au cours Comptabilit\u00e9 g\u00e9n\u00e9rale&nbsp;120.&nbsp;<\/p>\n<\/div>\n\n<div class=\"g-container\">\n<div style=\"height:56px\" aria-hidden=\"true\" class=\"wp-block-spacer\"><\/div>\n<\/div>","protected":false},"excerpt":{"rendered":"<p>Le cours Comptabilit\u00e9 g\u00e9n\u00e9rale&nbsp;120 permet d\u2019acqu\u00e9rir des connaissances essentielles en mati\u00e8re d\u2019affaires et de comptabilit\u00e9, dont l\u2019\u00e9tude des d\u00e9cisions et des transactions op\u00e9rationnelles, la comptabilisation et le suivi de ressources et d\u2019int\u00e9r\u00eats, ainsi que les m\u00e9thodes et les pratiques comptables concernant les documents source et le contr\u00f4le. Les personnes apprenantes exploreront les technologies et les [&hellip;]<\/p>\n","protected":false},"author":8,"featured_media":0,"parent":4384,"menu_order":0,"comment_status":"closed","ping_status":"closed","template":"pages\/template-subject.php","meta":{"_acf_changed":false,"footnotes":""},"class_list":["post-10790","page","type-page","status-publish","hentry"],"acf":[],"_links":{"self":[{"href":"https:\/\/curriculum.nbed.ca\/fr\/wp-json\/wp\/v2\/pages\/10790","targetHints":{"allow":["GET"]}}],"collection":[{"href":"https:\/\/curriculum.nbed.ca\/fr\/wp-json\/wp\/v2\/pages"}],"about":[{"href":"https:\/\/curriculum.nbed.ca\/fr\/wp-json\/wp\/v2\/types\/page"}],"author":[{"embeddable":true,"href":"https:\/\/curriculum.nbed.ca\/fr\/wp-json\/wp\/v2\/users\/8"}],"replies":[{"embeddable":true,"href":"https:\/\/curriculum.nbed.ca\/fr\/wp-json\/wp\/v2\/comments?post=10790"}],"version-history":[{"count":2,"href":"https:\/\/curriculum.nbed.ca\/fr\/wp-json\/wp\/v2\/pages\/10790\/revisions"}],"predecessor-version":[{"id":10793,"href":"https:\/\/curriculum.nbed.ca\/fr\/wp-json\/wp\/v2\/pages\/10790\/revisions\/10793"}],"up":[{"embeddable":true,"href":"https:\/\/curriculum.nbed.ca\/fr\/wp-json\/wp\/v2\/pages\/4384"}],"wp:attachment":[{"href":"https:\/\/curriculum.nbed.ca\/fr\/wp-json\/wp\/v2\/media?parent=10790"}],"curies":[{"name":"wp","href":"https:\/\/api.w.org\/{rel}","templated":true}]}}