{"id":10769,"date":"2023-04-03T14:58:19","date_gmt":"2023-04-03T14:58:19","guid":{"rendered":"https:\/\/curriculum.nbed.ca\/domaines-dapprentissage\/secondaire\/sciences\/environmental-science-120\/"},"modified":"2025-08-28T15:19:01","modified_gmt":"2025-08-28T15:19:01","slug":"sciences-environnementales-120","status":"publish","type":"page","link":"https:\/\/curriculum.nbed.ca\/fr\/domaines-dapprentissage\/secondaire\/sciences\/sciences-environnementales-120\/","title":{"rendered":"Sciences environnementales\u00a0120"},"content":{"rendered":"<div class=\"g-container\">\n<p>Dans le cours <em>Sciences environnementales&nbsp;120<\/em>, les personnes apprenantes r\u00e9alisent des recherches et des exp\u00e9riences scientifiques, en laboratoire et sur le terrain, afin d\u2019explorer le monde naturel. Par l\u2019exploration des comp\u00e9tences en sciences, des \u00e9cosyst\u00e8mes et de la sensibilisation \u00e0 l\u2019environnement, ce cours permet aux personnes apprenantes de faire part de leurs exp\u00e9riences et d\u2019agir collectivement. Les personnes apprenantes d\u00e9termineront les r\u00e9percussions des comportements personnels sur l\u2019environnement et comprendront que la pr\u00e9servation des milieux naturels est une composante de la citoyennet\u00e9 responsable. Le cours <em>Sciences environnementales&nbsp;120<\/em> sera utile \u00e0 tout le monde qui souhaite faire carri\u00e8re dans le domaine de l\u2019\u00e9conomie verte.&nbsp;&nbsp;<\/p>\n<\/div>\n\n<div class=\"g-container\">\n<p>Ce cours est li\u00e9 aux objectifs de d\u00e9veloppement durable de l\u2019Organisation des Nations Unies (ODD de l\u2019ONU)&nbsp;: 6)&nbsp;eau propre et assainissement; 11)&nbsp;villes et communaut\u00e9s durables; 12)&nbsp;consommation et production responsables; 13)&nbsp;mesures relatives \u00e0 la lutte contre les changements climatiques; 14)&nbsp;vie aquatique; 15)&nbsp;vie terrestre. On recommande de suivre les cours <em>G\u00e9om\u00e9trie, mesure et finances&nbsp;10<\/em>, <em>\u00c9ducation civique&nbsp;10<\/em> et <em>Sciences&nbsp;9<\/em> avant de s\u2019inscrire au cours <em>Sciences environnementales&nbsp;120<\/em>.<\/p>\n<\/div>","protected":false},"excerpt":{"rendered":"<p>Dans le cours Sciences environnementales&nbsp;120, les personnes apprenantes r\u00e9alisent des recherches et des exp\u00e9riences scientifiques, en laboratoire et sur le terrain, afin d\u2019explorer le monde naturel. Par l\u2019exploration des comp\u00e9tences en sciences, des \u00e9cosyst\u00e8mes et de la sensibilisation \u00e0 l\u2019environnement, ce cours permet aux personnes apprenantes de faire part de leurs exp\u00e9riences et d\u2019agir collectivement. [&hellip;]<\/p>\n","protected":false},"author":8,"featured_media":0,"parent":2496,"menu_order":0,"comment_status":"closed","ping_status":"closed","template":"pages\/template-subject.php","meta":{"_acf_changed":false,"footnotes":""},"class_list":["post-10769","page","type-page","status-publish","hentry"],"acf":[],"_links":{"self":[{"href":"https:\/\/curriculum.nbed.ca\/fr\/wp-json\/wp\/v2\/pages\/10769","targetHints":{"allow":["GET"]}}],"collection":[{"href":"https:\/\/curriculum.nbed.ca\/fr\/wp-json\/wp\/v2\/pages"}],"about":[{"href":"https:\/\/curriculum.nbed.ca\/fr\/wp-json\/wp\/v2\/types\/page"}],"author":[{"embeddable":true,"href":"https:\/\/curriculum.nbed.ca\/fr\/wp-json\/wp\/v2\/users\/8"}],"replies":[{"embeddable":true,"href":"https:\/\/curriculum.nbed.ca\/fr\/wp-json\/wp\/v2\/comments?post=10769"}],"version-history":[{"count":5,"href":"https:\/\/curriculum.nbed.ca\/fr\/wp-json\/wp\/v2\/pages\/10769\/revisions"}],"predecessor-version":[{"id":10778,"href":"https:\/\/curriculum.nbed.ca\/fr\/wp-json\/wp\/v2\/pages\/10769\/revisions\/10778"}],"up":[{"embeddable":true,"href":"https:\/\/curriculum.nbed.ca\/fr\/wp-json\/wp\/v2\/pages\/2496"}],"wp:attachment":[{"href":"https:\/\/curriculum.nbed.ca\/fr\/wp-json\/wp\/v2\/media?parent=10769"}],"curies":[{"name":"wp","href":"https:\/\/api.w.org\/{rel}","templated":true}]}}