{"id":10755,"date":"2023-04-03T14:52:17","date_gmt":"2023-04-03T14:52:17","guid":{"rendered":"https:\/\/curriculum.nbed.ca\/domaines-dapprentissage\/secondaire\/mieux-etre-education-physique\/physical-education-through-sport-110\/"},"modified":"2025-09-02T13:46:19","modified_gmt":"2025-09-02T13:46:19","slug":"education-physique-par-le-sport-110","status":"publish","type":"page","link":"https:\/\/curriculum.nbed.ca\/fr\/domaines-dapprentissage\/secondaire\/mieux-etre-education-physique\/education-physique-par-le-sport-110\/","title":{"rendered":"\u00c9ducation physique par le sport\u00a0110"},"content":{"rendered":"<div class=\"g-container\">\n<p>Le cours \u00c9ducation physique par le sport\u00a0110 est con\u00e7u pour soutenir les exp\u00e9riences des personnes apprenantes et leur compr\u00e9hension des aspects th\u00e9oriques et pratiques du sport. Les personnes apprenantes participent \u00e0 des activit\u00e9s p\u00e9dagogiques pratiques, exploratoires et participatives, notamment \u00e0 des activit\u00e9s sportives individuelles et d\u2019\u00e9quipe. Elles abordent aussi divers sujets\u00a0: sociologie du sport, mentorat, engagement durable envers la pratique sportive, carri\u00e8res en \u00e9ducation physique, questions \u00e9thiques, comp\u00e9tences, strat\u00e9gies, tactiques et entra\u00eenements propres \u00e0 diff\u00e9rents sports. On les aide \u00e0 adopter des comportements respectueux, \u00e9thiques, inclusifs et s\u00fbrs dans divers milieux d\u2019apprentissage. Ce cours s\u2019adresse aux personnes apprenantes qui souhaitent acqu\u00e9rir des comp\u00e9tences propres \u00e0 diff\u00e9rents sports.<\/p>\n<\/div>\n\n<div class=\"g-container\">\n<p class=\"has-white-color has-text-color has-background has-link-color wp-elements-eae80a5b11007b2cf7834f5ca31bf54c\" style=\"background:linear-gradient(135deg,rgb(1,105,96) 0%,rgb(255,255,255) 100%)\"><strong><strong>Pour les \u00e9ducateurs.trices :<\/strong><\/strong><\/p>\n<\/div>\n\n<div class=\"g-container\">\n<div class=\"wp-block-columns is-layout-flex wp-container-core-columns-is-layout-9d6595d7 wp-block-columns-is-layout-flex\">\n<div class=\"wp-block-column is-layout-flow wp-block-column-is-layout-flow\"><\/div>\n\n\n\n<div class=\"wp-block-column is-layout-flow wp-block-column-is-layout-flow\"><div class=\"g-container\">\n<p>Lignes directrices relatives \u00e0 la s\u00e9curit\u00e9 en \u00e9ducation physique :<\/p>\n<\/div>\n\n<div class=\"g-container\">\n<ul class=\"wp-block-list\">\n<li><a href=\"https:\/\/www2.gnb.ca\/content\/dam\/gnb\/Departments\/ed\/pdf\/K12\/curric\/Health-PhysicalEducation\/SafetyGuidelinesSecondaryCurricular.pdf\" target=\"_blank\" rel=\"noreferrer noopener\">Curricular<\/a>\u00a0(anglais seulement)<\/li>\n\n\n\n<li><a href=\"https:\/\/www2.gnb.ca\/content\/dam\/gnb\/Departments\/ed\/pdf\/K12\/curric\/Health-PhysicalEducation\/SafetyGuidelinesSecondaryIntramural.pdf\" target=\"_blank\" rel=\"noreferrer noopener\">Intramural<\/a>\u00a0(anglais seulement)<\/li>\n\n\n\n<li><a href=\"https:\/\/www2.gnb.ca\/content\/dam\/gnb\/Departments\/ed\/pdf\/K12\/curric\/Health-PhysicalEducation\/SafetyGuidelinesSecondaryInterschoolAthletics.pdf\" target=\"_blank\" rel=\"noreferrer noopener\">Interschool<\/a>\u00a0(anglais seulement)<\/li>\n<\/ul>\n<\/div><\/div>\n<\/div>\n<\/div>\n\n<div class=\"g-container\">\n<p><\/p>\n<\/div>","protected":false},"excerpt":{"rendered":"<p>Le cours \u00c9ducation physique par le sport\u00a0110 est con\u00e7u pour soutenir les exp\u00e9riences des personnes apprenantes et leur compr\u00e9hension des aspects th\u00e9oriques et pratiques du sport. Les personnes apprenantes participent \u00e0 des activit\u00e9s p\u00e9dagogiques pratiques, exploratoires et participatives, notamment \u00e0 des activit\u00e9s sportives individuelles et d\u2019\u00e9quipe. Elles abordent aussi divers sujets\u00a0: sociologie du sport, mentorat, [&hellip;]<\/p>\n","protected":false},"author":8,"featured_media":0,"parent":2521,"menu_order":0,"comment_status":"closed","ping_status":"closed","template":"pages\/template-subject.php","meta":{"_acf_changed":false,"footnotes":""},"class_list":["post-10755","page","type-page","status-publish","hentry"],"acf":[],"_links":{"self":[{"href":"https:\/\/curriculum.nbed.ca\/fr\/wp-json\/wp\/v2\/pages\/10755","targetHints":{"allow":["GET"]}}],"collection":[{"href":"https:\/\/curriculum.nbed.ca\/fr\/wp-json\/wp\/v2\/pages"}],"about":[{"href":"https:\/\/curriculum.nbed.ca\/fr\/wp-json\/wp\/v2\/types\/page"}],"author":[{"embeddable":true,"href":"https:\/\/curriculum.nbed.ca\/fr\/wp-json\/wp\/v2\/users\/8"}],"replies":[{"embeddable":true,"href":"https:\/\/curriculum.nbed.ca\/fr\/wp-json\/wp\/v2\/comments?post=10755"}],"version-history":[{"count":4,"href":"https:\/\/curriculum.nbed.ca\/fr\/wp-json\/wp\/v2\/pages\/10755\/revisions"}],"predecessor-version":[{"id":10795,"href":"https:\/\/curriculum.nbed.ca\/fr\/wp-json\/wp\/v2\/pages\/10755\/revisions\/10795"}],"up":[{"embeddable":true,"href":"https:\/\/curriculum.nbed.ca\/fr\/wp-json\/wp\/v2\/pages\/2521"}],"wp:attachment":[{"href":"https:\/\/curriculum.nbed.ca\/fr\/wp-json\/wp\/v2\/media?parent=10755"}],"curies":[{"name":"wp","href":"https:\/\/api.w.org\/{rel}","templated":true}]}}