{"id":10732,"date":"2023-04-03T14:52:17","date_gmt":"2023-04-03T14:52:17","guid":{"rendered":"https:\/\/curriculum.nbed.ca\/domaines-dapprentissage\/secondaire\/mieux-etre-education-physique\/introduction-to-kinesiology-120\/"},"modified":"2025-08-27T13:47:40","modified_gmt":"2025-08-27T13:47:40","slug":"introduction-a-la-kinesiologie-120","status":"publish","type":"page","link":"https:\/\/curriculum.nbed.ca\/fr\/domaines-dapprentissage\/secondaire\/mieux-etre-education-physique\/introduction-a-la-kinesiologie-120\/","title":{"rendered":"Introduction \u00e0 la kin\u00e9siologie\u00a0120"},"content":{"rendered":"<div class=\"g-container\">\n<p>Le cours Introduction \u00e0 la kin\u00e9siologie\u00a0120 vise \u00e0 fournir une base solide d\u2019exp\u00e9rience et de compr\u00e9hension des aspects th\u00e9oriques et pratiques de la kin\u00e9siologie. Les personnes apprenantes participent \u00e0 des activit\u00e9s p\u00e9dagogiques pratiques, exploratoires et collaboratives, notamment en groupe et en laboratoire, abordant une vari\u00e9t\u00e9 de sujets\u00a0: histoire de l\u2019activit\u00e9 physique et des \u00e9v\u00e9nements sportifs, questions \u00e9thiques, savoir-faire physique, anatomie, physiologie, performance humaine, biom\u00e9canique, pr\u00e9vention et traitement des blessures sportives, etc. On les encourage \u00e0 adopter des comportements respectueux, \u00e9thiques, inclusifs et s\u00e9curitaires dans divers milieux d\u2019apprentissage. \u00a0Ce cours s\u2019adresse aux personnes souhaitant approfondir leurs connaissances en kin\u00e9siologie et d\u00e9couvrir divers domaines de carri\u00e8re, tels que l\u2019\u00e9ducation physique, l\u2019\u00e9ducation \u00e0 la sant\u00e9, la physioth\u00e9rapie, la th\u00e9rapie du sport, les soins infirmiers, l\u2019entra\u00eenement sportif, la gestion du sport ainsi que les loisirs et la r\u00e9cr\u00e9ation.<\/p>\n<\/div>\n\n<div class=\"g-container\">\n<p class=\"has-white-color has-text-color has-background has-link-color wp-elements-1a085742a1bbd9f0d0be99dbaccc2637\" style=\"background:linear-gradient(135deg,rgb(1,105,96) 0%,rgb(255,255,255) 100%)\"><strong><strong><strong>Pour les \u00e9ducateurs.trices :<\/strong><\/strong><\/strong><\/p>\n<\/div>\n\n<div class=\"g-container\">\n<div class=\"wp-block-columns is-layout-flex wp-container-core-columns-is-layout-9d6595d7 wp-block-columns-is-layout-flex\">\n<div class=\"wp-block-column is-layout-flow wp-block-column-is-layout-flow\"><div class=\"g-container\">\n<p>Lignes directrices relatives \u00e0 la s\u00e9curit\u00e9 en \u00e9ducation physique :<\/p>\n<\/div>\n\n<div class=\"g-container\">\n<ul class=\"wp-block-list\">\n<li><a href=\"https:\/\/www2.gnb.ca\/content\/dam\/gnb\/Departments\/ed\/pdf\/K12\/curric\/Health-PhysicalEducation\/SafetyGuidelinesSecondaryCurricular.pdf\" target=\"_blank\" rel=\"noreferrer noopener\">Curricular<\/a>&nbsp;(anglais seulement)<\/li>\n\n\n\n<li><a href=\"https:\/\/www2.gnb.ca\/content\/dam\/gnb\/Departments\/ed\/pdf\/K12\/curric\/Health-PhysicalEducation\/SafetyGuidelinesSecondaryIntramural.pdf\" target=\"_blank\" rel=\"noreferrer noopener\">Intramural<\/a>&nbsp;(anglais seulement)<\/li>\n\n\n\n<li><a href=\"https:\/\/www2.gnb.ca\/content\/dam\/gnb\/Departments\/ed\/pdf\/K12\/curric\/Health-PhysicalEducation\/SafetyGuidelinesSecondaryInterschoolAthletics.pdf\" target=\"_blank\" rel=\"noreferrer noopener\">Interschool<\/a>&nbsp;(anglais seulement)<\/li>\n<\/ul>\n<\/div><\/div>\n\n\n\n<div class=\"wp-block-column is-layout-flow wp-block-column-is-layout-flow\"><\/div>\n<\/div>\n<\/div>","protected":false},"excerpt":{"rendered":"<p>Le cours Introduction \u00e0 la kin\u00e9siologie\u00a0120 vise \u00e0 fournir une base solide d\u2019exp\u00e9rience et de compr\u00e9hension des aspects th\u00e9oriques et pratiques de la kin\u00e9siologie. Les personnes apprenantes participent \u00e0 des activit\u00e9s p\u00e9dagogiques pratiques, exploratoires et collaboratives, notamment en groupe et en laboratoire, abordant une vari\u00e9t\u00e9 de sujets\u00a0: histoire de l\u2019activit\u00e9 physique et des \u00e9v\u00e9nements sportifs, [&hellip;]<\/p>\n","protected":false},"author":8,"featured_media":0,"parent":2521,"menu_order":0,"comment_status":"closed","ping_status":"closed","template":"pages\/template-subject.php","meta":{"_acf_changed":false,"footnotes":""},"class_list":["post-10732","page","type-page","status-publish","hentry"],"acf":[],"_links":{"self":[{"href":"https:\/\/curriculum.nbed.ca\/fr\/wp-json\/wp\/v2\/pages\/10732","targetHints":{"allow":["GET"]}}],"collection":[{"href":"https:\/\/curriculum.nbed.ca\/fr\/wp-json\/wp\/v2\/pages"}],"about":[{"href":"https:\/\/curriculum.nbed.ca\/fr\/wp-json\/wp\/v2\/types\/page"}],"author":[{"embeddable":true,"href":"https:\/\/curriculum.nbed.ca\/fr\/wp-json\/wp\/v2\/users\/8"}],"replies":[{"embeddable":true,"href":"https:\/\/curriculum.nbed.ca\/fr\/wp-json\/wp\/v2\/comments?post=10732"}],"version-history":[{"count":4,"href":"https:\/\/curriculum.nbed.ca\/fr\/wp-json\/wp\/v2\/pages\/10732\/revisions"}],"predecessor-version":[{"id":10739,"href":"https:\/\/curriculum.nbed.ca\/fr\/wp-json\/wp\/v2\/pages\/10732\/revisions\/10739"}],"up":[{"embeddable":true,"href":"https:\/\/curriculum.nbed.ca\/fr\/wp-json\/wp\/v2\/pages\/2521"}],"wp:attachment":[{"href":"https:\/\/curriculum.nbed.ca\/fr\/wp-json\/wp\/v2\/media?parent=10732"}],"curies":[{"name":"wp","href":"https:\/\/api.w.org\/{rel}","templated":true}]}}