{"id":10718,"date":"2023-04-03T14:52:17","date_gmt":"2023-04-03T14:52:17","guid":{"rendered":"https:\/\/curriculum.nbed.ca\/domaines-dapprentissage\/secondaire\/mieux-etre-education-physique\/advanced-training-principles-120\/"},"modified":"2025-08-26T18:23:58","modified_gmt":"2025-08-26T18:23:58","slug":"principes-avances-dentrainement-120","status":"publish","type":"page","link":"https:\/\/curriculum.nbed.ca\/fr\/domaines-dapprentissage\/secondaire\/mieux-etre-education-physique\/principes-avances-dentrainement-120\/","title":{"rendered":"Principes avanc\u00e9s d\u2019entra\u00eenement\u00a0120"},"content":{"rendered":"<div class=\"g-container\">\n<p>Le cours Principes avanc\u00e9s d\u2019entra\u00eenement\u00a0120 est con\u00e7u pour aider les personnes apprenantes \u00e0 acqu\u00e9rir une exp\u00e9rience th\u00e9orique et pratique de la physiologie de l\u2019exercice. Il vise \u00e0 am\u00e9liorer la planification et la mise en \u0153uvre de programmes d\u2019entra\u00eenement personnalis\u00e9s, tout en favorisant l\u2019am\u00e9lioration de la sant\u00e9 et du bien-\u00eatre des individus. Gr\u00e2ce \u00e0 un entra\u00eenement quotidien, les personnes apprenantes exploreront les principes appliqu\u00e9s de la physiologie de l\u2019exercice, les mouvements fonctionnels, ainsi que les comp\u00e9tences techniques et d\u2019\u00e9valuation associ\u00e9es \u00e0 un large \u00e9ventail de m\u00e9thodes d\u2019entra\u00eenement. Les personnes apprenantes s\u2019approprieront des pratiques p\u00e9dagogiques stimulantes et participeront \u00e0 des activit\u00e9s de groupe. Elles adopteront des comportements respectueux, \u00e9thiques et s\u00e9curitaires dans le cadre du cours. . Les sujets abord\u00e9s dans le cours comprennent les fondements de la sant\u00e9 et du bien-\u00eatre, la nutrition, le conditionnement physique, les syst\u00e8mes humains, les carri\u00e8res li\u00e9es au domaine, les programmes d\u2019entra\u00eenement et l\u2019\u00e9valuation.<\/p>\n<\/div>\n\n<div class=\"g-container\">\n<p class=\"has-white-color has-text-color has-background has-link-color wp-elements-eae80a5b11007b2cf7834f5ca31bf54c\" style=\"background:linear-gradient(135deg,rgb(1,105,96) 0%,rgb(255,255,255) 100%)\"><strong><strong>Pour les \u00e9ducateurs.trices :<\/strong><\/strong><\/p>\n<\/div>\n\n<div class=\"g-container\">\n<div class=\"wp-block-columns is-layout-flex wp-container-core-columns-is-layout-9d6595d7 wp-block-columns-is-layout-flex\">\n<div class=\"wp-block-column is-layout-flow wp-block-column-is-layout-flow\"><div class=\"g-container\">\n<p>Lignes directrices relatives \u00e0 la s\u00e9curit\u00e9 en \u00e9ducation physique :<\/p>\n<\/div>\n\n<div class=\"g-container\">\n<ul class=\"wp-block-list\">\n<li><a href=\"https:\/\/www2.gnb.ca\/content\/dam\/gnb\/Departments\/ed\/pdf\/K12\/curric\/Health-PhysicalEducation\/SafetyGuidelinesSecondaryCurricular.pdf\" target=\"_blank\" rel=\"noreferrer noopener\">Curricular<\/a>&nbsp;(anglais seulement)<\/li>\n\n\n\n<li><a href=\"https:\/\/www2.gnb.ca\/content\/dam\/gnb\/Departments\/ed\/pdf\/K12\/curric\/Health-PhysicalEducation\/SafetyGuidelinesSecondaryIntramural.pdf\" target=\"_blank\" rel=\"noreferrer noopener\">Intramural<\/a>&nbsp;(anglais seulement)<\/li>\n\n\n\n<li><a href=\"https:\/\/www2.gnb.ca\/content\/dam\/gnb\/Departments\/ed\/pdf\/K12\/curric\/Health-PhysicalEducation\/SafetyGuidelinesSecondaryInterschoolAthletics.pdf\" target=\"_blank\" rel=\"noreferrer noopener\">Interschool<\/a>&nbsp;(anglais seulement)<\/li>\n<\/ul>\n<\/div><\/div>\n\n\n\n<div class=\"wp-block-column is-layout-flow wp-block-column-is-layout-flow\"><\/div>\n<\/div>\n<\/div>\n\n<div class=\"g-container\">\n<p><\/p>\n<\/div>","protected":false},"excerpt":{"rendered":"<p>Le cours Principes avanc\u00e9s d\u2019entra\u00eenement\u00a0120 est con\u00e7u pour aider les personnes apprenantes \u00e0 acqu\u00e9rir une exp\u00e9rience th\u00e9orique et pratique de la physiologie de l\u2019exercice. Il vise \u00e0 am\u00e9liorer la planification et la mise en \u0153uvre de programmes d\u2019entra\u00eenement personnalis\u00e9s, tout en favorisant l\u2019am\u00e9lioration de la sant\u00e9 et du bien-\u00eatre des individus. Gr\u00e2ce \u00e0 un entra\u00eenement [&hellip;]<\/p>\n","protected":false},"author":8,"featured_media":0,"parent":2521,"menu_order":0,"comment_status":"closed","ping_status":"closed","template":"pages\/template-subject.php","meta":{"_acf_changed":false,"footnotes":""},"class_list":["post-10718","page","type-page","status-publish","hentry"],"acf":[],"_links":{"self":[{"href":"https:\/\/curriculum.nbed.ca\/fr\/wp-json\/wp\/v2\/pages\/10718","targetHints":{"allow":["GET"]}}],"collection":[{"href":"https:\/\/curriculum.nbed.ca\/fr\/wp-json\/wp\/v2\/pages"}],"about":[{"href":"https:\/\/curriculum.nbed.ca\/fr\/wp-json\/wp\/v2\/types\/page"}],"author":[{"embeddable":true,"href":"https:\/\/curriculum.nbed.ca\/fr\/wp-json\/wp\/v2\/users\/8"}],"replies":[{"embeddable":true,"href":"https:\/\/curriculum.nbed.ca\/fr\/wp-json\/wp\/v2\/comments?post=10718"}],"version-history":[{"count":4,"href":"https:\/\/curriculum.nbed.ca\/fr\/wp-json\/wp\/v2\/pages\/10718\/revisions"}],"predecessor-version":[{"id":10723,"href":"https:\/\/curriculum.nbed.ca\/fr\/wp-json\/wp\/v2\/pages\/10718\/revisions\/10723"}],"up":[{"embeddable":true,"href":"https:\/\/curriculum.nbed.ca\/fr\/wp-json\/wp\/v2\/pages\/2521"}],"wp:attachment":[{"href":"https:\/\/curriculum.nbed.ca\/fr\/wp-json\/wp\/v2\/media?parent=10718"}],"curies":[{"name":"wp","href":"https:\/\/api.w.org\/{rel}","templated":true}]}}