{"id":10683,"date":"2023-04-03T14:52:17","date_gmt":"2023-04-03T14:52:17","guid":{"rendered":"https:\/\/curriculum.nbed.ca\/domaines-dapprentissage\/secondaire\/mieux-etre-education-physique\/dance-110\/"},"modified":"2025-08-25T17:19:41","modified_gmt":"2025-08-25T17:19:41","slug":"danse-110","status":"publish","type":"page","link":"https:\/\/curriculum.nbed.ca\/fr\/domaines-dapprentissage\/secondaire\/mieux-etre-education-physique\/danse-110\/","title":{"rendered":"Danse 110"},"content":{"rendered":"<div class=\"g-container\">\n<p>Le cours Danse\u00a0110 est con\u00e7u pour aider les personnes apprenantes \u00e0 s\u2019exprimer par l\u2019art de la danse. Gr\u00e2ce \u00e0 un travail cr\u00e9atif pouss\u00e9 en danse, les personnes apprenantes auront l\u2019occasion d\u2019explorer des comp\u00e9tences techniques et cr\u00e9atives dans un large \u00e9ventail de styles de danse (jazz, claquettes, hip-hop, ballet, contemporain, etc.). Le cours leur permettra de vivre des exp\u00e9riences vari\u00e9es, m\u00ealant cr\u00e9ation, collaboration, expression sc\u00e9nique et participation \u00e0 des pratiques p\u00e9dagogiques et activit\u00e9s de groupes dynamiques. L\u2019accent est mis sur la cr\u00e9ation et l\u2019introduction de la danse dans diverses formes de chor\u00e9graphie. Ces danses peuvent prendre de nombreuses formes et se nourrir de diverses sources, notamment la musique, la litt\u00e9rature, le th\u00e9\u00e2tre ou les arts visuels. Les personnes apprenantes adopteront des comportements respectueux, inclusifs, \u00e9thiques et s\u00e9curitaires dans le cadre du pr\u00e9sent cours, qui abordera notamment l\u2019histoire de la danse, les techniques, les \u00e9l\u00e9ments du mouvement et de la production, la cr\u00e9ation chor\u00e9graphique, les liens avec les carri\u00e8res en danse ainsi que la performance artistique. Ce cours s\u2019adresse aux personnes apprenantes qui souhaitent en savoir plus sur le mouvement par la danse et \u00e0 celles qui ont d\u00e9j\u00e0 une exp\u00e9rience de la danse.\u00a0<\/p>\n<\/div>\n\n<div class=\"g-container\">\n<p class=\"has-white-color has-text-color has-background has-link-color wp-elements-1a085742a1bbd9f0d0be99dbaccc2637\" style=\"background:linear-gradient(135deg,rgb(1,105,96) 0%,rgb(255,255,255) 100%)\"><strong><strong><strong>Pour les \u00e9ducateurs.trices :<\/strong><\/strong><\/strong><\/p>\n<\/div>\n\n<div class=\"g-container\">\n<div class=\"wp-block-columns is-layout-flex wp-container-core-columns-is-layout-9d6595d7 wp-block-columns-is-layout-flex\">\n<div class=\"wp-block-column is-layout-flow wp-block-column-is-layout-flow\"><div class=\"g-container\">\n<p>Lignes directrices relatives \u00e0 la s\u00e9curit\u00e9 en \u00e9ducation physique :<\/p>\n<\/div>\n\n<div class=\"g-container\">\n<ul class=\"wp-block-list\">\n<li><a href=\"https:\/\/www2.gnb.ca\/content\/dam\/gnb\/Departments\/ed\/pdf\/K12\/curric\/Health-PhysicalEducation\/SafetyGuidelinesSecondaryCurricular.pdf\" target=\"_blank\" rel=\"noreferrer noopener\">Curricular<\/a>&nbsp;(anglais seulement)<\/li>\n\n\n\n<li><a href=\"https:\/\/www2.gnb.ca\/content\/dam\/gnb\/Departments\/ed\/pdf\/K12\/curric\/Health-PhysicalEducation\/SafetyGuidelinesSecondaryIntramural.pdf\" target=\"_blank\" rel=\"noreferrer noopener\">Intramural<\/a>&nbsp;(anglais seulement)<\/li>\n\n\n\n<li><a href=\"https:\/\/www2.gnb.ca\/content\/dam\/gnb\/Departments\/ed\/pdf\/K12\/curric\/Health-PhysicalEducation\/SafetyGuidelinesSecondaryInterschoolAthletics.pdf\" target=\"_blank\" rel=\"noreferrer noopener\">Interschool<\/a>&nbsp;(anglais seulement)<\/li>\n<\/ul>\n<\/div><\/div>\n\n\n\n<div class=\"wp-block-column is-layout-flow wp-block-column-is-layout-flow\"><\/div>\n<\/div>\n<\/div>","protected":false},"excerpt":{"rendered":"<p>Le cours Danse\u00a0110 est con\u00e7u pour aider les personnes apprenantes \u00e0 s\u2019exprimer par l\u2019art de la danse. Gr\u00e2ce \u00e0 un travail cr\u00e9atif pouss\u00e9 en danse, les personnes apprenantes auront l\u2019occasion d\u2019explorer des comp\u00e9tences techniques et cr\u00e9atives dans un large \u00e9ventail de styles de danse (jazz, claquettes, hip-hop, ballet, contemporain, etc.). Le cours leur permettra de [&hellip;]<\/p>\n","protected":false},"author":8,"featured_media":0,"parent":2521,"menu_order":0,"comment_status":"closed","ping_status":"closed","template":"pages\/template-subject.php","meta":{"_acf_changed":false,"footnotes":""},"class_list":["post-10683","page","type-page","status-publish","hentry"],"acf":[],"_links":{"self":[{"href":"https:\/\/curriculum.nbed.ca\/fr\/wp-json\/wp\/v2\/pages\/10683","targetHints":{"allow":["GET"]}}],"collection":[{"href":"https:\/\/curriculum.nbed.ca\/fr\/wp-json\/wp\/v2\/pages"}],"about":[{"href":"https:\/\/curriculum.nbed.ca\/fr\/wp-json\/wp\/v2\/types\/page"}],"author":[{"embeddable":true,"href":"https:\/\/curriculum.nbed.ca\/fr\/wp-json\/wp\/v2\/users\/8"}],"replies":[{"embeddable":true,"href":"https:\/\/curriculum.nbed.ca\/fr\/wp-json\/wp\/v2\/comments?post=10683"}],"version-history":[{"count":5,"href":"https:\/\/curriculum.nbed.ca\/fr\/wp-json\/wp\/v2\/pages\/10683\/revisions"}],"predecessor-version":[{"id":10691,"href":"https:\/\/curriculum.nbed.ca\/fr\/wp-json\/wp\/v2\/pages\/10683\/revisions\/10691"}],"up":[{"embeddable":true,"href":"https:\/\/curriculum.nbed.ca\/fr\/wp-json\/wp\/v2\/pages\/2521"}],"wp:attachment":[{"href":"https:\/\/curriculum.nbed.ca\/fr\/wp-json\/wp\/v2\/media?parent=10683"}],"curies":[{"name":"wp","href":"https:\/\/api.w.org\/{rel}","templated":true}]}}