{"id":10181,"date":"2025-06-24T19:50:48","date_gmt":"2025-06-24T19:50:48","guid":{"rendered":"https:\/\/curriculum.nbed.ca\/domaines-dapprentissage\/secondaire\/langues-et-arts-de-la-langue\/childrens-literature-120\/"},"modified":"2025-06-25T19:51:44","modified_gmt":"2025-06-25T19:51:44","slug":"litterature-de-jeunesse-120","status":"publish","type":"page","link":"https:\/\/curriculum.nbed.ca\/fr\/domaines-dapprentissage\/secondaire\/langues-et-arts-de-la-langue\/litterature-de-jeunesse-120\/","title":{"rendered":"Litt\u00e9rature de jeunesse\u00a0120"},"content":{"rendered":"<div class=\"g-container\">\n<p>Le cours Litt\u00e9rature de jeunesse&nbsp;120 offre aux apprenants la possibilit\u00e9 d\u2019explorer l\u2019\u00e9volution de la litt\u00e9rature de jeunesse, de comprendre l\u2019impact profond de la repr\u00e9sentation et d\u2019analyser les diff\u00e9rents genres, afin de r\u00e9pondre \u00e0 la question essentielle&nbsp;: pourquoi la litt\u00e9rature de jeunesse est-elle importante?<\/p>\n<\/div>\n\n<div class=\"g-container\">\n<p>Les apprenants prendront part \u00e0 des discussions importantes sur les consid\u00e9rations \u00e9thiques entourant la litt\u00e9rature de jeunesse, en cherchant \u00e0 comprendre comment les histoires peuvent promouvoir l\u2019empathie, la compr\u00e9hension et le sens de l\u2019identit\u00e9. Les \u00e9l\u00e9ments du cours sur la repr\u00e9sentation permettront aux apprenants de comprendre que chaque enfant m\u00e9rite d\u2019\u00eatre repr\u00e9sent\u00e9 dans les histoires qu\u2019il lit. Le dernier aspect du cours, ax\u00e9 sur la cr\u00e9ation et la communication, permet aux apprenants de d\u00e9montrer leur compr\u00e9hension d\u2019une mani\u00e8re qui refl\u00e8te leurs int\u00e9r\u00eats et leurs capacit\u00e9s, en encourageant des r\u00e9ponses cr\u00e9atives et analytiques au riche univers de la litt\u00e9rature de jeunesse.&nbsp;<\/p>\n<\/div>\n\n<div class=\"g-container\">\n<p><\/p>\n<\/div>","protected":false},"excerpt":{"rendered":"<p>Le cours Litt\u00e9rature de jeunesse&nbsp;120 offre aux apprenants la possibilit\u00e9 d\u2019explorer l\u2019\u00e9volution de la litt\u00e9rature de jeunesse, de comprendre l\u2019impact profond de la repr\u00e9sentation et d\u2019analyser les diff\u00e9rents genres, afin de r\u00e9pondre \u00e0 la question essentielle&nbsp;: pourquoi la litt\u00e9rature de jeunesse est-elle importante? Les apprenants prendront part \u00e0 des discussions importantes sur les consid\u00e9rations \u00e9thiques [&hellip;]<\/p>\n","protected":false},"author":8,"featured_media":0,"parent":2464,"menu_order":0,"comment_status":"closed","ping_status":"closed","template":"pages\/template-subject.php","meta":{"_acf_changed":false,"footnotes":""},"class_list":["post-10181","page","type-page","status-publish","hentry"],"acf":[],"_links":{"self":[{"href":"https:\/\/curriculum.nbed.ca\/fr\/wp-json\/wp\/v2\/pages\/10181","targetHints":{"allow":["GET"]}}],"collection":[{"href":"https:\/\/curriculum.nbed.ca\/fr\/wp-json\/wp\/v2\/pages"}],"about":[{"href":"https:\/\/curriculum.nbed.ca\/fr\/wp-json\/wp\/v2\/types\/page"}],"author":[{"embeddable":true,"href":"https:\/\/curriculum.nbed.ca\/fr\/wp-json\/wp\/v2\/users\/8"}],"replies":[{"embeddable":true,"href":"https:\/\/curriculum.nbed.ca\/fr\/wp-json\/wp\/v2\/comments?post=10181"}],"version-history":[{"count":2,"href":"https:\/\/curriculum.nbed.ca\/fr\/wp-json\/wp\/v2\/pages\/10181\/revisions"}],"predecessor-version":[{"id":10184,"href":"https:\/\/curriculum.nbed.ca\/fr\/wp-json\/wp\/v2\/pages\/10181\/revisions\/10184"}],"up":[{"embeddable":true,"href":"https:\/\/curriculum.nbed.ca\/fr\/wp-json\/wp\/v2\/pages\/2464"}],"wp:attachment":[{"href":"https:\/\/curriculum.nbed.ca\/fr\/wp-json\/wp\/v2\/media?parent=10181"}],"curies":[{"name":"wp","href":"https:\/\/api.w.org\/{rel}","templated":true}]}}