{"id":10147,"date":"2025-06-24T19:50:48","date_gmt":"2025-06-24T19:50:48","guid":{"rendered":"https:\/\/curriculum.nbed.ca\/?page_id=10147"},"modified":"2025-06-24T20:47:45","modified_gmt":"2025-06-24T20:47:45","slug":"roman-graphique-120","status":"publish","type":"page","link":"https:\/\/curriculum.nbed.ca\/fr\/domaines-dapprentissage\/secondaire\/langues-et-arts-de-la-langue\/roman-graphique-120\/","title":{"rendered":"Roman graphique\u00a0120"},"content":{"rendered":"<div class=\"g-container\">\n<p>Le cours Roman graphique\u00a0120 offrira aux apprenants une occasion unique d\u2019explorer en profondeur ce genre complexe de narration visuelle. Le cours \u00e9tudiera le roman graphique et passera en revue l\u2019\u00e9volution de la narration visuelle, la structure du texte, la voix artistique, les techniques artistiques et l\u2019impact sur le lectorat. Les apprenants proc\u00e8deront \u00e0 la lecture, \u00e0 la discussion et \u00e0 la conception de divers textes visuels, ce qui leur permettra de mieux comprendre les choix faits dans la narration visuelle.<\/p>\n<\/div>\n\n<div class=\"g-container\">\n<p class=\"has-white-color has-text-color has-background has-link-color wp-elements-eae80a5b11007b2cf7834f5ca31bf54c\" style=\"background:linear-gradient(135deg,rgb(1,105,96) 0%,rgb(255,255,255) 100%)\"><strong><strong>Pour les \u00e9ducateurs.trices :<\/strong><\/strong><\/p>\n<\/div>\n\n<div class=\"g-container\">\n<div style=\"height:37px\" aria-hidden=\"true\" class=\"wp-block-spacer\"><\/div>\n<\/div>","protected":false},"excerpt":{"rendered":"<p>Le cours Roman graphique\u00a0120 offrira aux apprenants une occasion unique d\u2019explorer en profondeur ce genre complexe de narration visuelle. Le cours \u00e9tudiera le roman graphique et passera en revue l\u2019\u00e9volution de la narration visuelle, la structure du texte, la voix artistique, les techniques artistiques et l\u2019impact sur le lectorat. Les apprenants proc\u00e8deront \u00e0 la lecture, [&hellip;]<\/p>\n","protected":false},"author":8,"featured_media":0,"parent":2464,"menu_order":0,"comment_status":"closed","ping_status":"closed","template":"pages\/template-subject.php","meta":{"_acf_changed":false,"footnotes":""},"class_list":["post-10147","page","type-page","status-publish","hentry"],"acf":[],"_links":{"self":[{"href":"https:\/\/curriculum.nbed.ca\/fr\/wp-json\/wp\/v2\/pages\/10147","targetHints":{"allow":["GET"]}}],"collection":[{"href":"https:\/\/curriculum.nbed.ca\/fr\/wp-json\/wp\/v2\/pages"}],"about":[{"href":"https:\/\/curriculum.nbed.ca\/fr\/wp-json\/wp\/v2\/types\/page"}],"author":[{"embeddable":true,"href":"https:\/\/curriculum.nbed.ca\/fr\/wp-json\/wp\/v2\/users\/8"}],"replies":[{"embeddable":true,"href":"https:\/\/curriculum.nbed.ca\/fr\/wp-json\/wp\/v2\/comments?post=10147"}],"version-history":[{"count":3,"href":"https:\/\/curriculum.nbed.ca\/fr\/wp-json\/wp\/v2\/pages\/10147\/revisions"}],"predecessor-version":[{"id":10150,"href":"https:\/\/curriculum.nbed.ca\/fr\/wp-json\/wp\/v2\/pages\/10147\/revisions\/10150"}],"up":[{"embeddable":true,"href":"https:\/\/curriculum.nbed.ca\/fr\/wp-json\/wp\/v2\/pages\/2464"}],"wp:attachment":[{"href":"https:\/\/curriculum.nbed.ca\/fr\/wp-json\/wp\/v2\/media?parent=10147"}],"curies":[{"name":"wp","href":"https:\/\/api.w.org\/{rel}","templated":true}]}}